
  {"id":10981,"date":"2020-11-06T10:44:22","date_gmt":"2020-11-06T09:44:22","guid":{"rendered":"https:\/\/cabasse.com\/?page_id=10981\/"},"modified":"2024-11-19T11:30:18","modified_gmt":"2024-11-19T10:30:18","slug":"georges-cabasse-figure-emblematique-de-lexception-hifi-francaise","status":"publish","type":"page","link":"https:\/\/www.cabasse.com\/fr\/georges-cabasse-figure-emblematique-de-lexception-hifi-francaise\/","title":{"rendered":"George Cabasse Figure Embl\u00e9matique de l&rsquo;exception Hifi Fran\u00e7aise"},"content":{"rendered":"<p>[et_pb_section fb_built=\u00a0\u00bb1&Prime; _builder_version=\u00a0\u00bb4.4.1&Prime; background_image=\u00a0\u00bbhttps:\/\/cabasse.com\/wp-content\/uploads\/2020\/11\/Cabasse_Georges_2019_2000x800c-1024&#215;410-1.jpg\u00a0\u00bb height=\u00a0\u00bb600px\u00a0\u00bb][et_pb_row _builder_version=\u00a0\u00bb4.4.1&Prime; custom_padding=\u00a0\u00bb105px|||||\u00a0\u00bb][et_pb_column type=\u00a0\u00bb4_4&Prime; _builder_version=\u00a0\u00bb4.4.1&Prime;][et_pb_text _builder_version=\u00a0\u00bb4.4.1&Prime; header_font=\u00a0\u00bb|300||on|||||\u00a0\u00bb header_font_size=\u00a0\u00bb40px\u00a0\u00bb]<\/p>\n<header>\n<div class=\"Hero Hero--center\">\n<div class=\"Hero-inner\">\n<h1 style=\"text-align: center;\"><span style=\"color: #ffffff;\">GEORGES CABASSE 1928 &#8211; 2019<\/span><\/h1>\n<\/div>\n<\/div>\n<\/header>\n<p>[\/et_pb_text][\/et_pb_column][\/et_pb_row][\/et_pb_section][et_pb_section fb_built=\u00a0\u00bb1&Prime; _builder_version=\u00a0\u00bb4.4.1&Prime; background_color=\u00a0\u00bb#000000&Prime; custom_padding=\u00a0\u00bb27px||27px||true|\u00a0\u00bb][et_pb_row _builder_version=\u00a0\u00bb4.4.1&Prime; custom_padding=\u00a0\u00bb5px||5px||true|\u00a0\u00bb][et_pb_column type=\u00a0\u00bb4_4&Prime; _builder_version=\u00a0\u00bb4.4.1&Prime;][et_pb_text _builder_version=\u00a0\u00bb4.4.1&Prime; header_2_font=\u00a0\u00bb|300||on|||||\u00a0\u00bb header_2_font_size=\u00a0\u00bb30px\u00a0\u00bb width=\u00a0\u00bb75%\u00a0\u00bb module_alignment=\u00a0\u00bbcenter\u00a0\u00bb]<\/p>\n<h2 class=\"ArticleHead-title\" style=\"text-align: justify;\"><span style=\"color: #ffffff;\">Georges Cabasse, figure embl\u00e9matique de l\u2019exception HiFi Fran\u00e7aise<\/span><\/h2>\n<p><span style=\"color: #ffffff;\"><\/span><\/p>\n<p class=\"ArticleHead-sub\" style=\"text-align: justify;\"><span style=\"color: #ffffff;\">Hommage au cr\u00e9ateur de Cabasse, au pr\u00e9curseur qu\u2019il a \u00e9t\u00e9, et \u00e0 l\u2019\u00e9ternel amoureux de musique.<\/span><\/p>\n<p class=\"ArticleHead-sub\" style=\"text-align: justify;\"><span style=\"color: #ffffff;\"><\/span><\/p>\n<div class=\"ArticleHead-text Text\">\n<p style=\"text-align: justify;\"><span style=\"color: #ffffff;\">Fondateur de Cabasse, entreprise fran\u00e7aise mondialement connue pour ses enceintes tr\u00e8s haute-fid\u00e9lit\u00e9, Georges Cabasse s\u2019est \u00e9teint vendredi 15 novembre \u00e0 l\u2019\u00e2ge de 91 ans. Guid\u00e9 d\u00e8s son plus jeune \u00e2ge par la passion de la musique et l\u2019envie de reproduire un son aussi fid\u00e8le que possible de la r\u00e9alit\u00e9, il inventa et d\u00e9veloppa la technologie des haut-parleurs coaxiaux qui font encore aujourd\u2019hui la r\u00e9putation de la marque en France et \u00e0 l\u2019international.<\/span><\/p>\n<\/div>\n<p>[\/et_pb_text][\/et_pb_column][\/et_pb_row][et_pb_row _builder_version=\u00a0\u00bb4.4.1&Prime;][et_pb_column type=\u00a0\u00bb4_4&Prime; _builder_version=\u00a0\u00bb4.4.1&Prime;][et_pb_image src=\u00a0\u00bbhttps:\/\/cabasse.com\/wp-content\/uploads\/2020\/11\/Cabasse_Georges_2019_2000x1000-1.jpg\u00a0\u00bb _builder_version=\u00a0\u00bb4.4.1&Prime; width=\u00a0\u00bb75%\u00a0\u00bb module_alignment=\u00a0\u00bbcenter\u00a0\u00bb][\/et_pb_image][\/et_pb_column][\/et_pb_row][et_pb_row _builder_version=\u00a0\u00bb4.4.1&Prime;][et_pb_column type=\u00a0\u00bb4_4&Prime; _builder_version=\u00a0\u00bb4.4.1&Prime;][et_pb_text _builder_version=\u00a0\u00bb4.4.1&Prime; text_text_color=\u00a0\u00bb#ffffff\u00a0\u00bb header_3_font=\u00a0\u00bb|300||on|||||\u00a0\u00bb header_3_font_size=\u00a0\u00bb30px\u00a0\u00bb width=\u00a0\u00bb75%\u00a0\u00bb module_alignment=\u00a0\u00bbcenter\u00a0\u00bb min_height=\u00a0\u00bb57px\u00a0\u00bb]<\/p>\n<h3 style=\"text-align: justify;\"><span style=\"color: #ffffff;\">Anim\u00e9 par le d\u00e9sir de restituer le son d\u2019un orchestre en conditions r\u00e9elles<\/span><\/h3>\n<p><span style=\"color: #ffffff;\"><\/span><\/p>\n<p style=\"text-align: justify;\"><span style=\"color: #ffffff;\">Issu de plusieurs g\u00e9n\u00e9rations d\u2019artisans luthiers fran\u00e7ais install\u00e9s dans les Vosges (depuis 1740), Georges Cabasse, musicien, se passionne d\u00e8s sa jeunesse pour la musique, assistant \u00e0 de nombreux concerts de piano qui d\u00e9veloppent chez lui une sensibilit\u00e9 extr\u00eame pour le son de qualit\u00e9 tel que celui produit par un orchestre. Apres des \u00e9tudes d\u2019ing\u00e9nieur en \u00e9lectricit\u00e9, il commence \u00e0 fabriquer des haut-parleurs et r\u00e9alise des enregistrements avec le souhait de reproduire le son le plus parfait possible.<\/span><\/p>\n<p style=\"text-align: justify;\"><span style=\"color: #ffffff;\"><\/span><\/p>\n<p style=\"text-align: justify;\"><span style=\"color: #ffffff;\">Avec son \u00e9pouse \u00c9lisabeth, il cr\u00e9\u00e9 en 1950 la Maison du Haut-Parleur \u00e0 Neuilly-sur-Marne, qui r\u00e9alise des r\u00e9parations et des \u00e9changes de haut-parleurs. Ses affaires d\u00e9marrent progressivement, elles vont bient\u00f4t prosp\u00e9rer avec la r\u00e9alisation de projets de sonorisation d\u2019envergure et la conception de premiers haut-parleurs innovants. Sa ligne directrice : offrir un son juste, sans aucune modification, sans la moindre distorsion ou coloration pour retrouver l\u2019\u00e9motion musicale originelle.<\/span><\/p>\n<p style=\"text-align: justify;\"><span style=\"color: #ffffff;\"><\/span><\/p>\n<h3 style=\"text-align: justify;\"><span style=\"color: #ffffff;\">Guid\u00e9e par l\u2019innovation, l\u2019entreprise Cabasse prend son envol<\/span><\/h3>\n<p><span style=\"color: #ffffff;\"><\/span><\/p>\n<p style=\"text-align: justify;\"><span style=\"color: #ffffff;\">Parmi les dates qui font l\u2019histoire de George Cabasse et de ces premi\u00e8res r\u00e9alisations qui marquent l\u2019histoire de la HiFi fran\u00e7aise :<\/span><\/p>\n<p style=\"text-align: justify;\"><span style=\"color: #ffffff;\"><\/span><\/p>\n<ul style=\"text-align: justify;\">\n<li><span style=\"color: #ffffff;\">1952 : la sonorisation du cin\u00e9ma le Grand Rex \u00e0 Paris, la premi\u00e8re salle de France \u00e9quip\u00e9e en Cin\u00e9mascope, pour laquelle il fabrique le Diphone, un haut-parleur coaxial de 36 cm (12 cm pour l\u2019aigu).<\/span><\/li>\n<li><span style=\"color: #ffffff;\">1958 : Cabasse con\u00e7oit la premi\u00e8re enceinte avec plusieurs amplificateurs int\u00e9gr\u00e9s. Adorant la mer, Georges Cabasse et son \u00e9pouse Elisabeth, installent l\u2019entreprise \u00e0 proximit\u00e9 de Brest puis font construire l\u2019une des plus grandes chambres sourdes du monde, pour r\u00e9aliser les tests n\u00e9cessaires \u00e0 la mise au point des enceintes.<\/span><\/li>\n<\/ul>\n<p style=\"text-align: justify;\"><span style=\"color: #ffffff;\">Les innovations se succ\u00e8dent entre partenariats d\u2019envergure et nouvelles s\u00e9ries d\u2019enceintes devenues embl\u00e9matiques :<\/span><\/p>\n<p style=\"text-align: justify;\"><span style=\"color: #ffffff;\"><\/span><\/p>\n<ul style=\"text-align: justify;\">\n<li><span style=\"color: #ffffff;\">1965 : Cabasse collabore avec la Marine nationale pour fabriquer des haut-parleurs sous-marins.<\/span><\/li>\n<li><span style=\"color: #ffffff;\">1974 : Cabasse con\u00e7oit les premi\u00e8res enceintes 3 voies actives Brigantin VTA er Galion 3VTA dans le cadre d\u2019un concours organis\u00e9 par la Maison de la Radio. Cabasse remporte le concours d\u2019\u00e9coutes \u00e0 l\u2019aveugle haut la main, et \u00e9quipe les studios Radio France pour une qualit\u00e9 de son qui fait r\u00e9f\u00e9rence.<\/span><\/li>\n<li><span style=\"color: #ffffff;\">1984 : Cabasse r\u00e9pond au d\u00e9fi de La G\u00e9ode, et \u00e9quipe le cin\u00e9ma \u00e0 l\u2019aide de clusters 4 voies et de filtres sp\u00e9ciaux, le tout formant 12 points de diffusion, plus 4 subwoofers (2 x 55 cm) pour un rendu exceptionnel qui fait encore merveille 30 ans plus tard.<\/span><\/li>\n<li><span style=\"color: #ffffff;\">1998 : Cabasse \u00e9quipe le porte-avions nucl\u00e9aire Charles de Gaulle avec 10 enceintes pavillon longue port\u00e9e r\u00e9parties sur l\u2019ilot du b\u00e2timent, permettant l\u2019\u00e9mission des ordres \u00e0 l\u2019\u00e9quipage avec une puissance acoustique pouvant atteindre jusqu\u2019\u00e0 136 dB.<\/span><\/li>\n<\/ul>\n<p><span style=\"color: #ffffff;\"><\/span><\/p>\n<p style=\"text-align: justify;\"><span style=\"color: #ffffff;\">A la recherche de mat\u00e9riaux et de technologies toujours plus performantes dans la constitution des haut-parleurs, le parcours de Georges Cabasse et de ses \u00e9quipes sera jalonn\u00e9 de nombreuses avanc\u00e9es tant en mati\u00e8re de technologies que de brevets, qui permettront par la suite \u00e0 la marque de lancer sur le march\u00e9 des enceintes tr\u00e8s haut de gamme, comme la mythique Sph\u00e8re, pur chef d\u2019\u0153uvre, qui fit l\u2019objet de toutes les attentions lors de son lancement au CES 2006, et qui pour tous ceux qui ont pu l\u2019\u00e9couter, marque les esprits tant par son design extr\u00eamement novateur que par la quintessence de la reproduction musicale\u2026<\/span><\/p>\n<p style=\"text-align: justify;\"><span style=\"color: #ffffff;\"><\/span><\/p>\n<p style=\"text-align: justify;\"><span style=\"color: #ffffff;\">Pr\u00e8s de 70 ans apr\u00e8s la cr\u00e9ation de l\u2019entreprise par Georges Cabasse, Alain Molinie, CEO du groupe AwoX-Cabasse, entend conserver les valeurs de la marque et cette exigence de la reproduction la plus fid\u00e8le du son originel, tout en l\u2019adaptant aux besoins actuels notamment dans une \u00e9coute de grande qualit\u00e9 des musiques d\u00e9mat\u00e9rialis\u00e9es:\u00a0<em>\u00ab Dans un univers musical en pleine mutation, Cabasse se doit d\u2019allier l\u2019excellence acoustique si ch\u00e8re \u00e0 Georges Cabasse \u00e0 l\u2019\u00e9volution des usages, afin de permettre aux audiophiles et aux nouvelles g\u00e9n\u00e9rations qui aiment la musique de ressentir toujours plus d\u2019\u00e9motions \u00bb<\/em>.<\/span><\/p>\n<p style=\"text-align: justify;\"><span style=\"color: #ffffff;\"><\/span><\/p>\n<p style=\"text-align: justify;\"><span style=\"color: #ffffff;\"><em>\u00ab Les \u00e9quipes Cabasse et AwoX, souhaitent \u00e9galement par la pr\u00e9sente, rendre hommage au cr\u00e9ateur de Cabasse, au pr\u00e9curseur qu\u2019il a \u00e9t\u00e9, et \u00e0 l\u2019\u00e9ternel amoureux de musique. \u00bb<\/em><\/span><\/p>\n<p style=\"text-align: justify;\"><span style=\"color: #ffffff;\"><em><\/em><\/span><\/p>\n<p style=\"text-align: justify;\"><span style=\"color: #ffffff;\">Un hommage sera rendu \u00e0 Georges Cabasse ce mardi, \u00e0 14h30, \u00e0 la salle de c\u00e9r\u00e9monie, 245, rue G\u00e9n\u00e9ral-Paulet, \u00e0 Brest.<\/span><\/p>\n<p>[\/et_pb_text][\/et_pb_column][\/et_pb_row][\/et_pb_section][et_pb_section fb_built=\u00a0\u00bb1&Prime; _builder_version=\u00a0\u00bb4.4.1&Prime; background_image=\u00a0\u00bbhttps:\/\/cabasse.com\/wp-content\/uploads\/2020\/04\/Cabasse-THE-PEARL-COLLECTION-lifestyle-5-1.jpg\u00a0\u00bb height=\u00a0\u00bb704px\u00a0\u00bb saved_tabs=\u00a0\u00bball\u00a0\u00bb][et_pb_row custom_padding_last_edited=\u00a0\u00bbon|phone\u00a0\u00bb _builder_version=\u00a0\u00bb4.4.1&Prime; background_color=\u00a0\u00bbrgba(0,0,0,0.62)\u00a0\u00bb use_background_color_gradient=\u00a0\u00bbon\u00a0\u00bb background_color_gradient_start=\u00a0\u00bbrgba(81,81,81,0)\u00a0\u00bb background_color_gradient_end=\u00a0\u00bbrgba(0,0,0,0)\u00a0\u00bb background_color_gradient_direction=\u00a0\u00bb89deg\u00a0\u00bb background_enable_image=\u00a0\u00bboff\u00a0\u00bb transform_origin=\u00a0\u00bb48%|62%\u00a0\u00bb width=\u00a0\u00bb50%\u00a0\u00bb width_tablet=\u00a0\u00bb\u00a0\u00bb width_phone=\u00a0\u00bb90%\u00a0\u00bb width_last_edited=\u00a0\u00bbon|phone\u00a0\u00bb custom_margin=\u00a0\u00bb||||false|false\u00a0\u00bb custom_padding=\u00a0\u00bb|17px||17px|false|true\u00a0\u00bb custom_padding_tablet=\u00a0\u00bb\u00a0\u00bb custom_padding_phone=\u00a0\u00bb|35px||35px|false|true\u00a0\u00bb animation_style=\u00a0\u00bbbounce\u00a0\u00bb box_shadow_style=\u00a0\u00bbpreset1&Prime;][et_pb_column type=\u00a0\u00bb4_4&Prime; _builder_version=\u00a0\u00bb4.4.1&Prime;][et_pb_text _builder_version=\u00a0\u00bb4.4.1&Prime; text_font=\u00a0\u00bbRoboto|100||on|||||\u00a0\u00bb text_font_size=\u00a0\u00bb30px\u00a0\u00bb text_orientation=\u00a0\u00bbcenter\u00a0\u00bb custom_padding=\u00a0\u00bb||0px|||\u00a0\u00bb]<\/p>\n<p style=\"text-align: center;\"><span style=\"color: #ffffff;\">Abonnez-vous \u00e0 notre Newsletter<\/span><\/p>\n<p>[\/et_pb_text][et_pb_code _builder_version=\u00a0\u00bb4.4.1&Prime; background_color=\u00a0\u00bbrgba(0,0,0,0)\u00a0\u00bb]\n<div class=\"wpcf7 no-js\" id=\"wpcf7-f5100-o1\" lang=\"fr-FR\" dir=\"ltr\" data-wpcf7-id=\"5100\">\n<div class=\"screen-reader-response\"><p role=\"status\" aria-live=\"polite\" aria-atomic=\"true\"><\/p> <ul><\/ul><\/div>\n<form action=\"\/fr\/wp-json\/wp\/v2\/pages\/10981#wpcf7-f5100-o1\" method=\"post\" class=\"wpcf7-form init\" aria-label=\"Formulaire de contact\" novalidate=\"novalidate\" data-status=\"init\">\n<fieldset class=\"hidden-fields-container\"><input type=\"hidden\" name=\"_wpcf7\" value=\"5100\" \/><input type=\"hidden\" name=\"_wpcf7_version\" value=\"6.1.5\" \/><input type=\"hidden\" name=\"_wpcf7_locale\" value=\"fr_FR\" \/><input type=\"hidden\" name=\"_wpcf7_unit_tag\" value=\"wpcf7-f5100-o1\" \/><input type=\"hidden\" name=\"_wpcf7_container_post\" value=\"0\" \/><input type=\"hidden\" name=\"_wpcf7_posted_data_hash\" value=\"\" \/><input type=\"hidden\" name=\"_wpcf7_recaptcha_response\" value=\"\" \/>\n<\/fieldset>\n<p><span class=\"wpcf7-form-control-wrap\" data-name=\"prenom\"><input size=\"40\" maxlength=\"400\" class=\"wpcf7-form-control wpcf7-text wpcf7-validates-as-required input-50\" aria-required=\"true\" aria-invalid=\"false\" placeholder=\"Pr\u00e9nom\" value=\"\" type=\"text\" name=\"prenom\" \/><\/span><span class=\"wpcf7-form-control-wrap\" data-name=\"your-name\"><input size=\"40\" maxlength=\"400\" class=\"wpcf7-form-control wpcf7-text wpcf7-validates-as-required input-50\" aria-required=\"true\" aria-invalid=\"false\" placeholder=\"Nom\" value=\"\" type=\"text\" name=\"your-name\" \/><\/span><br \/>\n<span class=\"wpcf7-form-control-wrap\" data-name=\"your-email\"><input size=\"40\" maxlength=\"400\" class=\"wpcf7-form-control wpcf7-email wpcf7-validates-as-required wpcf7-text wpcf7-validates-as-email input-100\" aria-required=\"true\" aria-invalid=\"false\" placeholder=\"E-mail\" value=\"\" type=\"email\" name=\"your-email\" \/><\/span><br \/>\n<input class=\"wpcf7-form-control wpcf7-submit has-spinner input-submit-100\" type=\"submit\" value=\"S&#039;abonner\" \/>\n<\/p><div class=\"wpcf7-response-output\" aria-hidden=\"true\"><\/div>\n<\/form>\n<\/div>\n[\/et_pb_code][\/et_pb_column][\/et_pb_row][\/et_pb_section]<\/p>\n","protected":false},"excerpt":{"rendered":"<p>GEORGES CABASSE 1928 &#8211; 2019 Georges Cabasse, figure embl\u00e9matique de l\u2019exception HiFi Fran\u00e7aise Hommage au cr\u00e9ateur de Cabasse, au pr\u00e9curseur qu\u2019il a \u00e9t\u00e9, et \u00e0 l\u2019\u00e9ternel amoureux de musique. Fondateur de Cabasse, entreprise fran\u00e7aise mondialement connue pour ses enceintes tr\u00e8s haute-fid\u00e9lit\u00e9, Georges Cabasse s\u2019est \u00e9teint vendredi 15 novembre \u00e0 l\u2019\u00e2ge de 91 ans. Guid\u00e9 d\u00e8s [&hellip;]<\/p>\n","protected":false},"author":20,"featured_media":0,"parent":0,"menu_order":0,"comment_status":"closed","ping_status":"closed","template":"","meta":{"_et_pb_use_builder":"on","_et_pb_old_content":"","_et_gb_content_width":"1080","footnotes":""},"class_list":["post-10981","page","type-page","status-publish","hentry"],"yoast_head":"<!-- This site is optimized with the Yoast SEO plugin v27.3 - https:\/\/yoast.com\/product\/yoast-seo-wordpress\/ -->\n<title>George Cabasse Figure Embl\u00e9matique de l&#039;exception Hifi Fran\u00e7aise - Cabasse<\/title>\n<meta name=\"robots\" content=\"index, follow, max-snippet:-1, max-image-preview:large, max-video-preview:-1\" \/>\n<link rel=\"canonical\" href=\"https:\/\/www.cabasse.com\/fr\/georges-cabasse-figure-emblematique-de-lexception-hifi-francaise\/\" \/>\n<meta property=\"og:locale\" content=\"fr_FR\" \/>\n<meta property=\"og:type\" content=\"article\" \/>\n<meta property=\"og:title\" content=\"George Cabasse Figure Embl\u00e9matique de l&#039;exception Hifi Fran\u00e7aise - Cabasse\" \/>\n<meta property=\"og:description\" content=\"GEORGES CABASSE 1928 - 2019 Georges Cabasse, figure embl\u00e9matique de l\u2019exception HiFi Fran\u00e7aise Hommage au cr\u00e9ateur de Cabasse, au pr\u00e9curseur qu\u2019il a \u00e9t\u00e9, et \u00e0 l\u2019\u00e9ternel amoureux de musique. Fondateur de Cabasse, entreprise fran\u00e7aise mondialement connue pour ses enceintes tr\u00e8s haute-fid\u00e9lit\u00e9, Georges Cabasse s\u2019est \u00e9teint vendredi 15 novembre \u00e0 l\u2019\u00e2ge de 91 ans. Guid\u00e9 d\u00e8s [&hellip;]\" \/>\n<meta property=\"og:url\" content=\"https:\/\/www.cabasse.com\/fr\/georges-cabasse-figure-emblematique-de-lexception-hifi-francaise\/\" \/>\n<meta property=\"og:site_name\" content=\"Cabasse\" \/>\n<meta property=\"article:publisher\" content=\"https:\/\/www.facebook.com\/cabasseofficiel\" \/>\n<meta property=\"article:modified_time\" content=\"2024-11-19T10:30:18+00:00\" \/>\n<meta property=\"og:image\" content=\"https:\/\/www.cabasse.com\/wp-content\/uploads\/2021\/04\/Pack_lifestyle2_SANTORIN25_iO3_optimise.jpg\" \/>\n\t<meta property=\"og:image:width\" content=\"1063\" \/>\n\t<meta property=\"og:image:height\" content=\"709\" \/>\n\t<meta property=\"og:image:type\" content=\"image\/jpeg\" \/>\n<meta name=\"twitter:card\" content=\"summary_large_image\" \/>\n<meta name=\"twitter:site\" content=\"@CabasseFR\" \/>\n<meta name=\"twitter:label1\" content=\"Dur\u00e9e de lecture estim\u00e9e\" \/>\n\t<meta name=\"twitter:data1\" content=\"6 minutes\" \/>\n<script type=\"application\/ld+json\" class=\"yoast-schema-graph\">{\"@context\":\"https:\\\/\\\/schema.org\",\"@graph\":[{\"@type\":\"WebPage\",\"@id\":\"https:\\\/\\\/www.cabasse.com\\\/fr\\\/georges-cabasse-figure-emblematique-de-lexception-hifi-francaise\\\/\",\"url\":\"https:\\\/\\\/www.cabasse.com\\\/fr\\\/georges-cabasse-figure-emblematique-de-lexception-hifi-francaise\\\/\",\"name\":\"George Cabasse Figure Embl\u00e9matique de l'exception Hifi Fran\u00e7aise - Cabasse\",\"isPartOf\":{\"@id\":\"https:\\\/\\\/www.cabasse.com\\\/#website\"},\"datePublished\":\"2020-11-06T09:44:22+00:00\",\"dateModified\":\"2024-11-19T10:30:18+00:00\",\"breadcrumb\":{\"@id\":\"https:\\\/\\\/www.cabasse.com\\\/fr\\\/georges-cabasse-figure-emblematique-de-lexception-hifi-francaise\\\/#breadcrumb\"},\"inLanguage\":\"fr-FR\",\"potentialAction\":[{\"@type\":\"ReadAction\",\"target\":[\"https:\\\/\\\/www.cabasse.com\\\/fr\\\/georges-cabasse-figure-emblematique-de-lexception-hifi-francaise\\\/\"]}]},{\"@type\":\"BreadcrumbList\",\"@id\":\"https:\\\/\\\/www.cabasse.com\\\/fr\\\/georges-cabasse-figure-emblematique-de-lexception-hifi-francaise\\\/#breadcrumb\",\"itemListElement\":[{\"@type\":\"ListItem\",\"position\":1,\"name\":\"Accueil\",\"item\":\"https:\\\/\\\/www.cabasse.com\\\/\"},{\"@type\":\"ListItem\",\"position\":2,\"name\":\"George Cabasse Figure Embl\u00e9matique de l&#8217;exception Hifi Fran\u00e7aise\"}]},{\"@type\":\"WebSite\",\"@id\":\"https:\\\/\\\/www.cabasse.com\\\/#website\",\"url\":\"https:\\\/\\\/www.cabasse.com\\\/\",\"name\":\"Cabasse\",\"description\":\"Cabasse - Acoustic Emotions\",\"publisher\":{\"@id\":\"https:\\\/\\\/www.cabasse.com\\\/#organization\"},\"potentialAction\":[{\"@type\":\"SearchAction\",\"target\":{\"@type\":\"EntryPoint\",\"urlTemplate\":\"https:\\\/\\\/www.cabasse.com\\\/?s={search_term_string}\"},\"query-input\":{\"@type\":\"PropertyValueSpecification\",\"valueRequired\":true,\"valueName\":\"search_term_string\"}}],\"inLanguage\":\"fr-FR\"},{\"@type\":\"Organization\",\"@id\":\"https:\\\/\\\/www.cabasse.com\\\/#organization\",\"name\":\"Cabasse\",\"url\":\"https:\\\/\\\/www.cabasse.com\\\/\",\"logo\":{\"@type\":\"ImageObject\",\"inLanguage\":\"fr-FR\",\"@id\":\"https:\\\/\\\/www.cabasse.com\\\/#\\\/schema\\\/logo\\\/image\\\/\",\"url\":\"https:\\\/\\\/www.cabasse.com\\\/wp-content\\\/uploads\\\/2020\\\/04\\\/cropped-cabasse-logo-192x192-1.png\",\"contentUrl\":\"https:\\\/\\\/www.cabasse.com\\\/wp-content\\\/uploads\\\/2020\\\/04\\\/cropped-cabasse-logo-192x192-1.png\",\"width\":192,\"height\":192,\"caption\":\"Cabasse\"},\"image\":{\"@id\":\"https:\\\/\\\/www.cabasse.com\\\/#\\\/schema\\\/logo\\\/image\\\/\"},\"sameAs\":[\"https:\\\/\\\/www.facebook.com\\\/cabasseofficiel\",\"https:\\\/\\\/x.com\\\/CabasseFR\",\"https:\\\/\\\/www.instagram.com\\\/cabasseacoustic\\\/\",\"https:\\\/\\\/www.youtube.com\\\/channel\\\/UCayQjMTjB3WsOZWDcsGVPAQ\"]}]}<\/script>\n<!-- \/ Yoast SEO plugin. -->","yoast_head_json":{"title":"George Cabasse Figure Embl\u00e9matique de l'exception Hifi Fran\u00e7aise - Cabasse","robots":{"index":"index","follow":"follow","max-snippet":"max-snippet:-1","max-image-preview":"max-image-preview:large","max-video-preview":"max-video-preview:-1"},"canonical":"https:\/\/www.cabasse.com\/fr\/georges-cabasse-figure-emblematique-de-lexception-hifi-francaise\/","og_locale":"fr_FR","og_type":"article","og_title":"George Cabasse Figure Embl\u00e9matique de l'exception Hifi Fran\u00e7aise - Cabasse","og_description":"GEORGES CABASSE 1928 - 2019 Georges Cabasse, figure embl\u00e9matique de l\u2019exception HiFi Fran\u00e7aise Hommage au cr\u00e9ateur de Cabasse, au pr\u00e9curseur qu\u2019il a \u00e9t\u00e9, et \u00e0 l\u2019\u00e9ternel amoureux de musique. Fondateur de Cabasse, entreprise fran\u00e7aise mondialement connue pour ses enceintes tr\u00e8s haute-fid\u00e9lit\u00e9, Georges Cabasse s\u2019est \u00e9teint vendredi 15 novembre \u00e0 l\u2019\u00e2ge de 91 ans. Guid\u00e9 d\u00e8s [&hellip;]","og_url":"https:\/\/www.cabasse.com\/fr\/georges-cabasse-figure-emblematique-de-lexception-hifi-francaise\/","og_site_name":"Cabasse","article_publisher":"https:\/\/www.facebook.com\/cabasseofficiel","article_modified_time":"2024-11-19T10:30:18+00:00","og_image":[{"width":1063,"height":709,"url":"https:\/\/www.cabasse.com\/wp-content\/uploads\/2021\/04\/Pack_lifestyle2_SANTORIN25_iO3_optimise.jpg","type":"image\/jpeg"}],"twitter_card":"summary_large_image","twitter_site":"@CabasseFR","twitter_misc":{"Dur\u00e9e de lecture estim\u00e9e":"6 minutes"},"schema":{"@context":"https:\/\/schema.org","@graph":[{"@type":"WebPage","@id":"https:\/\/www.cabasse.com\/fr\/georges-cabasse-figure-emblematique-de-lexception-hifi-francaise\/","url":"https:\/\/www.cabasse.com\/fr\/georges-cabasse-figure-emblematique-de-lexception-hifi-francaise\/","name":"George Cabasse Figure Embl\u00e9matique de l'exception Hifi Fran\u00e7aise - Cabasse","isPartOf":{"@id":"https:\/\/www.cabasse.com\/#website"},"datePublished":"2020-11-06T09:44:22+00:00","dateModified":"2024-11-19T10:30:18+00:00","breadcrumb":{"@id":"https:\/\/www.cabasse.com\/fr\/georges-cabasse-figure-emblematique-de-lexception-hifi-francaise\/#breadcrumb"},"inLanguage":"fr-FR","potentialAction":[{"@type":"ReadAction","target":["https:\/\/www.cabasse.com\/fr\/georges-cabasse-figure-emblematique-de-lexception-hifi-francaise\/"]}]},{"@type":"BreadcrumbList","@id":"https:\/\/www.cabasse.com\/fr\/georges-cabasse-figure-emblematique-de-lexception-hifi-francaise\/#breadcrumb","itemListElement":[{"@type":"ListItem","position":1,"name":"Accueil","item":"https:\/\/www.cabasse.com\/"},{"@type":"ListItem","position":2,"name":"George Cabasse Figure Embl\u00e9matique de l&#8217;exception Hifi Fran\u00e7aise"}]},{"@type":"WebSite","@id":"https:\/\/www.cabasse.com\/#website","url":"https:\/\/www.cabasse.com\/","name":"Cabasse","description":"Cabasse - Acoustic Emotions","publisher":{"@id":"https:\/\/www.cabasse.com\/#organization"},"potentialAction":[{"@type":"SearchAction","target":{"@type":"EntryPoint","urlTemplate":"https:\/\/www.cabasse.com\/?s={search_term_string}"},"query-input":{"@type":"PropertyValueSpecification","valueRequired":true,"valueName":"search_term_string"}}],"inLanguage":"fr-FR"},{"@type":"Organization","@id":"https:\/\/www.cabasse.com\/#organization","name":"Cabasse","url":"https:\/\/www.cabasse.com\/","logo":{"@type":"ImageObject","inLanguage":"fr-FR","@id":"https:\/\/www.cabasse.com\/#\/schema\/logo\/image\/","url":"https:\/\/www.cabasse.com\/wp-content\/uploads\/2020\/04\/cropped-cabasse-logo-192x192-1.png","contentUrl":"https:\/\/www.cabasse.com\/wp-content\/uploads\/2020\/04\/cropped-cabasse-logo-192x192-1.png","width":192,"height":192,"caption":"Cabasse"},"image":{"@id":"https:\/\/www.cabasse.com\/#\/schema\/logo\/image\/"},"sameAs":["https:\/\/www.facebook.com\/cabasseofficiel","https:\/\/x.com\/CabasseFR","https:\/\/www.instagram.com\/cabasseacoustic\/","https:\/\/www.youtube.com\/channel\/UCayQjMTjB3WsOZWDcsGVPAQ"]}]}},"_links":{"self":[{"href":"https:\/\/www.cabasse.com\/fr\/wp-json\/wp\/v2\/pages\/10981","targetHints":{"allow":["GET"]}}],"collection":[{"href":"https:\/\/www.cabasse.com\/fr\/wp-json\/wp\/v2\/pages"}],"about":[{"href":"https:\/\/www.cabasse.com\/fr\/wp-json\/wp\/v2\/types\/page"}],"author":[{"embeddable":true,"href":"https:\/\/www.cabasse.com\/fr\/wp-json\/wp\/v2\/users\/20"}],"replies":[{"embeddable":true,"href":"https:\/\/www.cabasse.com\/fr\/wp-json\/wp\/v2\/comments?post=10981"}],"version-history":[{"count":0,"href":"https:\/\/www.cabasse.com\/fr\/wp-json\/wp\/v2\/pages\/10981\/revisions"}],"wp:attachment":[{"href":"https:\/\/www.cabasse.com\/fr\/wp-json\/wp\/v2\/media?parent=10981"}],"curies":[{"name":"wp","href":"https:\/\/api.w.org\/{rel}","templated":true}]}}