
  {"id":19155,"date":"2021-01-18T12:10:17","date_gmt":"2021-01-18T11:10:17","guid":{"rendered":"https:\/\/www.cabasse.com\/?page_id=19155"},"modified":"2024-11-19T11:57:44","modified_gmt":"2024-11-19T10:57:44","slug":"barre-de-son-cabasse-for-orange2","status":"publish","type":"page","link":"https:\/\/www.cabasse.com\/fr\/barre-de-son-cabasse-for-orange2\/","title":{"rendered":"Barre de son Cabasse for Orange"},"content":{"rendered":"<p>[et_pb_section fb_built=\u00a0\u00bb1&Prime; _builder_version=\u00a0\u00bb4.4.1&Prime; custom_padding=\u00a0\u00bb50px||50px|||\u00a0\u00bb][et_pb_row _builder_version=\u00a0\u00bb4.4.1&Prime; min_height=\u00a0\u00bb60px\u00a0\u00bb custom_padding=\u00a0\u00bb13px||13px||true|\u00a0\u00bb][et_pb_column type=\u00a0\u00bb4_4&Prime; _builder_version=\u00a0\u00bb4.4.1&Prime;][et_pb_text content_tablet=\u00a0\u00bb\u00a0\u00bb content_phone=\u00a0\u00bb\u00a0\u00bb content_last_edited=\u00a0\u00bbon|phone\u00a0\u00bb _builder_version=\u00a0\u00bb4.7.7&Prime; header_font_size=\u00a0\u00bb50px\u00a0\u00bb module_alignment=\u00a0\u00bbleft\u00a0\u00bb header_font_size_tablet=\u00a0\u00bb\u00a0\u00bb header_font_size_phone=\u00a0\u00bb35px\u00a0\u00bb header_font_size_last_edited=\u00a0\u00bbon|phone\u00a0\u00bb]<\/p>\n<h1 class=\"ArticleHead-title\" style=\"text-align: center;\">UNE BARRE DE SON HOME-CIN\u00c9MA 3D DOLBY ATMOS<\/h1>\n<p>[\/et_pb_text][\/et_pb_column][\/et_pb_row][et_pb_row _builder_version=\u00a0\u00bb4.7.7&Prime; _module_preset=\u00a0\u00bbdefault\u00a0\u00bb custom_padding=\u00a0\u00bb18px||18px||true|\u00a0\u00bb][et_pb_column type=\u00a0\u00bb4_4&Prime; _builder_version=\u00a0\u00bb4.7.7&Prime; _module_preset=\u00a0\u00bbdefault\u00a0\u00bb][et_pb_image src=\u00a0\u00bbhttps:\/\/www.cabasse.com\/wp-content\/uploads\/2021\/01\/766px-Orange_logo.svg.png\u00a0\u00bb title_text=\u00a0\u00bb766px-Orange_logo.svg\u00a0\u00bb align=\u00a0\u00bbcenter\u00a0\u00bb _builder_version=\u00a0\u00bb4.7.7&Prime; _module_preset=\u00a0\u00bbdefault\u00a0\u00bb width=\u00a0\u00bb10%\u00a0\u00bb max_width=\u00a0\u00bb10%\u00a0\u00bb][\/et_pb_image][\/et_pb_column][\/et_pb_row][et_pb_row _builder_version=\u00a0\u00bb4.4.1&Prime; min_height=\u00a0\u00bb33px\u00a0\u00bb custom_padding=\u00a0\u00bb2px|||||\u00a0\u00bb][et_pb_column type=\u00a0\u00bb4_4&Prime; _builder_version=\u00a0\u00bb4.4.1&Prime;][et_pb_text content_tablet=\u00a0\u00bb\u00a0\u00bb content_phone=\u00a0\u00bb\u00a0\u00bb content_last_edited=\u00a0\u00bbon|phone\u00a0\u00bb _builder_version=\u00a0\u00bb4.7.7&Prime; text_font_size=\u00a0\u00bb22px\u00a0\u00bb min_height=\u00a0\u00bb27px\u00a0\u00bb text_font_size_tablet=\u00a0\u00bb\u00a0\u00bb text_font_size_phone=\u00a0\u00bb17px\u00a0\u00bb text_font_size_last_edited=\u00a0\u00bbon|phone\u00a0\u00bb]<\/p>\n<h2 class=\"ArticleHead-title\">Barre de son Cabasse for Orange<\/h2>\n<p class=\"ArticleHead-sub\">Hi-Fi Cabasse avec l\u2019immersion sonore du Dolby Atmos\u00ae<\/p>\n<div class=\"ArticleHead-text Text\">\n<p>Le moment est venu de mettre \u00e0 jour votre barre de son Cabasse for Orange. C\u2019est simple, suivez nos indications ci-dessous, \u00e9tape par \u00e9tape.<\/p>\n<\/div>\n<p>[\/et_pb_text][\/et_pb_column][\/et_pb_row][et_pb_row _builder_version=\u00a0\u00bb4.7.7&Prime; _module_preset=\u00a0\u00bbdefault\u00a0\u00bb][et_pb_column type=\u00a0\u00bb4_4&Prime; _builder_version=\u00a0\u00bb4.7.7&Prime; _module_preset=\u00a0\u00bbdefault\u00a0\u00bb][et_pb_image src=\u00a0\u00bbhttps:\/\/www.cabasse.com\/wp-content\/uploads\/2021\/01\/image1-orange.jpg\u00a0\u00bb title_text=\u00a0\u00bbimage1-orange\u00a0\u00bb align=\u00a0\u00bbcenter\u00a0\u00bb _builder_version=\u00a0\u00bb4.7.7&Prime; _module_preset=\u00a0\u00bbdefault\u00a0\u00bb][\/et_pb_image][\/et_pb_column][\/et_pb_row][et_pb_row _builder_version=\u00a0\u00bb4.7.7&Prime; _module_preset=\u00a0\u00bbdefault\u00a0\u00bb][et_pb_column type=\u00a0\u00bb4_4&Prime; _builder_version=\u00a0\u00bb4.7.7&Prime; _module_preset=\u00a0\u00bbdefault\u00a0\u00bb][et_pb_text _builder_version=\u00a0\u00bb4.7.7&Prime; _module_preset=\u00a0\u00bbdefault\u00a0\u00bb text_font_size=\u00a0\u00bb22px\u00a0\u00bb hover_enabled=\u00a0\u00bb0&Prime; sticky_enabled=\u00a0\u00bb0&Prime;]<\/p>\n<h3>Avant de proc\u00e9der \u00e0 la mise \u00e0 jour<\/h3>\n<p>&nbsp;<\/p>\n<ol>\n<li>Munissez-vous d\u2019une cl\u00e9 USB, format\u00e9e en FAT32.<\/li>\n<li>A partir d\u2019un ordinateur,\u00a0cr\u00e9ez\u00a0un r\u00e9pertoire et nommez-le \u00ab UPG \u00bb. C\u2019est dans ce r\u00e9pertoire que devra \u00eatre enregistr\u00e9 le fichier de mise \u00e0 jour de la barre de son.<\/li>\n<li>T\u00e9l\u00e9chargez le fichier de mise \u00e0 jour \u00e0 partir du lien ci-dessous.<\/li>\n<li>Une fois le t\u00e9l\u00e9chargement termin\u00e9, d\u00e9compressez et d\u00e9placez le fichier ORANGESB.BIN dans le r\u00e9pertoire UPG pr\u00e9c\u00e9demment cr\u00e9\u00e9 sur la cl\u00e9 USB.<\/li>\n<\/ol>\n<h3><\/h3>\n<h3>Proc\u00e9dez \u00e0 la mise \u00e0 jour de la barre de son Cabasse for Orange<\/h3>\n<p>&nbsp;<\/p>\n<ol>\n<li>\u00c9teignez votre t\u00e9l\u00e9viseur.\u00a0<img loading=\"lazy\" decoding=\"async\" class=\"size-full wp-image-11060 alignright\" src=\"https:\/\/web.archive.org\/web\/20180525102405im_\/http:\/\/www.cabasse.com\/wp-content\/uploads\/2017\/10\/Barre-de-son-Cabasse-for-Orange-illustration.png\" alt=\"\" width=\"248\" height=\"246\" \/><\/li>\n<li>Branchez la cl\u00e9 USB sur le port \u00ab service \u00bb au dos de la barre de son. (<em>illustration n\u00b010 du guide)\u00a0<\/em><\/li>\n<li>Allumez la barre de Son Cabasse For Orange, et attendez 15 secondes apr\u00e8s la mise en route de la barre.<\/li>\n<li>S\u00e9lectionnez la source \u00ab TV ARC \u00bb depuis la t\u00e9l\u00e9commande.<\/li>\n<li>Sur la t\u00e9l\u00e9commandez, appuyez cons\u00e9cutivement en moins de 6 secondes sur :\n<ul>\n<li>\u2013 Mute :<span>\u00a0<\/span><em>l\u2019\u00e9cran doit afficher \u00ab\u00a0Mute\u00a0\u00bb.\u00a0<img loading=\"lazy\" decoding=\"async\" class=\"alignnone wp-image-11063\" src=\"https:\/\/web.archive.org\/web\/20180525102405im_\/http:\/\/www.cabasse.com\/wp-content\/uploads\/2017\/10\/touches_mute.jpg\" alt=\"\" width=\"30\" height=\"30\" \/>\u00a0<\/em><\/li>\n<li>\u2013 Mute :<span>\u00a0<\/span><em>l\u2019\u00e9cran doit afficher \u00ab\u00a0Vol XX\u00a0\u00bb.\u00a0<img loading=\"lazy\" decoding=\"async\" class=\"alignnone wp-image-11063\" src=\"https:\/\/web.archive.org\/web\/20180525102405im_\/http:\/\/www.cabasse.com\/wp-content\/uploads\/2017\/10\/touches_mute.jpg\" alt=\"\" width=\"30\" height=\"30\" \/>\u00a0<\/em><\/li>\n<li>\u2013 Volume + :<span>\u00a0<\/span><em>l\u2019\u00e9cran doit afficher \u00ab\u00a0Vol XY\u00a0\u00bb.\u00a0<img loading=\"lazy\" decoding=\"async\" class=\"alignnone wp-image-11066\" src=\"https:\/\/web.archive.org\/web\/20180525102405im_\/http:\/\/www.cabasse.com\/wp-content\/uploads\/2017\/10\/touches_plus_1.jpg\" alt=\"\" width=\"30\" height=\"30\" \/><\/em><\/li>\n<li>\u2013 Music en gardant la touche appuy\u00e9e 3 secondes.\u00a0<img loading=\"lazy\" decoding=\"async\" class=\"alignnone wp-image-11062\" src=\"https:\/\/web.archive.org\/web\/20180525102405im_\/http:\/\/www.cabasse.com\/wp-content\/uploads\/2017\/10\/touches_note.jpg\" alt=\"\" width=\"30\" height=\"30\" \/><\/li>\n<\/ul>\n<\/li>\n<li>Si vous avez r\u00e9alis\u00e9 cette s\u00e9quence correctement, l\u2019\u00e9cran de la barre affiche \u00ab UPGRADE \u00bb.\u00a0Durant cette mise \u00e0 jour, \u00e9vitez tout appui sur les touches de la t\u00e9l\u00e9commande ou la barre de son.<\/li>\n<li>L\u2019op\u00e9ration peut prendre plusieurs minutes.<\/li>\n<li>A la fin de l\u2019op\u00e9ration de mise \u00e0 jour, votre barre de son affiche le message \u00ab DONE \u00bb et se met en veille.<\/li>\n<li>La mise \u00e0 jour est termin\u00e9e.<\/li>\n<\/ol>\n<h3><\/h3>\n<h3>Pour afficher la version de votre Barre de Son Cabasse for Orange :<\/h3>\n<p>&nbsp;<\/p>\n<ol>\n<li>V\u00e9rifiez que la Barre de Son Cabasse for Orange soit allum\u00e9e.<\/li>\n<li>Passer sur la source \u00ab TV ARC \u00bb.<\/li>\n<li>Appuyer cons\u00e9cutivement en moins de 6 secondes :\n<ul>\n<li>\u2013 Mute :\u00a0<em>l\u2019\u00e9cran doit afficher \u00ab\u00a0Mute\u00a0\u00bb.<\/em><\/li>\n<li>\u2013 Mute :\u00a0<em>l\u2019\u00e9cran doit afficher \u00ab\u00a0Vol XX\u00a0\u00bb.<\/em><\/li>\n<li>\u2013 Volume\u00a0\u2013 :\u00a0<em>l\u2019\u00e9cran doit afficher \u00ab\u00a0Vol XW\u00a0\u00bb.<\/em><\/li>\n<li>\u2013 Music en gardant la touche appuy\u00e9e 3 secondes<\/li>\n<\/ul>\n<\/li>\n<li>L\u2019\u00e9cran de la barre de son affiche la version de firmware<\/li>\n<\/ol>\n<p><strong><\/strong><\/p>\n<p><strong><a href=\"https:\/\/www.cabasse.com\/wp-content\/uploads\/2021\/01\/ORANGESB4.zip\">T\u00e9l\u00e9chargement : Mise \u00e0 jour Barre de Son Cabasse for Orange<\/a> (<\/strong><strong>09\/03\/2018)<\/strong><\/p>\n<p>Version 2.31<\/p>\n<p>Am\u00e9lioration de la gestion du niveau de grave sur entr\u00e9e S\/P DIF \u00e0 niveau r\u00e9duit (par exemple, l&rsquo;utilisation du r\u00e9glage de volume de la box).<\/p>\n<p>[\/et_pb_text][\/et_pb_column][\/et_pb_row][\/et_pb_section]<\/p>\n","protected":false},"excerpt":{"rendered":"<p>UNE BARRE DE SON HOME-CIN\u00c9MA 3D DOLBY ATMOSBarre de son Cabasse for Orange Hi-Fi Cabasse avec l\u2019immersion sonore du Dolby Atmos\u00ae Le moment est venu de mettre \u00e0 jour votre barre de son Cabasse for Orange. C\u2019est simple, suivez nos indications ci-dessous, \u00e9tape par \u00e9tape. Avant de proc\u00e9der \u00e0 la mise \u00e0 jour &nbsp; Munissez-vous [&hellip;]<\/p>\n","protected":false},"author":20,"featured_media":0,"parent":0,"menu_order":0,"comment_status":"closed","ping_status":"closed","template":"","meta":{"_et_pb_use_builder":"on","_et_pb_old_content":"<!-- wp:divi\/placeholder \/-->","_et_gb_content_width":"","footnotes":""},"class_list":["post-19155","page","type-page","status-publish","hentry"],"yoast_head":"<!-- This site is optimized with the Yoast SEO plugin v27.4 - https:\/\/yoast.com\/product\/yoast-seo-wordpress\/ -->\n<title>Barre de son Cabasse for Orange - Cabasse<\/title>\n<meta name=\"robots\" content=\"index, follow, max-snippet:-1, max-image-preview:large, max-video-preview:-1\" \/>\n<link rel=\"canonical\" href=\"https:\/\/www.cabasse.com\/fr\/barre-de-son-cabasse-for-orange2\/\" \/>\n<meta property=\"og:locale\" content=\"fr_FR\" \/>\n<meta property=\"og:type\" content=\"article\" \/>\n<meta property=\"og:title\" content=\"Barre de son Cabasse for Orange - Cabasse\" \/>\n<meta property=\"og:description\" content=\"UNE BARRE DE SON HOME-CIN\u00c9MA 3D DOLBY ATMOSBarre de son Cabasse for Orange Hi-Fi Cabasse avec l\u2019immersion sonore du Dolby Atmos\u00ae Le moment est venu de mettre \u00e0 jour votre barre de son Cabasse for Orange. C\u2019est simple, suivez nos indications ci-dessous, \u00e9tape par \u00e9tape. Avant de proc\u00e9der \u00e0 la mise \u00e0 jour &nbsp; Munissez-vous [&hellip;]\" \/>\n<meta property=\"og:url\" content=\"https:\/\/www.cabasse.com\/fr\/barre-de-son-cabasse-for-orange2\/\" \/>\n<meta property=\"og:site_name\" content=\"Cabasse\" \/>\n<meta property=\"article:publisher\" content=\"https:\/\/www.facebook.com\/cabasseofficiel\" \/>\n<meta property=\"article:modified_time\" content=\"2024-11-19T10:57:44+00:00\" \/>\n<meta property=\"og:image\" content=\"https:\/\/www.cabasse.com\/wp-content\/uploads\/2021\/04\/Pack_lifestyle2_SANTORIN25_iO3_optimise.jpg\" \/>\n\t<meta property=\"og:image:width\" content=\"1063\" \/>\n\t<meta property=\"og:image:height\" content=\"709\" \/>\n\t<meta property=\"og:image:type\" content=\"image\/jpeg\" \/>\n<meta name=\"twitter:card\" content=\"summary_large_image\" \/>\n<meta name=\"twitter:site\" content=\"@CabasseFR\" \/>\n<meta name=\"twitter:label1\" content=\"Dur\u00e9e de lecture estim\u00e9e\" \/>\n\t<meta name=\"twitter:data1\" content=\"4 minutes\" \/>\n<script type=\"application\/ld+json\" class=\"yoast-schema-graph\">{\"@context\":\"https:\\\/\\\/schema.org\",\"@graph\":[{\"@type\":\"WebPage\",\"@id\":\"https:\\\/\\\/www.cabasse.com\\\/fr\\\/barre-de-son-cabasse-for-orange2\\\/\",\"url\":\"https:\\\/\\\/www.cabasse.com\\\/fr\\\/barre-de-son-cabasse-for-orange2\\\/\",\"name\":\"Barre de son Cabasse for Orange - Cabasse\",\"isPartOf\":{\"@id\":\"https:\\\/\\\/www.cabasse.com\\\/#website\"},\"primaryImageOfPage\":{\"@id\":\"https:\\\/\\\/www.cabasse.com\\\/fr\\\/barre-de-son-cabasse-for-orange2\\\/#primaryimage\"},\"image\":{\"@id\":\"https:\\\/\\\/www.cabasse.com\\\/fr\\\/barre-de-son-cabasse-for-orange2\\\/#primaryimage\"},\"thumbnailUrl\":\"https:\\\/\\\/web.archive.org\\\/web\\\/20180525102405im_\\\/http:\\\/\\\/www.cabasse.com\\\/wp-content\\\/uploads\\\/2017\\\/10\\\/Barre-de-son-Cabasse-for-Orange-illustration.png\",\"datePublished\":\"2021-01-18T11:10:17+00:00\",\"dateModified\":\"2024-11-19T10:57:44+00:00\",\"breadcrumb\":{\"@id\":\"https:\\\/\\\/www.cabasse.com\\\/fr\\\/barre-de-son-cabasse-for-orange2\\\/#breadcrumb\"},\"inLanguage\":\"fr-FR\",\"potentialAction\":[{\"@type\":\"ReadAction\",\"target\":[\"https:\\\/\\\/www.cabasse.com\\\/fr\\\/barre-de-son-cabasse-for-orange2\\\/\"]}]},{\"@type\":\"ImageObject\",\"inLanguage\":\"fr-FR\",\"@id\":\"https:\\\/\\\/www.cabasse.com\\\/fr\\\/barre-de-son-cabasse-for-orange2\\\/#primaryimage\",\"url\":\"https:\\\/\\\/web.archive.org\\\/web\\\/20180525102405im_\\\/http:\\\/\\\/www.cabasse.com\\\/wp-content\\\/uploads\\\/2017\\\/10\\\/Barre-de-son-Cabasse-for-Orange-illustration.png\",\"contentUrl\":\"https:\\\/\\\/web.archive.org\\\/web\\\/20180525102405im_\\\/http:\\\/\\\/www.cabasse.com\\\/wp-content\\\/uploads\\\/2017\\\/10\\\/Barre-de-son-Cabasse-for-Orange-illustration.png\"},{\"@type\":\"BreadcrumbList\",\"@id\":\"https:\\\/\\\/www.cabasse.com\\\/fr\\\/barre-de-son-cabasse-for-orange2\\\/#breadcrumb\",\"itemListElement\":[{\"@type\":\"ListItem\",\"position\":1,\"name\":\"Accueil\",\"item\":\"https:\\\/\\\/www.cabasse.com\\\/\"},{\"@type\":\"ListItem\",\"position\":2,\"name\":\"Barre de son Cabasse for Orange\"}]},{\"@type\":\"WebSite\",\"@id\":\"https:\\\/\\\/www.cabasse.com\\\/#website\",\"url\":\"https:\\\/\\\/www.cabasse.com\\\/\",\"name\":\"Cabasse\",\"description\":\"Cabasse - Acoustic Emotions\",\"publisher\":{\"@id\":\"https:\\\/\\\/www.cabasse.com\\\/#organization\"},\"potentialAction\":[{\"@type\":\"SearchAction\",\"target\":{\"@type\":\"EntryPoint\",\"urlTemplate\":\"https:\\\/\\\/www.cabasse.com\\\/?s={search_term_string}\"},\"query-input\":{\"@type\":\"PropertyValueSpecification\",\"valueRequired\":true,\"valueName\":\"search_term_string\"}}],\"inLanguage\":\"fr-FR\"},{\"@type\":\"Organization\",\"@id\":\"https:\\\/\\\/www.cabasse.com\\\/#organization\",\"name\":\"Cabasse\",\"url\":\"https:\\\/\\\/www.cabasse.com\\\/\",\"logo\":{\"@type\":\"ImageObject\",\"inLanguage\":\"fr-FR\",\"@id\":\"https:\\\/\\\/www.cabasse.com\\\/#\\\/schema\\\/logo\\\/image\\\/\",\"url\":\"https:\\\/\\\/www.cabasse.com\\\/wp-content\\\/uploads\\\/2020\\\/04\\\/cropped-cabasse-logo-192x192-1.png\",\"contentUrl\":\"https:\\\/\\\/www.cabasse.com\\\/wp-content\\\/uploads\\\/2020\\\/04\\\/cropped-cabasse-logo-192x192-1.png\",\"width\":192,\"height\":192,\"caption\":\"Cabasse\"},\"image\":{\"@id\":\"https:\\\/\\\/www.cabasse.com\\\/#\\\/schema\\\/logo\\\/image\\\/\"},\"sameAs\":[\"https:\\\/\\\/www.facebook.com\\\/cabasseofficiel\",\"https:\\\/\\\/x.com\\\/CabasseFR\",\"https:\\\/\\\/www.instagram.com\\\/cabasseacoustic\\\/\",\"https:\\\/\\\/www.youtube.com\\\/channel\\\/UCayQjMTjB3WsOZWDcsGVPAQ\"]}]}<\/script>\n<!-- \/ Yoast SEO plugin. -->","yoast_head_json":{"title":"Barre de son Cabasse for Orange - Cabasse","robots":{"index":"index","follow":"follow","max-snippet":"max-snippet:-1","max-image-preview":"max-image-preview:large","max-video-preview":"max-video-preview:-1"},"canonical":"https:\/\/www.cabasse.com\/fr\/barre-de-son-cabasse-for-orange2\/","og_locale":"fr_FR","og_type":"article","og_title":"Barre de son Cabasse for Orange - Cabasse","og_description":"UNE BARRE DE SON HOME-CIN\u00c9MA 3D DOLBY ATMOSBarre de son Cabasse for Orange Hi-Fi Cabasse avec l\u2019immersion sonore du Dolby Atmos\u00ae Le moment est venu de mettre \u00e0 jour votre barre de son Cabasse for Orange. C\u2019est simple, suivez nos indications ci-dessous, \u00e9tape par \u00e9tape. Avant de proc\u00e9der \u00e0 la mise \u00e0 jour &nbsp; Munissez-vous [&hellip;]","og_url":"https:\/\/www.cabasse.com\/fr\/barre-de-son-cabasse-for-orange2\/","og_site_name":"Cabasse","article_publisher":"https:\/\/www.facebook.com\/cabasseofficiel","article_modified_time":"2024-11-19T10:57:44+00:00","og_image":[{"width":1063,"height":709,"url":"https:\/\/www.cabasse.com\/wp-content\/uploads\/2021\/04\/Pack_lifestyle2_SANTORIN25_iO3_optimise.jpg","type":"image\/jpeg"}],"twitter_card":"summary_large_image","twitter_site":"@CabasseFR","twitter_misc":{"Dur\u00e9e de lecture estim\u00e9e":"4 minutes"},"schema":{"@context":"https:\/\/schema.org","@graph":[{"@type":"WebPage","@id":"https:\/\/www.cabasse.com\/fr\/barre-de-son-cabasse-for-orange2\/","url":"https:\/\/www.cabasse.com\/fr\/barre-de-son-cabasse-for-orange2\/","name":"Barre de son Cabasse for Orange - Cabasse","isPartOf":{"@id":"https:\/\/www.cabasse.com\/#website"},"primaryImageOfPage":{"@id":"https:\/\/www.cabasse.com\/fr\/barre-de-son-cabasse-for-orange2\/#primaryimage"},"image":{"@id":"https:\/\/www.cabasse.com\/fr\/barre-de-son-cabasse-for-orange2\/#primaryimage"},"thumbnailUrl":"https:\/\/web.archive.org\/web\/20180525102405im_\/http:\/\/www.cabasse.com\/wp-content\/uploads\/2017\/10\/Barre-de-son-Cabasse-for-Orange-illustration.png","datePublished":"2021-01-18T11:10:17+00:00","dateModified":"2024-11-19T10:57:44+00:00","breadcrumb":{"@id":"https:\/\/www.cabasse.com\/fr\/barre-de-son-cabasse-for-orange2\/#breadcrumb"},"inLanguage":"fr-FR","potentialAction":[{"@type":"ReadAction","target":["https:\/\/www.cabasse.com\/fr\/barre-de-son-cabasse-for-orange2\/"]}]},{"@type":"ImageObject","inLanguage":"fr-FR","@id":"https:\/\/www.cabasse.com\/fr\/barre-de-son-cabasse-for-orange2\/#primaryimage","url":"https:\/\/web.archive.org\/web\/20180525102405im_\/http:\/\/www.cabasse.com\/wp-content\/uploads\/2017\/10\/Barre-de-son-Cabasse-for-Orange-illustration.png","contentUrl":"https:\/\/web.archive.org\/web\/20180525102405im_\/http:\/\/www.cabasse.com\/wp-content\/uploads\/2017\/10\/Barre-de-son-Cabasse-for-Orange-illustration.png"},{"@type":"BreadcrumbList","@id":"https:\/\/www.cabasse.com\/fr\/barre-de-son-cabasse-for-orange2\/#breadcrumb","itemListElement":[{"@type":"ListItem","position":1,"name":"Accueil","item":"https:\/\/www.cabasse.com\/"},{"@type":"ListItem","position":2,"name":"Barre de son Cabasse for Orange"}]},{"@type":"WebSite","@id":"https:\/\/www.cabasse.com\/#website","url":"https:\/\/www.cabasse.com\/","name":"Cabasse","description":"Cabasse - Acoustic Emotions","publisher":{"@id":"https:\/\/www.cabasse.com\/#organization"},"potentialAction":[{"@type":"SearchAction","target":{"@type":"EntryPoint","urlTemplate":"https:\/\/www.cabasse.com\/?s={search_term_string}"},"query-input":{"@type":"PropertyValueSpecification","valueRequired":true,"valueName":"search_term_string"}}],"inLanguage":"fr-FR"},{"@type":"Organization","@id":"https:\/\/www.cabasse.com\/#organization","name":"Cabasse","url":"https:\/\/www.cabasse.com\/","logo":{"@type":"ImageObject","inLanguage":"fr-FR","@id":"https:\/\/www.cabasse.com\/#\/schema\/logo\/image\/","url":"https:\/\/www.cabasse.com\/wp-content\/uploads\/2020\/04\/cropped-cabasse-logo-192x192-1.png","contentUrl":"https:\/\/www.cabasse.com\/wp-content\/uploads\/2020\/04\/cropped-cabasse-logo-192x192-1.png","width":192,"height":192,"caption":"Cabasse"},"image":{"@id":"https:\/\/www.cabasse.com\/#\/schema\/logo\/image\/"},"sameAs":["https:\/\/www.facebook.com\/cabasseofficiel","https:\/\/x.com\/CabasseFR","https:\/\/www.instagram.com\/cabasseacoustic\/","https:\/\/www.youtube.com\/channel\/UCayQjMTjB3WsOZWDcsGVPAQ"]}]}},"_links":{"self":[{"href":"https:\/\/www.cabasse.com\/fr\/wp-json\/wp\/v2\/pages\/19155","targetHints":{"allow":["GET"]}}],"collection":[{"href":"https:\/\/www.cabasse.com\/fr\/wp-json\/wp\/v2\/pages"}],"about":[{"href":"https:\/\/www.cabasse.com\/fr\/wp-json\/wp\/v2\/types\/page"}],"author":[{"embeddable":true,"href":"https:\/\/www.cabasse.com\/fr\/wp-json\/wp\/v2\/users\/20"}],"replies":[{"embeddable":true,"href":"https:\/\/www.cabasse.com\/fr\/wp-json\/wp\/v2\/comments?post=19155"}],"version-history":[{"count":0,"href":"https:\/\/www.cabasse.com\/fr\/wp-json\/wp\/v2\/pages\/19155\/revisions"}],"wp:attachment":[{"href":"https:\/\/www.cabasse.com\/fr\/wp-json\/wp\/v2\/media?parent=19155"}],"curies":[{"name":"wp","href":"https:\/\/api.w.org\/{rel}","templated":true}]}}