
  {"id":2314,"date":"2020-05-15T17:07:41","date_gmt":"2020-05-15T15:07:41","guid":{"rendered":"https:\/\/cabasse.com\/?page_id=2314"},"modified":"2024-11-19T11:57:47","modified_gmt":"2024-11-19T10:57:47","slug":"carriere","status":"publish","type":"page","link":"https:\/\/www.cabasse.com\/fr\/carriere\/","title":{"rendered":"Carri\u00e8re"},"content":{"rendered":"<p>[et_pb_section fb_built=\u00a0\u00bb1&Prime; _builder_version=\u00a0\u00bb4.17.1&Prime; background_image=\u00a0\u00bbhttps:\/\/www.cabasse.com\/wp-content\/uploads\/2023\/04\/Cabasse_La_Rade_de_Brest-scaled.jpg\u00a0\u00bb height=\u00a0\u00bb769px\u00a0\u00bb hover_enabled=\u00a0\u00bb0&Prime; global_colors_info=\u00a0\u00bb{}\u00a0\u00bb title_text=\u00a0\u00bbCabasse_La_Rade_de_Brest\u00a0\u00bb sticky_enabled=\u00a0\u00bb0&Prime;][\/et_pb_section][et_pb_section fb_built=\u00a0\u00bb1&Prime; _builder_version=\u00a0\u00bb4.16&Prime; min_height=\u00a0\u00bb1076px\u00a0\u00bb custom_padding=\u00a0\u00bb||0px|||\u00a0\u00bb global_colors_info=\u00a0\u00bb{}\u00a0\u00bb][et_pb_row _builder_version=\u00a0\u00bb4.16&Prime; global_colors_info=\u00a0\u00bb{}\u00a0\u00bb][et_pb_column type=\u00a0\u00bb4_4&Prime; _builder_version=\u00a0\u00bb4.16&Prime; global_colors_info=\u00a0\u00bb{}\u00a0\u00bb][et_pb_text _builder_version=\u00a0\u00bb4.16&Prime; text_orientation=\u00a0\u00bbcenter\u00a0\u00bb module_alignment=\u00a0\u00bbcenter\u00a0\u00bb global_colors_info=\u00a0\u00bb{}\u00a0\u00bb]<\/p>\n<p>Vous souhaitez travailler dans une soci\u00e9t\u00e9 dynamique et reconnue ? Alors, venez renforcer nos \u00e9quipes en int\u00e9grant Cabasse !<br \/> Envoyez votre candidature \u00e0 l\u2019adresse suivante : HRcabasse@cabassegroup.com<\/p>\n<p>[\/et_pb_text][et_pb_button button_url=\u00a0\u00bbhttps:\/\/www.linkedin.com\/company\/cabasse-acoustic\/\u00a0\u00bb button_text=\u00a0\u00bbEn savoir +\u00a0\u00bb button_alignment=\u00a0\u00bbcenter\u00a0\u00bb _builder_version=\u00a0\u00bb4.16&Prime; global_colors_info=\u00a0\u00bb{}\u00a0\u00bb][\/et_pb_button][\/et_pb_column][\/et_pb_row][et_pb_row column_structure=\u00a0\u00bb1_3,2_3&Prime; _builder_version=\u00a0\u00bb4.16&Prime; global_colors_info=\u00a0\u00bb{}\u00a0\u00bb][et_pb_column type=\u00a0\u00bb1_3&Prime; _builder_version=\u00a0\u00bb4.16&Prime; global_colors_info=\u00a0\u00bb{}\u00a0\u00bb][et_pb_text _builder_version=\u00a0\u00bb4.16&Prime; custom_margin=\u00a0\u00bb130px||-3px||false|false\u00a0\u00bb global_colors_info=\u00a0\u00bb{}\u00a0\u00bb]<\/p>\n<p>Cabasse, entreprise fran\u00e7aise cr\u00e9\u00e9e en 1950 s\u2019est depuis toujours attach\u00e9e \u00e0 rechercher une parfaite restitution de la musique et des sons sans aucune alt\u00e9ration, coloration ou distorsion.<br \/>\nEntreprise \u00e0 taille humaine r\u00e9put\u00e9e mondialement pour ses produits haut de gamme dans le secteur de la Hi-Fi, Cabasse b\u00e9n\u00e9ficie de nombreuses synergies avec le groupe AwoX au sein duquel elle \u00e9volue..<\/p>\n<p>[\/et_pb_text][\/et_pb_column][et_pb_column type=\u00a0\u00bb2_3&Prime; _builder_version=\u00a0\u00bb4.16&Prime; global_colors_info=\u00a0\u00bb{}\u00a0\u00bb][et_pb_image src=\u00a0\u00bbhttps:\/\/cabasse.com\/wp-content\/uploads\/2020\/05\/CAB-Acoustic-center-scaled.jpg\u00a0\u00bb _builder_version=\u00a0\u00bb4.16&Prime; global_colors_info=\u00a0\u00bb{}\u00a0\u00bb][\/et_pb_image][\/et_pb_column][\/et_pb_row][et_pb_row column_structure=\u00a0\u00bb2_5,3_5&Prime; _builder_version=\u00a0\u00bb4.16&Prime; width=\u00a0\u00bb89.1%\u00a0\u00bb global_colors_info=\u00a0\u00bb{}\u00a0\u00bb][et_pb_column type=\u00a0\u00bb2_5&Prime; _builder_version=\u00a0\u00bb4.16&Prime; global_colors_info=\u00a0\u00bb{}\u00a0\u00bb][et_pb_image src=\u00a0\u00bbhttps:\/\/cabasse.com\/wp-content\/uploads\/2020\/11\/Atelier-Plouzane-web.jpg\u00a0\u00bb _builder_version=\u00a0\u00bb4.16&Prime; width=\u00a0\u00bb100%\u00a0\u00bb max_width=\u00a0\u00bb200%\u00a0\u00bb min_height=\u00a0\u00bb307px\u00a0\u00bb height=\u00a0\u00bb279px\u00a0\u00bb max_height=\u00a0\u00bb1000px\u00a0\u00bb custom_margin=\u00a0\u00bb|-104px||||\u00a0\u00bb custom_padding=\u00a0\u00bb|0px||0px||\u00a0\u00bb global_colors_info=\u00a0\u00bb{}\u00a0\u00bb][\/et_pb_image][\/et_pb_column][et_pb_column type=\u00a0\u00bb3_5&Prime; _builder_version=\u00a0\u00bb4.16&Prime; global_colors_info=\u00a0\u00bb{}\u00a0\u00bb][et_pb_text _builder_version=\u00a0\u00bb4.17.1&Prime; custom_margin=\u00a0\u00bb63px||-3px||false|false\u00a0\u00bb custom_padding=\u00a0\u00bb||5px|122px|false|false\u00a0\u00bb global_colors_info=\u00a0\u00bb{}\u00a0\u00bb]<\/p>\n<p>Cabasse fait partie de VEOM Group <span>(ex Cabasse Group), un groupe europ\u00e9en pure-player des technologies et des objets connect\u00e9s d\u00e9di\u00e9s \u00e0 l\u2019univers du Smart Home (Maison intelligente).<\/span><\/p>\n<p>Cabasse est un\u00a0 leader technologique en \u00e9lectroacoustique, principalement au travers de sa gamme d\u2019enceintes haut de gamme, de produits acoustiques int\u00e9gr\u00e9s pour la maison et d\u2019enceintes haute-fid\u00e9lit\u00e9 connect\u00e9es.<\/p>\n<p>[\/et_pb_text][\/et_pb_column][\/et_pb_row][\/et_pb_section]<\/p>\n","protected":false},"excerpt":{"rendered":"<p>Vous souhaitez travailler dans une soci\u00e9t\u00e9 dynamique et reconnue ? Alors, venez renforcer nos \u00e9quipes en int\u00e9grant Cabasse ! Envoyez votre candidature \u00e0 l\u2019adresse suivante : HRcabasse@cabassegroup.comCabasse, entreprise fran\u00e7aise cr\u00e9\u00e9e en 1950 s\u2019est depuis toujours attach\u00e9e \u00e0 rechercher une parfaite restitution de la musique et des sons sans aucune alt\u00e9ration, coloration ou distorsion. Entreprise \u00e0 [&hellip;]<\/p>\n","protected":false},"author":2,"featured_media":0,"parent":0,"menu_order":0,"comment_status":"closed","ping_status":"closed","template":"","meta":{"_et_pb_use_builder":"on","_et_pb_old_content":"","_et_gb_content_width":"1080","footnotes":""},"class_list":["post-2314","page","type-page","status-publish","hentry"],"yoast_head":"<!-- This site is optimized with the Yoast SEO plugin v27.4 - https:\/\/yoast.com\/product\/yoast-seo-wordpress\/ -->\n<title>Carri\u00e8re - Cabasse<\/title>\n<meta name=\"robots\" content=\"index, follow, max-snippet:-1, max-image-preview:large, max-video-preview:-1\" \/>\n<link rel=\"canonical\" href=\"https:\/\/www.cabasse.com\/fr\/carriere\/\" \/>\n<meta property=\"og:locale\" content=\"fr_FR\" \/>\n<meta property=\"og:type\" content=\"article\" \/>\n<meta property=\"og:title\" content=\"Carri\u00e8re - Cabasse\" \/>\n<meta property=\"og:description\" content=\"Vous souhaitez travailler dans une soci\u00e9t\u00e9 dynamique et reconnue ? Alors, venez renforcer nos \u00e9quipes en int\u00e9grant Cabasse ! Envoyez votre candidature \u00e0 l\u2019adresse suivante : HRcabasse@cabassegroup.comCabasse, entreprise fran\u00e7aise cr\u00e9\u00e9e en 1950 s\u2019est depuis toujours attach\u00e9e \u00e0 rechercher une parfaite restitution de la musique et des sons sans aucune alt\u00e9ration, coloration ou distorsion. Entreprise \u00e0 [&hellip;]\" \/>\n<meta property=\"og:url\" content=\"https:\/\/www.cabasse.com\/fr\/carriere\/\" \/>\n<meta property=\"og:site_name\" content=\"Cabasse\" \/>\n<meta property=\"article:publisher\" content=\"https:\/\/www.facebook.com\/cabasseofficiel\" \/>\n<meta property=\"article:modified_time\" content=\"2024-11-19T10:57:47+00:00\" \/>\n<meta property=\"og:image\" content=\"https:\/\/www.cabasse.com\/wp-content\/uploads\/2021\/04\/Pack_lifestyle2_SANTORIN25_iO3_optimise.jpg\" \/>\n\t<meta property=\"og:image:width\" content=\"1063\" \/>\n\t<meta property=\"og:image:height\" content=\"709\" \/>\n\t<meta property=\"og:image:type\" content=\"image\/jpeg\" \/>\n<meta name=\"twitter:card\" content=\"summary_large_image\" \/>\n<meta name=\"twitter:site\" content=\"@CabasseFR\" \/>\n<meta name=\"twitter:label1\" content=\"Dur\u00e9e de lecture estim\u00e9e\" \/>\n\t<meta name=\"twitter:data1\" content=\"2 minutes\" \/>\n<script type=\"application\/ld+json\" class=\"yoast-schema-graph\">{\"@context\":\"https:\\\/\\\/schema.org\",\"@graph\":[{\"@type\":\"WebPage\",\"@id\":\"https:\\\/\\\/www.cabasse.com\\\/fr\\\/carriere\\\/\",\"url\":\"https:\\\/\\\/www.cabasse.com\\\/fr\\\/carriere\\\/\",\"name\":\"Carri\u00e8re - Cabasse\",\"isPartOf\":{\"@id\":\"https:\\\/\\\/www.cabasse.com\\\/#website\"},\"datePublished\":\"2020-05-15T15:07:41+00:00\",\"dateModified\":\"2024-11-19T10:57:47+00:00\",\"breadcrumb\":{\"@id\":\"https:\\\/\\\/www.cabasse.com\\\/fr\\\/carriere\\\/#breadcrumb\"},\"inLanguage\":\"fr-FR\",\"potentialAction\":[{\"@type\":\"ReadAction\",\"target\":[\"https:\\\/\\\/www.cabasse.com\\\/fr\\\/carriere\\\/\"]}]},{\"@type\":\"BreadcrumbList\",\"@id\":\"https:\\\/\\\/www.cabasse.com\\\/fr\\\/carriere\\\/#breadcrumb\",\"itemListElement\":[{\"@type\":\"ListItem\",\"position\":1,\"name\":\"Accueil\",\"item\":\"https:\\\/\\\/www.cabasse.com\\\/\"},{\"@type\":\"ListItem\",\"position\":2,\"name\":\"Carri\u00e8re\"}]},{\"@type\":\"WebSite\",\"@id\":\"https:\\\/\\\/www.cabasse.com\\\/#website\",\"url\":\"https:\\\/\\\/www.cabasse.com\\\/\",\"name\":\"Cabasse\",\"description\":\"Cabasse - Acoustic Emotions\",\"publisher\":{\"@id\":\"https:\\\/\\\/www.cabasse.com\\\/#organization\"},\"potentialAction\":[{\"@type\":\"SearchAction\",\"target\":{\"@type\":\"EntryPoint\",\"urlTemplate\":\"https:\\\/\\\/www.cabasse.com\\\/?s={search_term_string}\"},\"query-input\":{\"@type\":\"PropertyValueSpecification\",\"valueRequired\":true,\"valueName\":\"search_term_string\"}}],\"inLanguage\":\"fr-FR\"},{\"@type\":\"Organization\",\"@id\":\"https:\\\/\\\/www.cabasse.com\\\/#organization\",\"name\":\"Cabasse\",\"url\":\"https:\\\/\\\/www.cabasse.com\\\/\",\"logo\":{\"@type\":\"ImageObject\",\"inLanguage\":\"fr-FR\",\"@id\":\"https:\\\/\\\/www.cabasse.com\\\/#\\\/schema\\\/logo\\\/image\\\/\",\"url\":\"https:\\\/\\\/www.cabasse.com\\\/wp-content\\\/uploads\\\/2020\\\/04\\\/cropped-cabasse-logo-192x192-1.png\",\"contentUrl\":\"https:\\\/\\\/www.cabasse.com\\\/wp-content\\\/uploads\\\/2020\\\/04\\\/cropped-cabasse-logo-192x192-1.png\",\"width\":192,\"height\":192,\"caption\":\"Cabasse\"},\"image\":{\"@id\":\"https:\\\/\\\/www.cabasse.com\\\/#\\\/schema\\\/logo\\\/image\\\/\"},\"sameAs\":[\"https:\\\/\\\/www.facebook.com\\\/cabasseofficiel\",\"https:\\\/\\\/x.com\\\/CabasseFR\",\"https:\\\/\\\/www.instagram.com\\\/cabasseacoustic\\\/\",\"https:\\\/\\\/www.youtube.com\\\/channel\\\/UCayQjMTjB3WsOZWDcsGVPAQ\"]}]}<\/script>\n<!-- \/ Yoast SEO plugin. -->","yoast_head_json":{"title":"Carri\u00e8re - Cabasse","robots":{"index":"index","follow":"follow","max-snippet":"max-snippet:-1","max-image-preview":"max-image-preview:large","max-video-preview":"max-video-preview:-1"},"canonical":"https:\/\/www.cabasse.com\/fr\/carriere\/","og_locale":"fr_FR","og_type":"article","og_title":"Carri\u00e8re - Cabasse","og_description":"Vous souhaitez travailler dans une soci\u00e9t\u00e9 dynamique et reconnue ? Alors, venez renforcer nos \u00e9quipes en int\u00e9grant Cabasse ! Envoyez votre candidature \u00e0 l\u2019adresse suivante : HRcabasse@cabassegroup.comCabasse, entreprise fran\u00e7aise cr\u00e9\u00e9e en 1950 s\u2019est depuis toujours attach\u00e9e \u00e0 rechercher une parfaite restitution de la musique et des sons sans aucune alt\u00e9ration, coloration ou distorsion. Entreprise \u00e0 [&hellip;]","og_url":"https:\/\/www.cabasse.com\/fr\/carriere\/","og_site_name":"Cabasse","article_publisher":"https:\/\/www.facebook.com\/cabasseofficiel","article_modified_time":"2024-11-19T10:57:47+00:00","og_image":[{"width":1063,"height":709,"url":"https:\/\/www.cabasse.com\/wp-content\/uploads\/2021\/04\/Pack_lifestyle2_SANTORIN25_iO3_optimise.jpg","type":"image\/jpeg"}],"twitter_card":"summary_large_image","twitter_site":"@CabasseFR","twitter_misc":{"Dur\u00e9e de lecture estim\u00e9e":"2 minutes"},"schema":{"@context":"https:\/\/schema.org","@graph":[{"@type":"WebPage","@id":"https:\/\/www.cabasse.com\/fr\/carriere\/","url":"https:\/\/www.cabasse.com\/fr\/carriere\/","name":"Carri\u00e8re - Cabasse","isPartOf":{"@id":"https:\/\/www.cabasse.com\/#website"},"datePublished":"2020-05-15T15:07:41+00:00","dateModified":"2024-11-19T10:57:47+00:00","breadcrumb":{"@id":"https:\/\/www.cabasse.com\/fr\/carriere\/#breadcrumb"},"inLanguage":"fr-FR","potentialAction":[{"@type":"ReadAction","target":["https:\/\/www.cabasse.com\/fr\/carriere\/"]}]},{"@type":"BreadcrumbList","@id":"https:\/\/www.cabasse.com\/fr\/carriere\/#breadcrumb","itemListElement":[{"@type":"ListItem","position":1,"name":"Accueil","item":"https:\/\/www.cabasse.com\/"},{"@type":"ListItem","position":2,"name":"Carri\u00e8re"}]},{"@type":"WebSite","@id":"https:\/\/www.cabasse.com\/#website","url":"https:\/\/www.cabasse.com\/","name":"Cabasse","description":"Cabasse - Acoustic Emotions","publisher":{"@id":"https:\/\/www.cabasse.com\/#organization"},"potentialAction":[{"@type":"SearchAction","target":{"@type":"EntryPoint","urlTemplate":"https:\/\/www.cabasse.com\/?s={search_term_string}"},"query-input":{"@type":"PropertyValueSpecification","valueRequired":true,"valueName":"search_term_string"}}],"inLanguage":"fr-FR"},{"@type":"Organization","@id":"https:\/\/www.cabasse.com\/#organization","name":"Cabasse","url":"https:\/\/www.cabasse.com\/","logo":{"@type":"ImageObject","inLanguage":"fr-FR","@id":"https:\/\/www.cabasse.com\/#\/schema\/logo\/image\/","url":"https:\/\/www.cabasse.com\/wp-content\/uploads\/2020\/04\/cropped-cabasse-logo-192x192-1.png","contentUrl":"https:\/\/www.cabasse.com\/wp-content\/uploads\/2020\/04\/cropped-cabasse-logo-192x192-1.png","width":192,"height":192,"caption":"Cabasse"},"image":{"@id":"https:\/\/www.cabasse.com\/#\/schema\/logo\/image\/"},"sameAs":["https:\/\/www.facebook.com\/cabasseofficiel","https:\/\/x.com\/CabasseFR","https:\/\/www.instagram.com\/cabasseacoustic\/","https:\/\/www.youtube.com\/channel\/UCayQjMTjB3WsOZWDcsGVPAQ"]}]}},"_links":{"self":[{"href":"https:\/\/www.cabasse.com\/fr\/wp-json\/wp\/v2\/pages\/2314","targetHints":{"allow":["GET"]}}],"collection":[{"href":"https:\/\/www.cabasse.com\/fr\/wp-json\/wp\/v2\/pages"}],"about":[{"href":"https:\/\/www.cabasse.com\/fr\/wp-json\/wp\/v2\/types\/page"}],"author":[{"embeddable":true,"href":"https:\/\/www.cabasse.com\/fr\/wp-json\/wp\/v2\/users\/2"}],"replies":[{"embeddable":true,"href":"https:\/\/www.cabasse.com\/fr\/wp-json\/wp\/v2\/comments?post=2314"}],"version-history":[{"count":0,"href":"https:\/\/www.cabasse.com\/fr\/wp-json\/wp\/v2\/pages\/2314\/revisions"}],"wp:attachment":[{"href":"https:\/\/www.cabasse.com\/fr\/wp-json\/wp\/v2\/media?parent=2314"}],"curies":[{"name":"wp","href":"https:\/\/api.w.org\/{rel}","templated":true}]}}