
  {"id":239843,"date":"2023-11-08T17:39:40","date_gmt":"2023-11-08T16:39:40","guid":{"rendered":"https:\/\/www.cabasse.com\/?page_id=239843"},"modified":"2024-06-19T16:30:28","modified_gmt":"2024-06-19T14:30:28","slug":"offre-qobuz","status":"publish","type":"page","link":"https:\/\/www.cabasse.com\/fr\/offre-qobuz\/","title":{"rendered":"Qobuz-Offre Cabasse"},"content":{"rendered":"<p>[et_pb_section fb_built=\u00a0\u00bb1&Prime; fullwidth=\u00a0\u00bbon\u00a0\u00bb disabled_on=\u00a0\u00bbon|on|off\u00a0\u00bb _builder_version=\u00a0\u00bb4.17.1&Prime; _module_preset=\u00a0\u00bbdefault\u00a0\u00bb global_colors_info=\u00a0\u00bb{}\u00a0\u00bb][et_pb_fullwidth_image src=\u00a0\u00bbhttps:\/\/www.cabasse.com\/wp-content\/uploads\/2024\/06\/Qobuz-FR.jpg\u00a0\u00bb title_text=\u00a0\u00bbQobuz FR\u00a0\u00bb _builder_version=\u00a0\u00bb4.17.1&Prime; _module_preset=\u00a0\u00bbdefault\u00a0\u00bb hover_enabled=\u00a0\u00bb0&Prime; global_colors_info=\u00a0\u00bb{}\u00a0\u00bb sticky_enabled=\u00a0\u00bb0&Prime;][\/et_pb_fullwidth_image][\/et_pb_section][et_pb_section fb_built=\u00a0\u00bb1&Prime; fullwidth=\u00a0\u00bbon\u00a0\u00bb disabled_on=\u00a0\u00bboff|off|on\u00a0\u00bb _builder_version=\u00a0\u00bb4.17.1&Prime; _module_preset=\u00a0\u00bbdefault\u00a0\u00bb global_colors_info=\u00a0\u00bb{}\u00a0\u00bb][et_pb_fullwidth_image src=\u00a0\u00bbhttps:\/\/www.cabasse.com\/wp-content\/uploads\/2024\/06\/Qobuz-SQ-FR.jpg\u00a0\u00bb title_text=\u00a0\u00bbQobuz SQ FR\u00a0\u00bb _builder_version=\u00a0\u00bb4.17.1&Prime; _module_preset=\u00a0\u00bbdefault\u00a0\u00bb hover_enabled=\u00a0\u00bb0&Prime; global_colors_info=\u00a0\u00bb{}\u00a0\u00bb sticky_enabled=\u00a0\u00bb0&Prime;][\/et_pb_fullwidth_image][\/et_pb_section][et_pb_section fb_built=\u00a0\u00bb1&Prime; _builder_version=\u00a0\u00bb4.17.1&Prime; _module_preset=\u00a0\u00bbdefault\u00a0\u00bb background_color=\u00a0\u00bb#000000&Prime; global_colors_info=\u00a0\u00bb{}\u00a0\u00bb][et_pb_row _builder_version=\u00a0\u00bb4.17.1&Prime; _module_preset=\u00a0\u00bbdefault\u00a0\u00bb global_colors_info=\u00a0\u00bb{}\u00a0\u00bb][et_pb_column type=\u00a0\u00bb4_4&Prime; _builder_version=\u00a0\u00bb4.17.1&Prime; _module_preset=\u00a0\u00bbdefault\u00a0\u00bb global_colors_info=\u00a0\u00bb{}\u00a0\u00bb][et_pb_text _builder_version=\u00a0\u00bb4.17.1&Prime; _module_preset=\u00a0\u00bbdefault\u00a0\u00bb custom_margin=\u00a0\u00bb35px||21px||false|false\u00a0\u00bb global_colors_info=\u00a0\u00bb{}\u00a0\u00bb]<\/p>\n<h1><span style=\"color: #ffffff;\"><strong>Pour profiter de mon offre:<\/strong><\/span><\/h1>\n<p>[\/et_pb_text][et_pb_text _builder_version=\u00a0\u00bb4.17.1&Prime; _module_preset=\u00a0\u00bbdefault\u00a0\u00bb text_font_size=\u00a0\u00bb18px\u00a0\u00bb global_colors_info=\u00a0\u00bb{}\u00a0\u00bb]<\/p>\n<p><span style=\"color: #ffffff;\">1) Envoyez\u00a0votre facture (en fichier.PDF ou photo) \u00e0\u00a0<u><strong>qobuz@cabasse.com<\/strong><\/u>, ou en cliquant sur le lien ci-dessous pour r\u00e9cup\u00e9rer votre code cadeau:<\/span><\/p>\n<p><span style=\"color: #ffffff;\"><\/span><\/p>\n<div class=\"lp-positioned-content\">\n<div class=\"lp-element lp-pom-text nlh\" id=\"lp-pom-text-1588\">\n<p><span style=\"color: #ffffff;\">2) Cr\u00e9ez votre compte Qobuz \u00e0 l&rsquo;adresse suivante :\u00a0<a data-params=\"true\" href=\"https:\/\/www.qobuz.com\/signup\" target=\"_blank\" rel=\"noopener\" style=\"color: #ffffff;\">https:\/\/www.qobuz.com\/signup<\/a><\/span><\/p>\n<p><span style=\"color: #ffffff;\">3) Saisissez votre code dans votre profil, rubrique \u00ab\u00a0Mes Codes Cadeaux\u00a0\u00bb et \u00ab\u00a0Je dispose d&rsquo;un code cadeau\u00a0\u00bb.<\/span><\/p>\n<\/div>\n<\/div>\n<p>[\/et_pb_text][\/et_pb_column][\/et_pb_row][et_pb_row column_structure=\u00a0\u00bb1_2,1_2&Prime; _builder_version=\u00a0\u00bb4.17.1&Prime; _module_preset=\u00a0\u00bbdefault\u00a0\u00bb global_colors_info=\u00a0\u00bb{}\u00a0\u00bb][et_pb_column type=\u00a0\u00bb1_2&Prime; _builder_version=\u00a0\u00bb4.17.1&Prime; _module_preset=\u00a0\u00bbdefault\u00a0\u00bb global_colors_info=\u00a0\u00bb{}\u00a0\u00bb][et_pb_text _builder_version=\u00a0\u00bb4.17.1&Prime; _module_preset=\u00a0\u00bbdefault\u00a0\u00bb custom_margin=\u00a0\u00bb35px||21px||false|false\u00a0\u00bb global_colors_info=\u00a0\u00bb{}\u00a0\u00bb]<\/p>\n<h1><span style=\"color: #ffffff;\"><strong>Qobuz est totalement compatible<br \/>avec vos \u00e9quipements Cabasse.<\/strong><\/span><\/h1>\n<p>[\/et_pb_text][et_pb_text _builder_version=\u00a0\u00bb4.17.1&Prime; _module_preset=\u00a0\u00bbdefault\u00a0\u00bb text_font_size=\u00a0\u00bb18px\u00a0\u00bb global_colors_info=\u00a0\u00bb{}\u00a0\u00bb]<\/p>\n<p><span style=\"color: #ffffff;\"><span>Les plus grandes marques de Hi-Fi au monde sont partenaires de Qobuz : <br \/><\/span><\/span><span style=\"color: #ffffff;\"><span>tirez le maximum de votre syst\u00e8me Hi-Fi connect\u00e9.<\/span><\/span><span style=\"color: #ffffff;\"><\/span><\/p>\n<p>[\/et_pb_text][\/et_pb_column][et_pb_column type=\u00a0\u00bb1_2&Prime; _builder_version=\u00a0\u00bb4.17.1&Prime; _module_preset=\u00a0\u00bbdefault\u00a0\u00bb global_colors_info=\u00a0\u00bb{}\u00a0\u00bb][et_pb_text _builder_version=\u00a0\u00bb4.17.1&Prime; _module_preset=\u00a0\u00bbdefault\u00a0\u00bb custom_margin=\u00a0\u00bb35px||21px||false|false\u00a0\u00bb global_colors_info=\u00a0\u00bb{}\u00a0\u00bb]<\/p>\n<h1><span style=\"color: #ffffff;\"><strong><span>Notre passion : <\/span><span>toutes les musiques.<\/span> offre:<\/strong><\/span><\/h1>\n<p>[\/et_pb_text][et_pb_text _builder_version=\u00a0\u00bb4.17.1&Prime; _module_preset=\u00a0\u00bbdefault\u00a0\u00bb text_font_size=\u00a0\u00bb18px\u00a0\u00bb global_colors_info=\u00a0\u00bb{}\u00a0\u00bb]<\/p>\n<p><span style=\"color: #ffffff;\"><\/span><\/p>\n<p><span style=\"color: #ffffff;\">S\u00e9lections, playlists et recommandations exclusives. Sans robots, sans algorithmes, sans artifices. Chez Qobuz, tout est 100% humain. Par passion.<\/span><\/p>\n<p>[\/et_pb_text][\/et_pb_column][\/et_pb_row][\/et_pb_section][et_pb_section fb_built=\u00a0\u00bb1&Prime; fullwidth=\u00a0\u00bbon\u00a0\u00bb disabled_on=\u00a0\u00bbon|off|off\u00a0\u00bb _builder_version=\u00a0\u00bb4.17.1&Prime; _module_preset=\u00a0\u00bbdefault\u00a0\u00bb global_colors_info=\u00a0\u00bb{}\u00a0\u00bb][et_pb_fullwidth_image src=\u00a0\u00bbhttps:\/\/www.cabasse.com\/wp-content\/uploads\/2023\/04\/PELEGRINA_lounge_whitebkg2560x1321.jpg\u00a0\u00bb title_text=\u00a0\u00bbPELEGRINA_lounge_whitebkg2560x1321&Prime; _builder_version=\u00a0\u00bb4.17.1&Prime; _module_preset=\u00a0\u00bbdefault\u00a0\u00bb global_colors_info=\u00a0\u00bb{}\u00a0\u00bb][\/et_pb_fullwidth_image][\/et_pb_section][et_pb_section fb_built=\u00a0\u00bb1&Prime; _builder_version=\u00a0\u00bb4.17.1&Prime; _module_preset=\u00a0\u00bbdefault\u00a0\u00bb background_color=\u00a0\u00bb#000000&Prime; global_colors_info=\u00a0\u00bb{}\u00a0\u00bb][et_pb_row _builder_version=\u00a0\u00bb4.17.1&Prime; _module_preset=\u00a0\u00bbdefault\u00a0\u00bb global_colors_info=\u00a0\u00bb{}\u00a0\u00bb][et_pb_column type=\u00a0\u00bb4_4&Prime; _builder_version=\u00a0\u00bb4.17.1&Prime; _module_preset=\u00a0\u00bbdefault\u00a0\u00bb global_colors_info=\u00a0\u00bb{}\u00a0\u00bb][et_pb_text _builder_version=\u00a0\u00bb4.17.1&Prime; _module_preset=\u00a0\u00bbdefault\u00a0\u00bb custom_margin=\u00a0\u00bb35px||21px||false|false\u00a0\u00bb global_colors_info=\u00a0\u00bb{}\u00a0\u00bb]<\/p>\n<h2><span style=\"color: #ffffff;\"><strong>*2\u00a0mois\u00a0<\/strong><strong>de streaming Qobuz \u00ab\u00a0Hi-Res\u00a0\u00bb offer<\/strong><strong>t<\/strong><strong>s\u00a0<\/strong><strong>pour tout achat d&rsquo;un produit Cabasse<\/strong><\/span><\/h2>\n<p>[\/et_pb_text][et_pb_text _builder_version=\u00a0\u00bb4.17.1&Prime; _module_preset=\u00a0\u00bbdefault\u00a0\u00bb text_font_size=\u00a0\u00bb18px\u00a0\u00bb global_colors_info=\u00a0\u00bb{}\u00a0\u00bb]<\/p>\n<p><span style=\"color: #ffffff;\">L\u2019offre 2 mois d\u2019essai offerts en qualit\u00e9 Hi-Res est valable pour un achat Cabasse \u00e9ligible : le code d&rsquo;activation de l&rsquo;offre sera valable pendant une dur\u00e9e de\u00a0 2 mois \u00e0 partir de la r\u00e9ception du code par email. Pour en b\u00e9n\u00e9ficier, le renseignement des coordonn\u00e9es bancaires est indispensable.\u00a0<\/span><\/p>\n<p><span style=\"color: #ffffff;\">Essai gratuit et sans aucune dur\u00e9e d\u2019engagement r\u00e9serv\u00e9 aux nouveaux clients Qobuz n\u2019ayant jamais b\u00e9n\u00e9fici\u00e9 d\u2019une p\u00e9riode d\u2019essai. Pass\u00e9e la p\u00e9riode offerte, l\u2019abonnement Qobuz Studio Premier sera renouvel\u00e9. Vous pouvez changer ou annuler votre abonnement \u00e0 tout moment.\u00a0<\/span><\/p>\n<p><span style=\"color: #ffffff;\"><strong>1. Liste des produits Cabasse \u00e9ligibles ?\u00a0<\/strong><\/span><\/p>\n<p><span style=\"color: #ffffff;\">THE PEARL PELEGRINA, THE PEARL, THE PEARL AKOYA, THE PEARL SUB, THE PERL KESHI, RIALTO, ABYSS, The Swell, Stream 1, Stream 1 Blue Edition, Stream Source, Stream Amp, Stream BAR, Stream Base, Stream 3.<\/span><\/p>\n<p><strong><span style=\"color: #ffffff;\">2. Dans quels pays cette offre est-elle disponible ?<\/span><\/strong><\/p>\n<p><span style=\"color: #ffffff;\">Allemagne, Australie, Autriche, Belgique, Danemark, Espagne, Etats-Unis, Finlande, France, Italie, Irlande, Luxembourg, Nouvelle-Z\u00e9lande, Norv\u00e8ge, Pays-Bas, Royaume-Uni, Su\u00e8de, Suisse<br \/><\/span><\/p>\n<p><span style=\"color: #ffffff;\"><strong>3. La qualit\u00e9 est-elle vraiment meilleure ?\u00a0<\/strong><\/span><\/p>\n<p><span style=\"color: #ffffff;\">Oui. L\u2019 abonnement Qobuz \u00ab\u00a0Studio Premier\u00a0\u00bb propose l\u2019\u00e9coute de 100% de notre catalogue en Streaming en qualit\u00e9 studio (FLAC 24-Bit jusqu\u2019\u00e0 192 kHz). \u00a0Qobuz Studio propose l&rsquo;\u00e9coute de plus de 80 millions de titres en qualit\u00e9 CD et Hi-Res.<\/span><\/p>\n<p><span style=\"color: #ffffff;\"><strong>4. L&rsquo;essai est-il vraiment gratuit ?\u00a0<\/strong><\/span><\/p>\n<p><span style=\"color: #ffffff;\">Oui. La p\u00e9riode d&rsquo;essai \u00e0 Qobuz vous est offert. En contrepartie, un moyen de paiement valide vous sera demand\u00e9 pour en profiter. Vous ne serez pas d\u00e9bit\u00e9 avant la fin de la p\u00e9riode offerte.\u00a0<\/span><\/p>\n<p><span style=\"color: #ffffff;\"><strong>5. Y a-t-il un engagement ?<\/strong><\/span><\/p>\n<p><span style=\"color: #ffffff;\">Non. Vous pourrez arr\u00eater votre abonnement \u00e0 tout moment, m\u00eame pendant la p\u00e9riode d\u2019essai, dont vous continuerez de profiter jusqu\u2019\u00e0 sa date de fin.<\/span><\/p>\n<p><span style=\"color: #ffffff;\"><strong>6. P<\/strong><strong>eut-on \u00e9couter hors-ligne ?\u00a0<\/strong><\/span><\/p>\n<p><span style=\"color: #ffffff;\">Oui. Vous pouvez importer votre musique pour une \u00e9coute hors-ligne dans toutes\u00a0nos applications pour smartphones, tablettes et ordinateurs, et ce dans la qualit\u00e9 de votre choix.\u00a0<\/span><\/p>\n<p><span style=\"color: #ffffff;\"><strong>7. Puis-je importer mes playlists depuis un autre service ?\u00a0<\/strong><\/span><\/p>\n<p><span style=\"color: #ffffff;\">Oui. Utilisez l\u2019excellent Soundiiz.com ou\u00a0TuneMyMusic.com\u00a0pour transf\u00e9rer vos playlists et favoris depuis le service de streaming que vous souhaitez, il ne vous restera plus qu\u2019\u00e0 essayer la diff\u00e9rence Qobuz<\/span><\/p>\n<p>[\/et_pb_text][\/et_pb_column][\/et_pb_row][\/et_pb_section]<\/p>\n","protected":false},"excerpt":{"rendered":"<p>Pour profiter de mon offre:1) Envoyez\u00a0votre facture (en fichier.PDF ou photo) \u00e0\u00a0qobuz@cabasse.com, ou en cliquant sur le lien ci-dessous pour r\u00e9cup\u00e9rer votre code cadeau: 2) Cr\u00e9ez votre compte Qobuz \u00e0 l&rsquo;adresse suivante :\u00a0https:\/\/www.qobuz.com\/signup 3) Saisissez votre code dans votre profil, rubrique \u00ab\u00a0Mes Codes Cadeaux\u00a0\u00bb et \u00ab\u00a0Je dispose d&rsquo;un code cadeau\u00a0\u00bb. Qobuz est totalement compatibleavec vos [&hellip;]<\/p>\n","protected":false},"author":20,"featured_media":0,"parent":0,"menu_order":0,"comment_status":"closed","ping_status":"closed","template":"","meta":{"_et_pb_use_builder":"on","_et_pb_old_content":"","_et_gb_content_width":"","footnotes":""},"class_list":["post-239843","page","type-page","status-publish","hentry"],"yoast_head":"<!-- This site is optimized with the Yoast SEO plugin v27.4 - https:\/\/yoast.com\/product\/yoast-seo-wordpress\/ -->\n<title>Qobuz-Offre Cabasse - Cabasse<\/title>\n<meta name=\"description\" content=\"2 mois de streaming Qobuz &quot;Hi-Res&quot; offerts pour tout achat d&#039;un syst\u00e8me connect\u00e9 Cabasse. Comment profitez de l&#039;offre ?\" \/>\n<meta name=\"robots\" content=\"index, follow, max-snippet:-1, max-image-preview:large, max-video-preview:-1\" \/>\n<link rel=\"canonical\" href=\"https:\/\/www.cabasse.com\/qobuz-2-month-free\/\" \/>\n<meta property=\"og:locale\" content=\"fr_FR\" \/>\n<meta property=\"og:type\" content=\"article\" \/>\n<meta property=\"og:title\" content=\"Qobuz-Offre Cabasse - Cabasse\" \/>\n<meta property=\"og:description\" content=\"2 mois de streaming Qobuz &quot;Hi-Res&quot; offerts pour tout achat d&#039;un syst\u00e8me connect\u00e9 Cabasse. Comment profitez de l&#039;offre ?\" \/>\n<meta property=\"og:url\" content=\"https:\/\/www.cabasse.com\/qobuz-2-month-free\/\" \/>\n<meta property=\"og:site_name\" content=\"Cabasse\" \/>\n<meta property=\"article:publisher\" content=\"https:\/\/www.facebook.com\/cabasseofficiel\" \/>\n<meta property=\"article:modified_time\" content=\"2024-06-19T14:30:28+00:00\" \/>\n<meta property=\"og:image\" content=\"https:\/\/www.cabasse.com\/wp-content\/uploads\/2021\/04\/Pack_lifestyle2_SANTORIN25_iO3_optimise.jpg\" \/>\n\t<meta property=\"og:image:width\" content=\"1063\" \/>\n\t<meta property=\"og:image:height\" content=\"709\" \/>\n\t<meta property=\"og:image:type\" content=\"image\/jpeg\" \/>\n<meta name=\"twitter:card\" content=\"summary_large_image\" \/>\n<meta name=\"twitter:site\" content=\"@CabasseFR\" \/>\n<meta name=\"twitter:label1\" content=\"Dur\u00e9e de lecture estim\u00e9e\" \/>\n\t<meta name=\"twitter:data1\" content=\"3 minutes\" \/>\n<script type=\"application\/ld+json\" class=\"yoast-schema-graph\">{\"@context\":\"https:\\\/\\\/schema.org\",\"@graph\":[{\"@type\":\"WebPage\",\"@id\":\"https:\\\/\\\/www.cabasse.com\\\/qobuz-2-month-free\\\/\",\"url\":\"https:\\\/\\\/www.cabasse.com\\\/qobuz-2-month-free\\\/\",\"name\":\"Qobuz-Offre Cabasse - Cabasse\",\"isPartOf\":{\"@id\":\"https:\\\/\\\/www.cabasse.com\\\/#website\"},\"datePublished\":\"2023-11-08T16:39:40+00:00\",\"dateModified\":\"2024-06-19T14:30:28+00:00\",\"description\":\"2 mois de streaming Qobuz \\\"Hi-Res\\\" offerts pour tout achat d'un syst\u00e8me connect\u00e9 Cabasse. Comment profitez de l'offre ?\",\"breadcrumb\":{\"@id\":\"https:\\\/\\\/www.cabasse.com\\\/qobuz-2-month-free\\\/#breadcrumb\"},\"inLanguage\":\"fr-FR\",\"potentialAction\":[{\"@type\":\"ReadAction\",\"target\":[\"https:\\\/\\\/www.cabasse.com\\\/qobuz-2-month-free\\\/\"]}]},{\"@type\":\"BreadcrumbList\",\"@id\":\"https:\\\/\\\/www.cabasse.com\\\/qobuz-2-month-free\\\/#breadcrumb\",\"itemListElement\":[{\"@type\":\"ListItem\",\"position\":1,\"name\":\"Accueil\",\"item\":\"https:\\\/\\\/www.cabasse.com\\\/\"},{\"@type\":\"ListItem\",\"position\":2,\"name\":\"Qobuz-Offre Cabasse\"}]},{\"@type\":\"WebSite\",\"@id\":\"https:\\\/\\\/www.cabasse.com\\\/#website\",\"url\":\"https:\\\/\\\/www.cabasse.com\\\/\",\"name\":\"Cabasse\",\"description\":\"Cabasse - Acoustic Emotions\",\"publisher\":{\"@id\":\"https:\\\/\\\/www.cabasse.com\\\/#organization\"},\"potentialAction\":[{\"@type\":\"SearchAction\",\"target\":{\"@type\":\"EntryPoint\",\"urlTemplate\":\"https:\\\/\\\/www.cabasse.com\\\/?s={search_term_string}\"},\"query-input\":{\"@type\":\"PropertyValueSpecification\",\"valueRequired\":true,\"valueName\":\"search_term_string\"}}],\"inLanguage\":\"fr-FR\"},{\"@type\":\"Organization\",\"@id\":\"https:\\\/\\\/www.cabasse.com\\\/#organization\",\"name\":\"Cabasse\",\"url\":\"https:\\\/\\\/www.cabasse.com\\\/\",\"logo\":{\"@type\":\"ImageObject\",\"inLanguage\":\"fr-FR\",\"@id\":\"https:\\\/\\\/www.cabasse.com\\\/#\\\/schema\\\/logo\\\/image\\\/\",\"url\":\"https:\\\/\\\/www.cabasse.com\\\/wp-content\\\/uploads\\\/2020\\\/04\\\/cropped-cabasse-logo-192x192-1.png\",\"contentUrl\":\"https:\\\/\\\/www.cabasse.com\\\/wp-content\\\/uploads\\\/2020\\\/04\\\/cropped-cabasse-logo-192x192-1.png\",\"width\":192,\"height\":192,\"caption\":\"Cabasse\"},\"image\":{\"@id\":\"https:\\\/\\\/www.cabasse.com\\\/#\\\/schema\\\/logo\\\/image\\\/\"},\"sameAs\":[\"https:\\\/\\\/www.facebook.com\\\/cabasseofficiel\",\"https:\\\/\\\/x.com\\\/CabasseFR\",\"https:\\\/\\\/www.instagram.com\\\/cabasseacoustic\\\/\",\"https:\\\/\\\/www.youtube.com\\\/channel\\\/UCayQjMTjB3WsOZWDcsGVPAQ\"]}]}<\/script>\n<!-- \/ Yoast SEO plugin. -->","yoast_head_json":{"title":"Qobuz-Offre Cabasse - Cabasse","description":"2 mois de streaming Qobuz \"Hi-Res\" offerts pour tout achat d'un syst\u00e8me connect\u00e9 Cabasse. Comment profitez de l'offre ?","robots":{"index":"index","follow":"follow","max-snippet":"max-snippet:-1","max-image-preview":"max-image-preview:large","max-video-preview":"max-video-preview:-1"},"canonical":"https:\/\/www.cabasse.com\/qobuz-2-month-free\/","og_locale":"fr_FR","og_type":"article","og_title":"Qobuz-Offre Cabasse - Cabasse","og_description":"2 mois de streaming Qobuz \"Hi-Res\" offerts pour tout achat d'un syst\u00e8me connect\u00e9 Cabasse. Comment profitez de l'offre ?","og_url":"https:\/\/www.cabasse.com\/qobuz-2-month-free\/","og_site_name":"Cabasse","article_publisher":"https:\/\/www.facebook.com\/cabasseofficiel","article_modified_time":"2024-06-19T14:30:28+00:00","og_image":[{"width":1063,"height":709,"url":"https:\/\/www.cabasse.com\/wp-content\/uploads\/2021\/04\/Pack_lifestyle2_SANTORIN25_iO3_optimise.jpg","type":"image\/jpeg"}],"twitter_card":"summary_large_image","twitter_site":"@CabasseFR","twitter_misc":{"Dur\u00e9e de lecture estim\u00e9e":"3 minutes"},"schema":{"@context":"https:\/\/schema.org","@graph":[{"@type":"WebPage","@id":"https:\/\/www.cabasse.com\/qobuz-2-month-free\/","url":"https:\/\/www.cabasse.com\/qobuz-2-month-free\/","name":"Qobuz-Offre Cabasse - Cabasse","isPartOf":{"@id":"https:\/\/www.cabasse.com\/#website"},"datePublished":"2023-11-08T16:39:40+00:00","dateModified":"2024-06-19T14:30:28+00:00","description":"2 mois de streaming Qobuz \"Hi-Res\" offerts pour tout achat d'un syst\u00e8me connect\u00e9 Cabasse. Comment profitez de l'offre ?","breadcrumb":{"@id":"https:\/\/www.cabasse.com\/qobuz-2-month-free\/#breadcrumb"},"inLanguage":"fr-FR","potentialAction":[{"@type":"ReadAction","target":["https:\/\/www.cabasse.com\/qobuz-2-month-free\/"]}]},{"@type":"BreadcrumbList","@id":"https:\/\/www.cabasse.com\/qobuz-2-month-free\/#breadcrumb","itemListElement":[{"@type":"ListItem","position":1,"name":"Accueil","item":"https:\/\/www.cabasse.com\/"},{"@type":"ListItem","position":2,"name":"Qobuz-Offre Cabasse"}]},{"@type":"WebSite","@id":"https:\/\/www.cabasse.com\/#website","url":"https:\/\/www.cabasse.com\/","name":"Cabasse","description":"Cabasse - Acoustic Emotions","publisher":{"@id":"https:\/\/www.cabasse.com\/#organization"},"potentialAction":[{"@type":"SearchAction","target":{"@type":"EntryPoint","urlTemplate":"https:\/\/www.cabasse.com\/?s={search_term_string}"},"query-input":{"@type":"PropertyValueSpecification","valueRequired":true,"valueName":"search_term_string"}}],"inLanguage":"fr-FR"},{"@type":"Organization","@id":"https:\/\/www.cabasse.com\/#organization","name":"Cabasse","url":"https:\/\/www.cabasse.com\/","logo":{"@type":"ImageObject","inLanguage":"fr-FR","@id":"https:\/\/www.cabasse.com\/#\/schema\/logo\/image\/","url":"https:\/\/www.cabasse.com\/wp-content\/uploads\/2020\/04\/cropped-cabasse-logo-192x192-1.png","contentUrl":"https:\/\/www.cabasse.com\/wp-content\/uploads\/2020\/04\/cropped-cabasse-logo-192x192-1.png","width":192,"height":192,"caption":"Cabasse"},"image":{"@id":"https:\/\/www.cabasse.com\/#\/schema\/logo\/image\/"},"sameAs":["https:\/\/www.facebook.com\/cabasseofficiel","https:\/\/x.com\/CabasseFR","https:\/\/www.instagram.com\/cabasseacoustic\/","https:\/\/www.youtube.com\/channel\/UCayQjMTjB3WsOZWDcsGVPAQ"]}]}},"_links":{"self":[{"href":"https:\/\/www.cabasse.com\/fr\/wp-json\/wp\/v2\/pages\/239843","targetHints":{"allow":["GET"]}}],"collection":[{"href":"https:\/\/www.cabasse.com\/fr\/wp-json\/wp\/v2\/pages"}],"about":[{"href":"https:\/\/www.cabasse.com\/fr\/wp-json\/wp\/v2\/types\/page"}],"author":[{"embeddable":true,"href":"https:\/\/www.cabasse.com\/fr\/wp-json\/wp\/v2\/users\/20"}],"replies":[{"embeddable":true,"href":"https:\/\/www.cabasse.com\/fr\/wp-json\/wp\/v2\/comments?post=239843"}],"version-history":[{"count":0,"href":"https:\/\/www.cabasse.com\/fr\/wp-json\/wp\/v2\/pages\/239843\/revisions"}],"wp:attachment":[{"href":"https:\/\/www.cabasse.com\/fr\/wp-json\/wp\/v2\/media?parent=239843"}],"curies":[{"name":"wp","href":"https:\/\/api.w.org\/{rel}","templated":true}]}}