
  {"id":253265,"date":"2026-01-29T12:31:34","date_gmt":"2026-01-29T11:31:34","guid":{"rendered":"https:\/\/www.cabasse.com\/?page_id=253265"},"modified":"2026-01-29T17:10:45","modified_gmt":"2026-01-29T16:10:45","slug":"selections-posts-du-mois","status":"publish","type":"page","link":"https:\/\/www.cabasse.com\/fr\/selections-posts-du-mois\/","title":{"rendered":"S\u00e9l\u00e9ctions posts du mois"},"content":{"rendered":"<p>[et_pb_section fb_built=\u00a0\u00bb1&Prime; fullwidth=\u00a0\u00bbon\u00a0\u00bb _builder_version=\u00a0\u00bb4.27.4&Prime; _module_preset=\u00a0\u00bbdefault\u00a0\u00bb background_color=\u00a0\u00bb#000000&Prime; locked=\u00a0\u00bboff\u00a0\u00bb global_colors_info=\u00a0\u00bb{}\u00a0\u00bb][et_pb_fullwidth_image src=\u00a0\u00bbhttps:\/\/www.cabasse.com\/wp-content\/uploads\/2025\/05\/tr.png\u00a0\u00bb title_text=\u00a0\u00bbtr\u00a0\u00bb _builder_version=\u00a0\u00bb4.27.4&Prime; _module_preset=\u00a0\u00bbdefault\u00a0\u00bb global_colors_info=\u00a0\u00bb{}\u00a0\u00bb][\/et_pb_fullwidth_image][\/et_pb_section][et_pb_section fb_built=\u00a0\u00bb1&Prime; _builder_version=\u00a0\u00bb4.27.4&Prime; _module_preset=\u00a0\u00bbdefault\u00a0\u00bb background_color=\u00a0\u00bb#000000&Prime; custom_padding=\u00a0\u00bb49px|||||\u00a0\u00bb global_colors_info=\u00a0\u00bb{}\u00a0\u00bb][et_pb_row _builder_version=\u00a0\u00bb4.27.4&Prime; _module_preset=\u00a0\u00bbdefault\u00a0\u00bb locked=\u00a0\u00bboff\u00a0\u00bb global_colors_info=\u00a0\u00bb{}\u00a0\u00bb][et_pb_column type=\u00a0\u00bb4_4&Prime; _builder_version=\u00a0\u00bb4.27.4&Prime; _module_preset=\u00a0\u00bbdefault\u00a0\u00bb global_colors_info=\u00a0\u00bb{}\u00a0\u00bb][et_pb_text _builder_version=\u00a0\u00bb4.27.4&Prime; _module_preset=\u00a0\u00bbdefault\u00a0\u00bb header_2_font=\u00a0\u00bb|300|||||||\u00a0\u00bb header_2_text_color=\u00a0\u00bb#FFFFFF\u00a0\u00bb header_2_font_size=\u00a0\u00bb40px\u00a0\u00bb global_colors_info=\u00a0\u00bb{}\u00a0\u00bb]<\/p>\n<h2 style=\"text-align: center;\">S\u00e9l\u00e9ction posts du mois de f\u00e9vrier<\/h2>\n<p>[\/et_pb_text][\/et_pb_column][\/et_pb_row][et_pb_row column_structure=\u00a0\u00bb1_4,1_4,1_4,1_4&Prime; _builder_version=\u00a0\u00bb4.27.4&Prime; _module_preset=\u00a0\u00bbdefault\u00a0\u00bb locked=\u00a0\u00bboff\u00a0\u00bb global_colors_info=\u00a0\u00bb{}\u00a0\u00bb][et_pb_column type=\u00a0\u00bb1_4&Prime; _builder_version=\u00a0\u00bb4.27.4&Prime; _module_preset=\u00a0\u00bbdefault\u00a0\u00bb global_colors_info=\u00a0\u00bb{}\u00a0\u00bb theme_builder_area=\u00a0\u00bbpost_content\u00a0\u00bb][et_pb_image src=\u00a0\u00bbhttps:\/\/www.cabasse.com\/wp-content\/uploads\/2026\/01\/THE-PEARL-MYUKI-The-times-fr.jpg\u00a0\u00bb title_text=\u00a0\u00bbTHE PEARL MYUKI &#8211; The times &#8211; fr\u00a0\u00bb url=\u00a0\u00bbhttps:\/\/www.cabasse.com\/wp-content\/uploads\/2026\/01\/THE-PEARL-MYUKI-The-times-en.jpg\u00a0\u00bb _builder_version=\u00a0\u00bb4.27.4&Prime; _module_preset=\u00a0\u00bbdefault\u00a0\u00bb custom_margin=\u00a0\u00bb||19px|||\u00a0\u00bb hover_enabled=\u00a0\u00bb0&Prime; global_colors_info=\u00a0\u00bb{}\u00a0\u00bb sticky_enabled=\u00a0\u00bb0&Prime; theme_builder_area=\u00a0\u00bbpost_content\u00a0\u00bb][\/et_pb_image][et_pb_text _builder_version=\u00a0\u00bb4.27.4&Prime; _module_preset=\u00a0\u00bbdefault\u00a0\u00bb text_font_size=\u00a0\u00bb15px\u00a0\u00bb custom_margin=\u00a0\u00bb||23px|||\u00a0\u00bb hover_enabled=\u00a0\u00bb0&Prime; global_colors_info=\u00a0\u00bb{}\u00a0\u00bb sticky_enabled=\u00a0\u00bb0&Prime; theme_builder_area=\u00a0\u00bbpost_content\u00a0\u00bb]<\/p>\n<p style=\"text-align: left;\"><strong><span style=\"color: #ffffff;\">1. Appyuer sur\u00a0 l&rsquo;image pour la t\u00e9l\u00e9charger\u00a0<br \/><\/span><\/strong><strong><span style=\"color: #ffffff;\">2. Copier coller le texte\u00a0 <\/span><\/strong><strong><span style=\"color: #ffffff;\">\u2193<\/span><\/strong><strong><span style=\"color: #ffffff;\"><br \/><\/span><\/strong><\/p>\n<p>[\/et_pb_text][et_pb_text _builder_version=\u00a0\u00bb4.27.4&Prime; _module_preset=\u00a0\u00bbdefault\u00a0\u00bb hover_enabled=\u00a0\u00bb0&Prime; global_colors_info=\u00a0\u00bb{}\u00a0\u00bb sticky_enabled=\u00a0\u00bb0&Prime; theme_builder_area=\u00a0\u00bbpost_content\u00a0\u00bb]<\/p>\n<p><span style=\"color: #ffffff;\">THE PEARL MYUKI &#8211; Cabasse \u2013 s\u00e9lectionn\u00e9 par la r\u00e9daction de @The Times :<\/span><br \/><span style=\"color: #ffffff;\">\u00ab Inspir\u00e9 de la tradition des enceintes La Sph\u00e8re de la marque bretonne, ce syst\u00e8me luxueux adopte une g\u00e9om\u00e9trie radiale con\u00e7ue pour r\u00e9duire la diffraction des ondes.<\/span><br \/><span style=\"color: #ffffff;\">Ce haut-parleur trois voies de 2 kg, \u00e9quip\u00e9 de woofers en configuration push-pull, se d\u00e9place ais\u00e9ment d\u2019une pi\u00e8ce \u00e0 l\u2019autre gr\u00e2ce \u00e0 sa poign\u00e9e int\u00e9gr\u00e9e ou \u00e0 son sac de transport inclus \u00bb.<\/span><br \/><span style=\"color: #ffffff;\">Article : https:\/\/bit.ly\/3L7mRtA<\/span><br \/><span style=\"color: #ffffff;\">Pour en savoir plus sur THE PEARL MYUKI : https:\/\/www.cabasse.com\/fr\/the-pearl-myuki-fr\/<\/span><\/p>\n<p><span style=\"color: #ffffff;\">#cabasse @cabasseacoustic #highendaudio #hifi #audiophile #frenchluxury<\/span><\/p>\n<p>[\/et_pb_text][\/et_pb_column][et_pb_column type=\u00a0\u00bb1_4&Prime; _builder_version=\u00a0\u00bb4.27.4&Prime; _module_preset=\u00a0\u00bbdefault\u00a0\u00bb global_colors_info=\u00a0\u00bb{}\u00a0\u00bb theme_builder_area=\u00a0\u00bbpost_content\u00a0\u00bb][et_pb_image src=\u00a0\u00bbhttps:\/\/www.cabasse.com\/wp-content\/uploads\/2026\/01\/THE-PEARL-PELEGRINA-@atr.audiotrade.jpg\u00a0\u00bb title_text=\u00a0\u00bbTHE PEARL PELEGRINA &#8211; @atr.audiotrade\u00a0\u00bb url=\u00a0\u00bbhttps:\/\/www.cabasse.com\/wp-content\/uploads\/2026\/01\/THE-PEARL-MYUKI-The-times-en.jpg\u00a0\u00bb _builder_version=\u00a0\u00bb4.27.4&Prime; _module_preset=\u00a0\u00bbdefault\u00a0\u00bb custom_margin=\u00a0\u00bb||19px|||\u00a0\u00bb hover_enabled=\u00a0\u00bb0&Prime; global_colors_info=\u00a0\u00bb{}\u00a0\u00bb sticky_enabled=\u00a0\u00bb0&Prime; theme_builder_area=\u00a0\u00bbpost_content\u00a0\u00bb][\/et_pb_image][et_pb_text _builder_version=\u00a0\u00bb4.27.4&Prime; _module_preset=\u00a0\u00bbdefault\u00a0\u00bb text_font_size=\u00a0\u00bb15px\u00a0\u00bb custom_margin=\u00a0\u00bb||23px|||\u00a0\u00bb hover_enabled=\u00a0\u00bb0&Prime; global_colors_info=\u00a0\u00bb{}\u00a0\u00bb sticky_enabled=\u00a0\u00bb0&Prime; theme_builder_area=\u00a0\u00bbpost_content\u00a0\u00bb]<\/p>\n<p style=\"text-align: left;\"><strong><span style=\"color: #ffffff;\">1. Appyuer sur\u00a0 l&rsquo;image pour la t\u00e9l\u00e9charger\u00a0<br \/><\/span><\/strong><strong><span style=\"color: #ffffff;\">2. Copier coller le texte\u00a0 <\/span><\/strong><strong><span style=\"color: #ffffff;\">\u2193<\/span><\/strong><strong><span style=\"color: #ffffff;\"><br \/><\/span><\/strong><\/p>\n<p>[\/et_pb_text][et_pb_text _builder_version=\u00a0\u00bb4.27.4&Prime; _module_preset=\u00a0\u00bbdefault\u00a0\u00bb hover_enabled=\u00a0\u00bb0&Prime; global_colors_info=\u00a0\u00bb{}\u00a0\u00bb sticky_enabled=\u00a0\u00bb0&Prime; theme_builder_area=\u00a0\u00bbpost_content\u00a0\u00bb]<\/p>\n<p><span style=\"color: #ffffff;\">Un Chef-d&rsquo;\u0152uvre Acoustique \ud83d\udd0a<br \/>THE PEARL PELEGRINA, le syst\u00e8me haute r\u00e9solution d\u2019exception Cabasse, dot\u00e9 de 2 enceintes actives, d\u00e9sign\u00e9 et produit en France dans les ateliers de la marque en Bretagne.<br \/>Style \u00e9lanc\u00e9, pied en forme de Lissajous, \u00e9quip\u00e9 des meilleures technologies de la marque, THE PEARL PELEGRINA est la r\u00e9f\u00e9rence des syst\u00e8mes connect\u00e9s de luxe.<br \/>Avez-vous d\u00e9j\u00e0 eu l\u2019occasion de la voir et l\u2019entendre ? Racontez-nous votre exp\u00e9rience !<br \/>Pour en savoir plus : https:\/\/www.cabasse.com\/fr\/the-pearl-pelegrina\/ you ever listened to the High-Resolution Connected Sound through THE PEARL PELEGRINA ?<\/span><\/p>\n<p><span style=\"color: #ffffff;\">This audio system is the quintessence of Cabasse\u2019s unique acoustic know- how and its latest technologies : an exceptional connected Hi-Fi system !<\/span><\/p>\n<p><span style=\"color: #ffffff;\">Pour en savoir plus www.cabasse.com<\/span><\/p>\n<p><span style=\"color: #ffffff;\">#cabasse @cabasseacoustic #highendaudio #hifi #audiophile #frenchluxury#thepearlpelegrina #luxuryaudio<\/span><\/p>\n<p><span style=\"color: #ffffff;\">Credit: @atr.audiotrade<\/span><\/p>\n<p>[\/et_pb_text][\/et_pb_column][et_pb_column type=\u00a0\u00bb1_4&Prime; _builder_version=\u00a0\u00bb4.27.4&Prime; _module_preset=\u00a0\u00bbdefault\u00a0\u00bb global_colors_info=\u00a0\u00bb{}\u00a0\u00bb theme_builder_area=\u00a0\u00bbpost_content\u00a0\u00bb][et_pb_image src=\u00a0\u00bbhttps:\/\/www.cabasse.com\/wp-content\/uploads\/2026\/01\/Murano-Amp-240S-@capitolaudio-1.jpg\u00a0\u00bb title_text=\u00a0\u00bbMurano &#8211; Amp 240S &#8211; @capitolaudio\u00a0\u00bb url=\u00a0\u00bbhttps:\/\/www.cabasse.com\/wp-content\/uploads\/2026\/01\/THE-PEARL-MYUKI-The-times-en.jpg\u00a0\u00bb _builder_version=\u00a0\u00bb4.27.4&Prime; _module_preset=\u00a0\u00bbdefault\u00a0\u00bb custom_margin=\u00a0\u00bb||19px|||\u00a0\u00bb hover_enabled=\u00a0\u00bb0&Prime; global_colors_info=\u00a0\u00bb{}\u00a0\u00bb sticky_enabled=\u00a0\u00bb0&Prime; theme_builder_area=\u00a0\u00bbpost_content\u00a0\u00bb][\/et_pb_image][et_pb_text _builder_version=\u00a0\u00bb4.27.4&Prime; _module_preset=\u00a0\u00bbdefault\u00a0\u00bb text_font_size=\u00a0\u00bb15px\u00a0\u00bb custom_margin=\u00a0\u00bb||23px|||\u00a0\u00bb hover_enabled=\u00a0\u00bb0&Prime; global_colors_info=\u00a0\u00bb{}\u00a0\u00bb sticky_enabled=\u00a0\u00bb0&Prime; theme_builder_area=\u00a0\u00bbpost_content\u00a0\u00bb]<\/p>\n<p style=\"text-align: left;\"><strong><span style=\"color: #ffffff;\">1. Appyuer sur\u00a0 l&rsquo;image pour la t\u00e9l\u00e9charger\u00a0<br \/><\/span><\/strong><strong><span style=\"color: #ffffff;\">2. Copier coller le texte\u00a0 <\/span><\/strong><strong><span style=\"color: #ffffff;\">\u2193<\/span><\/strong><strong><span style=\"color: #ffffff;\"><br \/><\/span><\/strong><\/p>\n<p>[\/et_pb_text][et_pb_text _builder_version=\u00a0\u00bb4.27.4&Prime; _module_preset=\u00a0\u00bbdefault\u00a0\u00bb hover_enabled=\u00a0\u00bb0&Prime; global_colors_info=\u00a0\u00bb{}\u00a0\u00bb sticky_enabled=\u00a0\u00bb0&Prime; theme_builder_area=\u00a0\u00bbpost_content\u00a0\u00bb]<\/p>\n<p><span style=\"color: #ffffff;\">Enceintes d\u2019exception &#8211; [Made in France]<\/span><\/p>\n<p><span style=\"color: #ffffff;\">Avez-vous d\u00e9j\u00e0 \u00e9cout\u00e9 les enceintes Murano ? Partagez-nous votre exp\u00e9rience\u2026<\/span><br \/><span style=\"color: #ffffff;\">Les enceintes Hi-fi passives Murano offrent une finition luxueuse (acajou brillant, blanc laqu\u00e9, noir laqu\u00e9) et soign\u00e9e issue d\u2019une conception et d\u2019un assemblage minutieux dans nos ateliers en Bretagne.<\/span><br \/><span style=\"color: #ffffff;\">Compactes &amp; \u00e9l\u00e9gantes, les Murano garantissent une parfaite fid\u00e9lit\u00e9 des timbres, ainsi qu\u2019une profondeur et un r\u00e9alisme de l\u2019image sonore in\u00e9galables.<\/span><\/p>\n<p><span style=\"color: #ffffff;\">Pour en savoir plus : https:\/\/www.cabasse.com\/fr\/murano\/<br \/>R\u00e9servez une \u00e9coute.<\/span><\/p>\n<p><span style=\"color: #ffffff;\">#cabassespeakers #highendaudio #frenchluxury<\/span><\/p>\n<p><span style=\"color: #ffffff;\">Cr\u00e9dit photo: @Capitol Audio<\/span><\/p>\n<p><span style=\"color: #ffffff;\">#cabasse @cabasseacoustic #highendaudio #hifi #audiophile #frenchluxury<\/span><\/p>\n<p>[\/et_pb_text][\/et_pb_column][et_pb_column type=\u00a0\u00bb1_4&Prime; _builder_version=\u00a0\u00bb4.27.4&Prime; _module_preset=\u00a0\u00bbdefault\u00a0\u00bb global_colors_info=\u00a0\u00bb{}\u00a0\u00bb theme_builder_area=\u00a0\u00bbpost_content\u00a0\u00bb][et_pb_image src=\u00a0\u00bbhttps:\/\/www.cabasse.com\/wp-content\/uploads\/2026\/01\/HELD-Technology.jpg\u00a0\u00bb title_text=\u00a0\u00bbHELD &#8211; Technology\u00a0\u00bb url=\u00a0\u00bbhttps:\/\/www.cabasse.com\/wp-content\/uploads\/2026\/01\/THE-PEARL-MYUKI-The-times-en.jpg\u00a0\u00bb _builder_version=\u00a0\u00bb4.27.4&Prime; _module_preset=\u00a0\u00bbdefault\u00a0\u00bb custom_margin=\u00a0\u00bb||19px|||\u00a0\u00bb hover_enabled=\u00a0\u00bb0&Prime; global_colors_info=\u00a0\u00bb{}\u00a0\u00bb sticky_enabled=\u00a0\u00bb0&Prime; theme_builder_area=\u00a0\u00bbpost_content\u00a0\u00bb][\/et_pb_image][et_pb_text _builder_version=\u00a0\u00bb4.27.4&Prime; _module_preset=\u00a0\u00bbdefault\u00a0\u00bb text_font_size=\u00a0\u00bb15px\u00a0\u00bb custom_margin=\u00a0\u00bb||23px|||\u00a0\u00bb hover_enabled=\u00a0\u00bb0&Prime; global_colors_info=\u00a0\u00bb{}\u00a0\u00bb sticky_enabled=\u00a0\u00bb0&Prime; theme_builder_area=\u00a0\u00bbpost_content\u00a0\u00bb]<\/p>\n<p style=\"text-align: left;\"><strong><span style=\"color: #ffffff;\">1. Appyuer sur\u00a0 l&rsquo;image pour la t\u00e9l\u00e9charger\u00a0<br \/><\/span><\/strong><strong><span style=\"color: #ffffff;\">2. Copier coller le texte\u00a0 <\/span><\/strong><strong><span style=\"color: #ffffff;\">\u2193<\/span><\/strong><strong><span style=\"color: #ffffff;\"><br \/><\/span><\/strong><\/p>\n<p>[\/et_pb_text][et_pb_text _builder_version=\u00a0\u00bb4.27.4&Prime; _module_preset=\u00a0\u00bbdefault\u00a0\u00bb hover_enabled=\u00a0\u00bb0&Prime; global_colors_info=\u00a0\u00bb{}\u00a0\u00bb sticky_enabled=\u00a0\u00bb0&Prime; theme_builder_area=\u00a0\u00bbpost_content\u00a0\u00bb]<\/p>\n<p><span style=\"color: #ffffff;\">Connaissez-vous la technologie HELD?<\/span><\/p>\n<p><span style=\"color: #ffffff;\">Cette combinaison de technologies Cabasse brevet\u00e9e vous permet de percevoir toute la dynamique de vos musiques pr\u00e9f\u00e9r\u00e9es, des sons les plus subtils aux \u00e9clats les plus percutants, sans \u00e9cr\u00eatage ni distorsion.<\/span><\/p>\n<p><span style=\"color: #ffffff;\">La conception du moteur est parfaitement sym\u00e9trique (double bobinage\/double entrefer) type underhung. L\u2019excursion est parfaitement lin\u00e9aire. La variation d\u2019inductance est faible et sym\u00e9trique avec une excellente tenue en puissance. L\u2019\u00e9quipage mobile permet \u00e0 la bobine de traverser le moteur et permet de d\u00e9porter la suspension arri\u00e8re au plus loin de la suspension avant pour un guidage optimal.<\/span><br \/><span style=\"color: #ffffff;\">Ce type de Haut Parleur est pr\u00e9sent sur LA SPHERE EVO, THE PEARL PELEGRINA, THE PEARL, THE PEARL AKOYA, RIALTO et SUB.<\/span><\/p>\n<p><span style=\"color: #ffffff;\">Pour en savoir plus sur les technologies Cabasse: https:\/\/www.cabasse.com\/fr\/technologies\/\u00a0<\/span><\/p>\n<p><span style=\"color: #ffffff;\">#technology #hifi #bass #woofer #technology #hifi #bass #woofer @cabasseacoustic #cabasse #highendaudio<\/span><\/p>\n<p>[\/et_pb_text][\/et_pb_column][\/et_pb_row][\/et_pb_section]<\/p>\n","protected":false},"excerpt":{"rendered":"<p>S\u00e9l\u00e9ction posts du mois de f\u00e9vrier1. Appyuer sur\u00a0 l&rsquo;image pour la t\u00e9l\u00e9charger\u00a02. Copier coller le texte\u00a0 \u2193THE PEARL MYUKI &#8211; Cabasse \u2013 s\u00e9lectionn\u00e9 par la r\u00e9daction de @The Times :\u00ab Inspir\u00e9 de la tradition des enceintes La Sph\u00e8re de la marque bretonne, ce syst\u00e8me luxueux adopte une g\u00e9om\u00e9trie radiale con\u00e7ue pour r\u00e9duire la diffraction des [&hellip;]<\/p>\n","protected":false},"author":20,"featured_media":0,"parent":0,"menu_order":0,"comment_status":"closed","ping_status":"closed","template":"","meta":{"_et_pb_use_builder":"on","_et_pb_old_content":"","_et_gb_content_width":"","footnotes":""},"class_list":["post-253265","page","type-page","status-publish","hentry"],"yoast_head":"<!-- This site is optimized with the Yoast SEO plugin v27.4 - https:\/\/yoast.com\/product\/yoast-seo-wordpress\/ -->\n<title>S\u00e9l\u00e9ctions posts du mois - Cabasse<\/title>\n<meta name=\"robots\" content=\"index, follow, max-snippet:-1, max-image-preview:large, max-video-preview:-1\" \/>\n<link rel=\"canonical\" href=\"https:\/\/www.cabasse.com\/fr\/selections-posts-du-mois\/\" \/>\n<meta property=\"og:locale\" content=\"fr_FR\" \/>\n<meta property=\"og:type\" content=\"article\" \/>\n<meta property=\"og:title\" content=\"S\u00e9l\u00e9ctions posts du mois - Cabasse\" \/>\n<meta property=\"og:description\" content=\"S\u00e9l\u00e9ction posts du mois de f\u00e9vrier1. Appyuer sur\u00a0 l&#039;image pour la t\u00e9l\u00e9charger\u00a02. Copier coller le texte\u00a0 \u2193THE PEARL MYUKI - Cabasse \u2013 s\u00e9lectionn\u00e9 par la r\u00e9daction de @The Times :\u00ab Inspir\u00e9 de la tradition des enceintes La Sph\u00e8re de la marque bretonne, ce syst\u00e8me luxueux adopte une g\u00e9om\u00e9trie radiale con\u00e7ue pour r\u00e9duire la diffraction des [&hellip;]\" \/>\n<meta property=\"og:url\" content=\"https:\/\/www.cabasse.com\/fr\/selections-posts-du-mois\/\" \/>\n<meta property=\"og:site_name\" content=\"Cabasse\" \/>\n<meta property=\"article:publisher\" content=\"https:\/\/www.facebook.com\/cabasseofficiel\" \/>\n<meta property=\"article:modified_time\" content=\"2026-01-29T16:10:45+00:00\" \/>\n<meta property=\"og:image\" content=\"https:\/\/www.cabasse.com\/wp-content\/uploads\/2021\/04\/Pack_lifestyle2_SANTORIN25_iO3_optimise.jpg\" \/>\n\t<meta property=\"og:image:width\" content=\"1063\" \/>\n\t<meta property=\"og:image:height\" content=\"709\" \/>\n\t<meta property=\"og:image:type\" content=\"image\/jpeg\" \/>\n<meta name=\"twitter:card\" content=\"summary_large_image\" \/>\n<meta name=\"twitter:site\" content=\"@CabasseFR\" \/>\n<script type=\"application\/ld+json\" class=\"yoast-schema-graph\">{\"@context\":\"https:\\\/\\\/schema.org\",\"@graph\":[{\"@type\":\"WebPage\",\"@id\":\"https:\\\/\\\/www.cabasse.com\\\/fr\\\/selections-posts-du-mois\\\/\",\"url\":\"https:\\\/\\\/www.cabasse.com\\\/fr\\\/selections-posts-du-mois\\\/\",\"name\":\"S\u00e9l\u00e9ctions posts du mois - Cabasse\",\"isPartOf\":{\"@id\":\"https:\\\/\\\/www.cabasse.com\\\/#website\"},\"datePublished\":\"2026-01-29T11:31:34+00:00\",\"dateModified\":\"2026-01-29T16:10:45+00:00\",\"breadcrumb\":{\"@id\":\"https:\\\/\\\/www.cabasse.com\\\/fr\\\/selections-posts-du-mois\\\/#breadcrumb\"},\"inLanguage\":\"fr-FR\",\"potentialAction\":[{\"@type\":\"ReadAction\",\"target\":[\"https:\\\/\\\/www.cabasse.com\\\/fr\\\/selections-posts-du-mois\\\/\"]}]},{\"@type\":\"BreadcrumbList\",\"@id\":\"https:\\\/\\\/www.cabasse.com\\\/fr\\\/selections-posts-du-mois\\\/#breadcrumb\",\"itemListElement\":[{\"@type\":\"ListItem\",\"position\":1,\"name\":\"Accueil\",\"item\":\"https:\\\/\\\/www.cabasse.com\\\/\"},{\"@type\":\"ListItem\",\"position\":2,\"name\":\"S\u00e9l\u00e9ctions posts du mois\"}]},{\"@type\":\"WebSite\",\"@id\":\"https:\\\/\\\/www.cabasse.com\\\/#website\",\"url\":\"https:\\\/\\\/www.cabasse.com\\\/\",\"name\":\"Cabasse\",\"description\":\"Cabasse - Acoustic Emotions\",\"publisher\":{\"@id\":\"https:\\\/\\\/www.cabasse.com\\\/#organization\"},\"potentialAction\":[{\"@type\":\"SearchAction\",\"target\":{\"@type\":\"EntryPoint\",\"urlTemplate\":\"https:\\\/\\\/www.cabasse.com\\\/?s={search_term_string}\"},\"query-input\":{\"@type\":\"PropertyValueSpecification\",\"valueRequired\":true,\"valueName\":\"search_term_string\"}}],\"inLanguage\":\"fr-FR\"},{\"@type\":\"Organization\",\"@id\":\"https:\\\/\\\/www.cabasse.com\\\/#organization\",\"name\":\"Cabasse\",\"url\":\"https:\\\/\\\/www.cabasse.com\\\/\",\"logo\":{\"@type\":\"ImageObject\",\"inLanguage\":\"fr-FR\",\"@id\":\"https:\\\/\\\/www.cabasse.com\\\/#\\\/schema\\\/logo\\\/image\\\/\",\"url\":\"https:\\\/\\\/www.cabasse.com\\\/wp-content\\\/uploads\\\/2020\\\/04\\\/cropped-cabasse-logo-192x192-1.png\",\"contentUrl\":\"https:\\\/\\\/www.cabasse.com\\\/wp-content\\\/uploads\\\/2020\\\/04\\\/cropped-cabasse-logo-192x192-1.png\",\"width\":192,\"height\":192,\"caption\":\"Cabasse\"},\"image\":{\"@id\":\"https:\\\/\\\/www.cabasse.com\\\/#\\\/schema\\\/logo\\\/image\\\/\"},\"sameAs\":[\"https:\\\/\\\/www.facebook.com\\\/cabasseofficiel\",\"https:\\\/\\\/x.com\\\/CabasseFR\",\"https:\\\/\\\/www.instagram.com\\\/cabasseacoustic\\\/\",\"https:\\\/\\\/www.youtube.com\\\/channel\\\/UCayQjMTjB3WsOZWDcsGVPAQ\"]}]}<\/script>\n<!-- \/ Yoast SEO plugin. -->","yoast_head_json":{"title":"S\u00e9l\u00e9ctions posts du mois - Cabasse","robots":{"index":"index","follow":"follow","max-snippet":"max-snippet:-1","max-image-preview":"max-image-preview:large","max-video-preview":"max-video-preview:-1"},"canonical":"https:\/\/www.cabasse.com\/fr\/selections-posts-du-mois\/","og_locale":"fr_FR","og_type":"article","og_title":"S\u00e9l\u00e9ctions posts du mois - Cabasse","og_description":"S\u00e9l\u00e9ction posts du mois de f\u00e9vrier1. Appyuer sur\u00a0 l'image pour la t\u00e9l\u00e9charger\u00a02. Copier coller le texte\u00a0 \u2193THE PEARL MYUKI - Cabasse \u2013 s\u00e9lectionn\u00e9 par la r\u00e9daction de @The Times :\u00ab Inspir\u00e9 de la tradition des enceintes La Sph\u00e8re de la marque bretonne, ce syst\u00e8me luxueux adopte une g\u00e9om\u00e9trie radiale con\u00e7ue pour r\u00e9duire la diffraction des [&hellip;]","og_url":"https:\/\/www.cabasse.com\/fr\/selections-posts-du-mois\/","og_site_name":"Cabasse","article_publisher":"https:\/\/www.facebook.com\/cabasseofficiel","article_modified_time":"2026-01-29T16:10:45+00:00","og_image":[{"width":1063,"height":709,"url":"https:\/\/www.cabasse.com\/wp-content\/uploads\/2021\/04\/Pack_lifestyle2_SANTORIN25_iO3_optimise.jpg","type":"image\/jpeg"}],"twitter_card":"summary_large_image","twitter_site":"@CabasseFR","schema":{"@context":"https:\/\/schema.org","@graph":[{"@type":"WebPage","@id":"https:\/\/www.cabasse.com\/fr\/selections-posts-du-mois\/","url":"https:\/\/www.cabasse.com\/fr\/selections-posts-du-mois\/","name":"S\u00e9l\u00e9ctions posts du mois - Cabasse","isPartOf":{"@id":"https:\/\/www.cabasse.com\/#website"},"datePublished":"2026-01-29T11:31:34+00:00","dateModified":"2026-01-29T16:10:45+00:00","breadcrumb":{"@id":"https:\/\/www.cabasse.com\/fr\/selections-posts-du-mois\/#breadcrumb"},"inLanguage":"fr-FR","potentialAction":[{"@type":"ReadAction","target":["https:\/\/www.cabasse.com\/fr\/selections-posts-du-mois\/"]}]},{"@type":"BreadcrumbList","@id":"https:\/\/www.cabasse.com\/fr\/selections-posts-du-mois\/#breadcrumb","itemListElement":[{"@type":"ListItem","position":1,"name":"Accueil","item":"https:\/\/www.cabasse.com\/"},{"@type":"ListItem","position":2,"name":"S\u00e9l\u00e9ctions posts du mois"}]},{"@type":"WebSite","@id":"https:\/\/www.cabasse.com\/#website","url":"https:\/\/www.cabasse.com\/","name":"Cabasse","description":"Cabasse - Acoustic Emotions","publisher":{"@id":"https:\/\/www.cabasse.com\/#organization"},"potentialAction":[{"@type":"SearchAction","target":{"@type":"EntryPoint","urlTemplate":"https:\/\/www.cabasse.com\/?s={search_term_string}"},"query-input":{"@type":"PropertyValueSpecification","valueRequired":true,"valueName":"search_term_string"}}],"inLanguage":"fr-FR"},{"@type":"Organization","@id":"https:\/\/www.cabasse.com\/#organization","name":"Cabasse","url":"https:\/\/www.cabasse.com\/","logo":{"@type":"ImageObject","inLanguage":"fr-FR","@id":"https:\/\/www.cabasse.com\/#\/schema\/logo\/image\/","url":"https:\/\/www.cabasse.com\/wp-content\/uploads\/2020\/04\/cropped-cabasse-logo-192x192-1.png","contentUrl":"https:\/\/www.cabasse.com\/wp-content\/uploads\/2020\/04\/cropped-cabasse-logo-192x192-1.png","width":192,"height":192,"caption":"Cabasse"},"image":{"@id":"https:\/\/www.cabasse.com\/#\/schema\/logo\/image\/"},"sameAs":["https:\/\/www.facebook.com\/cabasseofficiel","https:\/\/x.com\/CabasseFR","https:\/\/www.instagram.com\/cabasseacoustic\/","https:\/\/www.youtube.com\/channel\/UCayQjMTjB3WsOZWDcsGVPAQ"]}]}},"_links":{"self":[{"href":"https:\/\/www.cabasse.com\/fr\/wp-json\/wp\/v2\/pages\/253265","targetHints":{"allow":["GET"]}}],"collection":[{"href":"https:\/\/www.cabasse.com\/fr\/wp-json\/wp\/v2\/pages"}],"about":[{"href":"https:\/\/www.cabasse.com\/fr\/wp-json\/wp\/v2\/types\/page"}],"author":[{"embeddable":true,"href":"https:\/\/www.cabasse.com\/fr\/wp-json\/wp\/v2\/users\/20"}],"replies":[{"embeddable":true,"href":"https:\/\/www.cabasse.com\/fr\/wp-json\/wp\/v2\/comments?post=253265"}],"version-history":[{"count":17,"href":"https:\/\/www.cabasse.com\/fr\/wp-json\/wp\/v2\/pages\/253265\/revisions"}],"predecessor-version":[{"id":253333,"href":"https:\/\/www.cabasse.com\/fr\/wp-json\/wp\/v2\/pages\/253265\/revisions\/253333"}],"wp:attachment":[{"href":"https:\/\/www.cabasse.com\/fr\/wp-json\/wp\/v2\/media?parent=253265"}],"curies":[{"name":"wp","href":"https:\/\/api.w.org\/{rel}","templated":true}]}}