
  {"id":286,"date":"2020-04-16T16:09:59","date_gmt":"2020-04-16T14:09:59","guid":{"rendered":"https:\/\/cabasse.com\/?page_id=286"},"modified":"2024-11-19T11:57:39","modified_gmt":"2024-11-19T10:57:39","slug":"assistant-vocal","status":"publish","type":"page","link":"https:\/\/www.cabasse.com\/fr\/assistant-vocal\/","title":{"rendered":"Assistant Vocal"},"content":{"rendered":"<p>[et_pb_section fb_built=\u00a0\u00bb1&Prime; _builder_version=\u00a0\u00bb4.4.1&Prime; background_image=\u00a0\u00bbhttps:\/\/cabasse.com\/wp-content\/uploads\/2020\/05\/Stream-BASE-Google-Home-scaled.jpg\u00a0\u00bb height=\u00a0\u00bb600px\u00a0\u00bb hover_enabled=\u00a0\u00bb0&Prime;][\/et_pb_section][et_pb_section fb_built=\u00a0\u00bb1&Prime; _builder_version=\u00a0\u00bb4.4.1&Prime;][et_pb_row _builder_version=\u00a0\u00bb4.4.1&Prime; column_structure=\u00a0\u00bb1_2,1_2&Prime;][et_pb_column _builder_version=\u00a0\u00bb4.4.1&Prime; type=\u00a0\u00bb1_2&Prime;][et_pb_image src=\u00a0\u00bbhttps:\/\/cabasse.com\/wp-content\/uploads\/2020\/05\/stream_base_Voice.png\u00a0\u00bb _builder_version=\u00a0\u00bb4.4.1&Prime; hover_enabled=\u00a0\u00bb0&Prime;][\/et_pb_image][\/et_pb_column][et_pb_column _builder_version=\u00a0\u00bb4.4.1&Prime; type=\u00a0\u00bb1_2&Prime;][et_pb_text _builder_version=\u00a0\u00bb4.4.1&Prime; text_font=\u00a0\u00bb|700||on|||||\u00a0\u00bb text_text_color=\u00a0\u00bb#000000&Prime; text_font_size=\u00a0\u00bb28px\u00a0\u00bb custom_margin=\u00a0\u00bb5px||||false|false\u00a0\u00bb hover_enabled=\u00a0\u00bb0&Prime;]<\/p>\n<p style=\"text-align: center;\">assistant vocal<\/p>\n<p>[\/et_pb_text][et_pb_text _builder_version=\u00a0\u00bb4.4.1&Prime; hover_enabled=\u00a0\u00bb0&Prime;]<\/p>\n<p style=\"text-align: justify;\"><span>Plus besoin d\u00e9sormais d\u2019utiliser son Smartphone pour piloter et jouer sa musique : demandez-le \u00e0 votre assistant personnel, et profitez ainsi simplement de vos musiques sur vos syst\u00e8mes Cabasse.<\/span><\/p>\n<p>Parmi les usages rendus possibles par le contr\u00f4le vocal :<\/p>\n<ul>\n<li>La lecture audio : jouer de la musique, mettre en pause, arr\u00eater la musique<\/li>\n<li>La gestion des favoris : jouer jusqu\u2019\u00e0 5 m\u00e9dias enregistr\u00e9s<\/li>\n<li>La v\u00e9rification et la gestion du niveau de volume : augmenter ou diminuer le volume<\/li>\n<li>Des services suppl\u00e9mentaires tels que la lecture d\u2019une station de radio et beaucoup d\u2019autres \u00e0 venir\u2026<\/li>\n<\/ul>\n<p>En associant l\u2019Assistant Google et Cabasse, les utilisateurs profiteront de leur barre de son Cabasse ou enceinte favorite au son remarquable, mais aussi d\u2019un assistant personnel simplifiant la commande et lecture de leurs titres favoris.<\/p>\n<p>[\/et_pb_text][\/et_pb_column][\/et_pb_row][\/et_pb_section][et_pb_section fb_built=\u00a0\u00bb1&Prime; _builder_version=\u00a0\u00bb4.4.1&Prime; background_color=\u00a0\u00bbrgba(0,0,0,0.03)\u00a0\u00bb custom_margin=\u00a0\u00bb-1px||||false|false\u00a0\u00bb][et_pb_row _builder_version=\u00a0\u00bb4.4.1&Prime; custom_margin=\u00a0\u00bb10px||||false|false\u00a0\u00bb][et_pb_column type=\u00a0\u00bb4_4&Prime; _builder_version=\u00a0\u00bb4.4.1&Prime;][et_pb_text _builder_version=\u00a0\u00bb4.4.1&Prime; text_font=\u00a0\u00bb|700||on|||||\u00a0\u00bb text_text_color=\u00a0\u00bbrgba(0,0,0,0.39)\u00a0\u00bb text_font_size=\u00a0\u00bb36px\u00a0\u00bb hover_enabled=\u00a0\u00bb0&Prime; text_line_height=\u00a0\u00bb1em\u00a0\u00bb]<\/p>\n<p style=\"text-align: center;\">Comment rendre les produits Cabasse streaming compatibles google voice ?<\/p>\n<p>[\/et_pb_text][\/et_pb_column][\/et_pb_row][\/et_pb_section][et_pb_section fb_built=\u00a0\u00bb1&Prime; _builder_version=\u00a0\u00bb4.4.1&Prime;][et_pb_row _builder_version=\u00a0\u00bb4.4.1&Prime;][et_pb_column _builder_version=\u00a0\u00bb4.4.1&Prime; type=\u00a0\u00bb4_4&Prime;][et_pb_text _builder_version=\u00a0\u00bb4.4.1&Prime; text_font=\u00a0\u00bb|700||on|||||\u00a0\u00bb text_text_color=\u00a0\u00bb#000000&Prime; text_font_size=\u00a0\u00bb28px\u00a0\u00bb custom_margin=\u00a0\u00bb35px||||false|false\u00a0\u00bb hover_enabled=\u00a0\u00bb0&Prime;]<\/p>\n<p style=\"text-align: center;\">Activez le contr\u00f4le vocal dans StreamCONTROL<\/p>\n<p>[\/et_pb_text][et_pb_video src=\u00a0\u00bbhttps:\/\/www.youtube.com\/watch?v=cNG2H_-ojWw&#038;feature=emb_logo\u00a0\u00bb _builder_version=\u00a0\u00bb4.4.1&Prime; hover_enabled=\u00a0\u00bb0&Prime;][\/et_pb_video][\/et_pb_column][\/et_pb_row][et_pb_row _builder_version=\u00a0\u00bb4.4.1&Prime;][et_pb_column _builder_version=\u00a0\u00bb4.4.1&Prime; type=\u00a0\u00bb4_4&Prime;][et_pb_text _builder_version=\u00a0\u00bb4.4.1&Prime; text_font_size=\u00a0\u00bb16px\u00a0\u00bb hover_enabled=\u00a0\u00bb0&Prime;]<\/p>\n<p>Pour activer l\u2019assistant vocal appel\u00e9 \u00ab Cabasse \u00bb, il suffit d\u2019ouvrir l\u2019application Stream CONTROL sur un smartphone ou une tablette, et de choisir le produit Cabasse que l\u2019on souhaite contr\u00f4ler par la voix parmi : Stream 1, Stream 3, Stream Bar, Stream Base, Stream AMP, &amp; Stream Source (petit bo\u00eetier qui permet d\u2019\u00e9couter de la musique en streaming sur n\u2019importe quelle enceinte en haute-d\u00e9finition).<\/p>\n<p style=\"text-align: justify;\">Il suffit alors de quelques param\u00e9trages simples dans l\u2019application Stream CONTROL pour acc\u00e9der \u00e0 votre assistant personnel Cabasse, et vivre une exp\u00e9rience musicale plus intuitive et \u00e9volutive.<\/p>\n<p>[\/et_pb_text][\/et_pb_column][\/et_pb_row][et_pb_row _builder_version=\u00a0\u00bb4.4.1&Prime;][et_pb_column _builder_version=\u00a0\u00bb4.4.1&Prime; type=\u00a0\u00bb4_4&Prime;][et_pb_video src=\u00a0\u00bbhttps:\/\/www.youtube.com\/watch?v=dLEkdPVJ3l8&#038;feature=emb_logo\u00a0\u00bb _builder_version=\u00a0\u00bb4.4.1&Prime; hover_enabled=\u00a0\u00bb0&Prime;][\/et_pb_video][\/et_pb_column][\/et_pb_row][et_pb_row _builder_version=\u00a0\u00bb4.4.1&Prime; column_structure=\u00a0\u00bb1_2,1_2&Prime;][et_pb_column _builder_version=\u00a0\u00bb4.4.1&Prime; type=\u00a0\u00bb1_2&Prime;][et_pb_image src=\u00a0\u00bbhttps:\/\/cabasse.com\/wp-content\/uploads\/2020\/05\/logo-app-store_blanc.png\u00a0\u00bb _builder_version=\u00a0\u00bb4.4.1&Prime; hover_enabled=\u00a0\u00bb0&Prime; align=\u00a0\u00bbright\u00a0\u00bb][\/et_pb_image][\/et_pb_column][et_pb_column _builder_version=\u00a0\u00bb4.4.1&Prime; type=\u00a0\u00bb1_2&Prime;][et_pb_image src=\u00a0\u00bbhttps:\/\/cabasse.com\/wp-content\/uploads\/2020\/05\/Google-play-icon.png\u00a0\u00bb _builder_version=\u00a0\u00bb4.4.1&Prime; hover_enabled=\u00a0\u00bb0&Prime; width=\u00a0\u00bb57%\u00a0\u00bb height=\u00a0\u00bb80px\u00a0\u00bb custom_margin=\u00a0\u00bb6px||||false|false\u00a0\u00bb][\/et_pb_image][\/et_pb_column][\/et_pb_row][\/et_pb_section][et_pb_section fb_built=\u00a0\u00bb1&Prime; _builder_version=\u00a0\u00bb4.4.1&Prime; background_image=\u00a0\u00bbhttps:\/\/cabasse.com\/wp-content\/uploads\/2020\/04\/Show-Room-Ocean2000x500.jpg\u00a0\u00bb height=\u00a0\u00bb500px\u00a0\u00bb filter_saturate=\u00a0\u00bb118%\u00a0\u00bb filter_brightness=\u00a0\u00bb99%\u00a0\u00bb filter_contrast=\u00a0\u00bb121%\u00a0\u00bb][et_pb_row _builder_version=\u00a0\u00bb4.4.1&Prime; width=\u00a0\u00bb86%\u00a0\u00bb custom_margin=\u00a0\u00bb60px||0px||false|false\u00a0\u00bb][et_pb_column type=\u00a0\u00bb4_4&Prime; _builder_version=\u00a0\u00bb4.4.1&Prime;][et_pb_text _builder_version=\u00a0\u00bb4.4.1&Prime; text_font=\u00a0\u00bb|||on|||||\u00a0\u00bb text_text_color=\u00a0\u00bb#ffffff\u00a0\u00bb text_font_size=\u00a0\u00bb68px\u00a0\u00bb text_line_height=\u00a0\u00bb0.2em\u00a0\u00bb]<\/p>\n<p style=\"text-align: center;\">Trouvez un magasin<\/p>\n<p>[\/et_pb_text][\/et_pb_column][\/et_pb_row][et_pb_row _builder_version=\u00a0\u00bb4.4.1&Prime; custom_margin=\u00a0\u00bb10px||0px||false|false\u00a0\u00bb][et_pb_column type=\u00a0\u00bb4_4&Prime; _builder_version=\u00a0\u00bb4.4.1&Prime;][et_pb_text _builder_version=\u00a0\u00bb4.4.1&Prime; text_font=\u00a0\u00bb||||||||\u00a0\u00bb text_text_color=\u00a0\u00bb#ffffff\u00a0\u00bb text_font_size=\u00a0\u00bb22px\u00a0\u00bb text_line_height=\u00a0\u00bb1.3em\u00a0\u00bb text_text_shadow_style=\u00a0\u00bbpreset2&Prime;]<\/p>\n<p style=\"text-align: center;\">Trouvez le revendeur agr\u00e9\u00e9 Cabasse<br \/> le plus proche de chez vous !<\/p>\n<p>[\/et_pb_text][\/et_pb_column][\/et_pb_row][et_pb_row _builder_version=\u00a0\u00bb4.4.1&Prime; custom_margin=\u00a0\u00bb-10px||||false|false\u00a0\u00bb][et_pb_column type=\u00a0\u00bb4_4&Prime; _builder_version=\u00a0\u00bb4.4.1&Prime;][et_pb_button button_text=\u00a0\u00bbTrouvez un revendeur\u00a0\u00bb button_alignment=\u00a0\u00bbcenter\u00a0\u00bb module_id=\u00a0\u00bb#btn\u00a0\u00bb _builder_version=\u00a0\u00bb4.4.1&Prime; custom_button=\u00a0\u00bbon\u00a0\u00bb button_text_size=\u00a0\u00bb20px\u00a0\u00bb button_text_color=\u00a0\u00bb#ffffff\u00a0\u00bb button_bg_color=\u00a0\u00bbrgba(0,0,0,0)\u00a0\u00bb button_border_width=\u00a0\u00bb2px\u00a0\u00bb button_border_radius=\u00a0\u00bb6px\u00a0\u00bb button_letter_spacing=\u00a0\u00bb0px\u00a0\u00bb button_font=\u00a0\u00bb|600|||||||\u00a0\u00bb button_icon_color=\u00a0\u00bb#ffffff\u00a0\u00bb background_layout=\u00a0\u00bbdark\u00a0\u00bb][\/et_pb_button][\/et_pb_column][\/et_pb_row][\/et_pb_section][et_pb_section fb_built=\u00a0\u00bb1&Prime; _builder_version=\u00a0\u00bb4.4.1&Prime; background_image=\u00a0\u00bbhttps:\/\/cabasse.com\/wp-content\/uploads\/2020\/04\/Cabasse-THE-PEARL-COLLECTION-lifestyle-5-1.jpg\u00a0\u00bb hover_enabled=\u00a0\u00bb0&Prime;][et_pb_row _builder_version=\u00a0\u00bb4.4.1&Prime; width=\u00a0\u00bb50%\u00a0\u00bb custom_margin=\u00a0\u00bb10px||||false|false\u00a0\u00bb][et_pb_column type=\u00a0\u00bb4_4&Prime; _builder_version=\u00a0\u00bb4.4.1&Prime;][et_pb_signup layout=\u00a0\u00bbtop_bottom\u00a0\u00bb first_name_fullwidth=\u00a0\u00bboff\u00a0\u00bb last_name_fullwidth=\u00a0\u00bboff\u00a0\u00bb title=\u00a0\u00bbAbonnez-vous \u00e0 notre Newsletter\u00a0\u00bb button_text=\u00a0\u00bbS&rsquo;abonner\u00a0\u00bb _builder_version=\u00a0\u00bb4.4.1&Prime; form_field_background_color=\u00a0\u00bbrgba(0,0,0,0.06)\u00a0\u00bb header_level=\u00a0\u00bbh1&Prime; header_font=\u00a0\u00bb||||||||\u00a0\u00bb header_text_align=\u00a0\u00bbcenter\u00a0\u00bb header_text_color=\u00a0\u00bb#000000&Prime; background_color=\u00a0\u00bb#ffffff\u00a0\u00bb custom_button=\u00a0\u00bbon\u00a0\u00bb button_text_color=\u00a0\u00bb#000000&Prime; text_orientation=\u00a0\u00bbcenter\u00a0\u00bb background_layout=\u00a0\u00bblight\u00a0\u00bb module_alignment=\u00a0\u00bbcenter\u00a0\u00bb box_shadow_style=\u00a0\u00bbpreset1&Prime;][\/et_pb_signup][\/et_pb_column][\/et_pb_row][\/et_pb_section]<\/p>\n","protected":false},"excerpt":{"rendered":"<p>assistant vocal Plus besoin d\u00e9sormais d\u2019utiliser son Smartphone pour piloter et jouer sa musique : demandez-le \u00e0 votre assistant personnel, et profitez ainsi simplement de vos musiques sur vos syst\u00e8mes Cabasse. Parmi les usages rendus possibles par le contr\u00f4le vocal : La lecture audio : jouer de la musique, mettre en pause, arr\u00eater la musique [&hellip;]<\/p>\n","protected":false},"author":2,"featured_media":0,"parent":0,"menu_order":0,"comment_status":"closed","ping_status":"closed","template":"","meta":{"_et_pb_use_builder":"on","_et_pb_old_content":"","_et_gb_content_width":"1080","footnotes":""},"class_list":["post-286","page","type-page","status-publish","hentry"],"yoast_head":"<!-- This site is optimized with the Yoast SEO plugin v27.4 - https:\/\/yoast.com\/product\/yoast-seo-wordpress\/ -->\n<title>Assistant Vocal - Cabasse<\/title>\n<meta name=\"robots\" content=\"index, follow, max-snippet:-1, max-image-preview:large, max-video-preview:-1\" \/>\n<link rel=\"canonical\" href=\"https:\/\/www.cabasse.com\/fr\/assistant-vocal\/\" \/>\n<meta property=\"og:locale\" content=\"fr_FR\" \/>\n<meta property=\"og:type\" content=\"article\" \/>\n<meta property=\"og:title\" content=\"Assistant Vocal - Cabasse\" \/>\n<meta property=\"og:description\" content=\"assistant vocal Plus besoin d\u00e9sormais d\u2019utiliser son Smartphone pour piloter et jouer sa musique : demandez-le \u00e0 votre assistant personnel, et profitez ainsi simplement de vos musiques sur vos syst\u00e8mes Cabasse. Parmi les usages rendus possibles par le contr\u00f4le vocal : La lecture audio : jouer de la musique, mettre en pause, arr\u00eater la musique [&hellip;]\" \/>\n<meta property=\"og:url\" content=\"https:\/\/www.cabasse.com\/fr\/assistant-vocal\/\" \/>\n<meta property=\"og:site_name\" content=\"Cabasse\" \/>\n<meta property=\"article:publisher\" content=\"https:\/\/www.facebook.com\/cabasseofficiel\" \/>\n<meta property=\"article:modified_time\" content=\"2024-11-19T10:57:39+00:00\" \/>\n<meta property=\"og:image\" content=\"https:\/\/www.cabasse.com\/wp-content\/uploads\/2021\/04\/Pack_lifestyle2_SANTORIN25_iO3_optimise.jpg\" \/>\n\t<meta property=\"og:image:width\" content=\"1063\" \/>\n\t<meta property=\"og:image:height\" content=\"709\" \/>\n\t<meta property=\"og:image:type\" content=\"image\/jpeg\" \/>\n<meta name=\"twitter:card\" content=\"summary_large_image\" \/>\n<meta name=\"twitter:site\" content=\"@CabasseFR\" \/>\n<meta name=\"twitter:label1\" content=\"Dur\u00e9e de lecture estim\u00e9e\" \/>\n\t<meta name=\"twitter:data1\" content=\"5 minutes\" \/>\n<script type=\"application\/ld+json\" class=\"yoast-schema-graph\">{\"@context\":\"https:\\\/\\\/schema.org\",\"@graph\":[{\"@type\":\"WebPage\",\"@id\":\"https:\\\/\\\/www.cabasse.com\\\/fr\\\/assistant-vocal\\\/\",\"url\":\"https:\\\/\\\/www.cabasse.com\\\/fr\\\/assistant-vocal\\\/\",\"name\":\"Assistant Vocal - Cabasse\",\"isPartOf\":{\"@id\":\"https:\\\/\\\/www.cabasse.com\\\/#website\"},\"datePublished\":\"2020-04-16T14:09:59+00:00\",\"dateModified\":\"2024-11-19T10:57:39+00:00\",\"breadcrumb\":{\"@id\":\"https:\\\/\\\/www.cabasse.com\\\/fr\\\/assistant-vocal\\\/#breadcrumb\"},\"inLanguage\":\"fr-FR\",\"potentialAction\":[{\"@type\":\"ReadAction\",\"target\":[\"https:\\\/\\\/www.cabasse.com\\\/fr\\\/assistant-vocal\\\/\"]}]},{\"@type\":\"BreadcrumbList\",\"@id\":\"https:\\\/\\\/www.cabasse.com\\\/fr\\\/assistant-vocal\\\/#breadcrumb\",\"itemListElement\":[{\"@type\":\"ListItem\",\"position\":1,\"name\":\"Accueil\",\"item\":\"https:\\\/\\\/www.cabasse.com\\\/\"},{\"@type\":\"ListItem\",\"position\":2,\"name\":\"Assistant Vocal\"}]},{\"@type\":\"WebSite\",\"@id\":\"https:\\\/\\\/www.cabasse.com\\\/#website\",\"url\":\"https:\\\/\\\/www.cabasse.com\\\/\",\"name\":\"Cabasse\",\"description\":\"Cabasse - Acoustic Emotions\",\"publisher\":{\"@id\":\"https:\\\/\\\/www.cabasse.com\\\/#organization\"},\"potentialAction\":[{\"@type\":\"SearchAction\",\"target\":{\"@type\":\"EntryPoint\",\"urlTemplate\":\"https:\\\/\\\/www.cabasse.com\\\/?s={search_term_string}\"},\"query-input\":{\"@type\":\"PropertyValueSpecification\",\"valueRequired\":true,\"valueName\":\"search_term_string\"}}],\"inLanguage\":\"fr-FR\"},{\"@type\":\"Organization\",\"@id\":\"https:\\\/\\\/www.cabasse.com\\\/#organization\",\"name\":\"Cabasse\",\"url\":\"https:\\\/\\\/www.cabasse.com\\\/\",\"logo\":{\"@type\":\"ImageObject\",\"inLanguage\":\"fr-FR\",\"@id\":\"https:\\\/\\\/www.cabasse.com\\\/#\\\/schema\\\/logo\\\/image\\\/\",\"url\":\"https:\\\/\\\/www.cabasse.com\\\/wp-content\\\/uploads\\\/2020\\\/04\\\/cropped-cabasse-logo-192x192-1.png\",\"contentUrl\":\"https:\\\/\\\/www.cabasse.com\\\/wp-content\\\/uploads\\\/2020\\\/04\\\/cropped-cabasse-logo-192x192-1.png\",\"width\":192,\"height\":192,\"caption\":\"Cabasse\"},\"image\":{\"@id\":\"https:\\\/\\\/www.cabasse.com\\\/#\\\/schema\\\/logo\\\/image\\\/\"},\"sameAs\":[\"https:\\\/\\\/www.facebook.com\\\/cabasseofficiel\",\"https:\\\/\\\/x.com\\\/CabasseFR\",\"https:\\\/\\\/www.instagram.com\\\/cabasseacoustic\\\/\",\"https:\\\/\\\/www.youtube.com\\\/channel\\\/UCayQjMTjB3WsOZWDcsGVPAQ\"]}]}<\/script>\n<!-- \/ Yoast SEO plugin. -->","yoast_head_json":{"title":"Assistant Vocal - Cabasse","robots":{"index":"index","follow":"follow","max-snippet":"max-snippet:-1","max-image-preview":"max-image-preview:large","max-video-preview":"max-video-preview:-1"},"canonical":"https:\/\/www.cabasse.com\/fr\/assistant-vocal\/","og_locale":"fr_FR","og_type":"article","og_title":"Assistant Vocal - Cabasse","og_description":"assistant vocal Plus besoin d\u00e9sormais d\u2019utiliser son Smartphone pour piloter et jouer sa musique : demandez-le \u00e0 votre assistant personnel, et profitez ainsi simplement de vos musiques sur vos syst\u00e8mes Cabasse. Parmi les usages rendus possibles par le contr\u00f4le vocal : La lecture audio : jouer de la musique, mettre en pause, arr\u00eater la musique [&hellip;]","og_url":"https:\/\/www.cabasse.com\/fr\/assistant-vocal\/","og_site_name":"Cabasse","article_publisher":"https:\/\/www.facebook.com\/cabasseofficiel","article_modified_time":"2024-11-19T10:57:39+00:00","og_image":[{"width":1063,"height":709,"url":"https:\/\/www.cabasse.com\/wp-content\/uploads\/2021\/04\/Pack_lifestyle2_SANTORIN25_iO3_optimise.jpg","type":"image\/jpeg"}],"twitter_card":"summary_large_image","twitter_site":"@CabasseFR","twitter_misc":{"Dur\u00e9e de lecture estim\u00e9e":"5 minutes"},"schema":{"@context":"https:\/\/schema.org","@graph":[{"@type":"WebPage","@id":"https:\/\/www.cabasse.com\/fr\/assistant-vocal\/","url":"https:\/\/www.cabasse.com\/fr\/assistant-vocal\/","name":"Assistant Vocal - Cabasse","isPartOf":{"@id":"https:\/\/www.cabasse.com\/#website"},"datePublished":"2020-04-16T14:09:59+00:00","dateModified":"2024-11-19T10:57:39+00:00","breadcrumb":{"@id":"https:\/\/www.cabasse.com\/fr\/assistant-vocal\/#breadcrumb"},"inLanguage":"fr-FR","potentialAction":[{"@type":"ReadAction","target":["https:\/\/www.cabasse.com\/fr\/assistant-vocal\/"]}]},{"@type":"BreadcrumbList","@id":"https:\/\/www.cabasse.com\/fr\/assistant-vocal\/#breadcrumb","itemListElement":[{"@type":"ListItem","position":1,"name":"Accueil","item":"https:\/\/www.cabasse.com\/"},{"@type":"ListItem","position":2,"name":"Assistant Vocal"}]},{"@type":"WebSite","@id":"https:\/\/www.cabasse.com\/#website","url":"https:\/\/www.cabasse.com\/","name":"Cabasse","description":"Cabasse - Acoustic Emotions","publisher":{"@id":"https:\/\/www.cabasse.com\/#organization"},"potentialAction":[{"@type":"SearchAction","target":{"@type":"EntryPoint","urlTemplate":"https:\/\/www.cabasse.com\/?s={search_term_string}"},"query-input":{"@type":"PropertyValueSpecification","valueRequired":true,"valueName":"search_term_string"}}],"inLanguage":"fr-FR"},{"@type":"Organization","@id":"https:\/\/www.cabasse.com\/#organization","name":"Cabasse","url":"https:\/\/www.cabasse.com\/","logo":{"@type":"ImageObject","inLanguage":"fr-FR","@id":"https:\/\/www.cabasse.com\/#\/schema\/logo\/image\/","url":"https:\/\/www.cabasse.com\/wp-content\/uploads\/2020\/04\/cropped-cabasse-logo-192x192-1.png","contentUrl":"https:\/\/www.cabasse.com\/wp-content\/uploads\/2020\/04\/cropped-cabasse-logo-192x192-1.png","width":192,"height":192,"caption":"Cabasse"},"image":{"@id":"https:\/\/www.cabasse.com\/#\/schema\/logo\/image\/"},"sameAs":["https:\/\/www.facebook.com\/cabasseofficiel","https:\/\/x.com\/CabasseFR","https:\/\/www.instagram.com\/cabasseacoustic\/","https:\/\/www.youtube.com\/channel\/UCayQjMTjB3WsOZWDcsGVPAQ"]}]}},"_links":{"self":[{"href":"https:\/\/www.cabasse.com\/fr\/wp-json\/wp\/v2\/pages\/286","targetHints":{"allow":["GET"]}}],"collection":[{"href":"https:\/\/www.cabasse.com\/fr\/wp-json\/wp\/v2\/pages"}],"about":[{"href":"https:\/\/www.cabasse.com\/fr\/wp-json\/wp\/v2\/types\/page"}],"author":[{"embeddable":true,"href":"https:\/\/www.cabasse.com\/fr\/wp-json\/wp\/v2\/users\/2"}],"replies":[{"embeddable":true,"href":"https:\/\/www.cabasse.com\/fr\/wp-json\/wp\/v2\/comments?post=286"}],"version-history":[{"count":0,"href":"https:\/\/www.cabasse.com\/fr\/wp-json\/wp\/v2\/pages\/286\/revisions"}],"wp:attachment":[{"href":"https:\/\/www.cabasse.com\/fr\/wp-json\/wp\/v2\/media?parent=286"}],"curies":[{"name":"wp","href":"https:\/\/api.w.org\/{rel}","templated":true}]}}