
  {"id":7586,"date":"2020-09-17T17:55:54","date_gmt":"2020-09-17T15:55:54","guid":{"rendered":"https:\/\/cabasse.com\/?page_id=7586\/"},"modified":"2021-10-28T11:09:17","modified_gmt":"2021-10-28T09:09:17","slug":"politique-de-gestion-des-cookies","status":"publish","type":"page","link":"https:\/\/www.cabasse.com\/fr\/politique-de-gestion-des-cookies\/","title":{"rendered":"Politique de gestion des Cookies"},"content":{"rendered":"<p>[et_pb_section fb_built=\u00a0\u00bb1&Prime; _builder_version=\u00a0\u00bb4.4.1&Prime; background_image=\u00a0\u00bbhttps:\/\/cabasse.com\/wp-content\/uploads\/2020\/08\/cac-3-scaled.jpg\u00a0\u00bb min_height=\u00a0\u00bb721px\u00a0\u00bb global_colors_info=\u00a0\u00bb{}\u00a0\u00bb][\/et_pb_section][et_pb_section fb_built=\u00a0\u00bb1&Prime; _builder_version=\u00a0\u00bb4.4.1&Prime; custom_padding=\u00a0\u00bb10px|||||\u00a0\u00bb global_colors_info=\u00a0\u00bb{}\u00a0\u00bb][et_pb_row _builder_version=\u00a0\u00bb4.4.1&Prime; global_colors_info=\u00a0\u00bb{}\u00a0\u00bb][et_pb_column type=\u00a0\u00bb4_4&Prime; _builder_version=\u00a0\u00bb4.4.1&Prime; global_colors_info=\u00a0\u00bb{}\u00a0\u00bb][et_pb_text _builder_version=\u00a0\u00bb4.4.1&Prime; hover_enabled=\u00a0\u00bb0&Prime; global_colors_info=\u00a0\u00bb{}\u00a0\u00bb sticky_enabled=\u00a0\u00bb0&Prime;]<\/p>\n<h1 class=\"ArticleHead-title\" style=\"text-align: center;\">Politique de gestion des Cookies<\/h1>\n<p>[\/et_pb_text][\/et_pb_column][\/et_pb_row][et_pb_row _builder_version=\u00a0\u00bb4.4.1&Prime; global_colors_info=\u00a0\u00bb{}\u00a0\u00bb locked=\u00a0\u00bboff\u00a0\u00bb][et_pb_column type=\u00a0\u00bb4_4&Prime; _builder_version=\u00a0\u00bb4.4.1&Prime; global_colors_info=\u00a0\u00bb{}\u00a0\u00bb][et_pb_text _builder_version=\u00a0\u00bb4.10.8&Prime; hover_enabled=\u00a0\u00bb0&Prime; global_colors_info=\u00a0\u00bb{}\u00a0\u00bb sticky_enabled=\u00a0\u00bb0&Prime;]<\/p>\n<p class=\"title\">Les cookies sont des petits blocs d\u2019informations, \u00e9chang\u00e9s entre le serveur d\u2019un site web et l\u2019ordinateur, le mobile, la tablette d\u2019un utilisateur se connectant \u00e0 Internet.<\/p>\n<p class=\"title\">Ce site web utilise des cookies pour am\u00e9liorer votre exp\u00e9rience de navigation. Ils sont n\u00e9cessaires pour garantir une navigation correcte sur le site.<\/p>\n<div id=\"single-content\" class=\"nine columns alpha keeper-0\">\n<p>En utilisant ou acc\u00e9dant aux sites web de Cabasse, vous consentez \u00e0 ce que Cabasse utilise les cookies tels qu\u2019ils sont d\u00e9taill\u00e9s ci-dessous.<\/p>\n<p>&nbsp;<\/p>\n<table class=\"cookielawinfo-classic\">\n<thead>\n<tr>\n<th class=\"cookielawinfo-column-1\">Cookie<\/th>\n<th class=\"cookielawinfo-column-2\">Description<\/th>\n<\/tr>\n<\/thead>\n<tbody>\n<tr class=\"cookielawinfo-row\">\n<td class=\"cookielawinfo-column-1\">Cookie Footer Fr<\/td>\n<td class=\"cookielawinfo-column-2\">Dans le pied de chaque page de ce site, vous pourrez voir un message vous informant de la politique de confidentialit\u00e9 et de gestion des cookies du site. Si vous avez d\u00e9j\u00e0 vu ce message une fois, il est probable que vous ne le voyiez plus. Un cookie est utilis\u00e9 pour sauvegarder cette option. L\u2019ensemble de ces donn\u00e9es est stock\u00e9e de fa\u00e7on anonyme.<\/td>\n<\/tr>\n<tr class=\"cookielawinfo-row\">\n<td class=\"cookielawinfo-column-1\">Google Analytics FR<\/td>\n<td class=\"cookielawinfo-column-2\">Pour comprendre comment les utilisateurs parcourent notre site et pour d\u00e9couvrir d\u2019\u00e9ventuels probl\u00e9mes, nous utilisons Google Analytics. De nombreux site webs utilisent ce genre de services. Les donn\u00e9es qui sont ainsi collect\u00e9es nous permettent de savoir par exemple combien d\u2019utilisateurs ont visit\u00e9 notre site, de quel pays, combien de pages ont \u00e9t\u00e9 visit\u00e9es, \u00e0 quelle vitesse notre site r\u00e9agit, etc. Toutes les donn\u00e9es collect\u00e9es le sont de fa\u00e7on anonyme, elles ne permettent en aucun cas d\u2019identifier un utilisateur.<\/td>\n<\/tr>\n<tr class=\"cookielawinfo-row\">\n<td class=\"cookielawinfo-column-1\">WordPress fr<\/td>\n<td class=\"cookielawinfo-column-2\">WordPress est un site de gestion de contenu qui est utilis\u00e9 par ce site web. WordPress utilise un \u00a0cookie quand un utilisateur s\u2019identifie. Ce cookie est n\u00e9cessaire au bon fonctionnement de ce site. Ce cookie n\u2019est utilis\u00e9 que pour les utilisateurs qui doivent s\u2019identifier, ce qui n\u2019est pas le cas de la plupart des utilisateurs. Les donn\u00e9es associ\u00e9es \u00e0 chaque utilisateur sont anonymes.<\/td>\n<\/tr>\n<\/tbody>\n<\/table>\n<p>&nbsp;<\/p>\n<p>Cabasse\u00a0s\u2019engage \u00e0 ne pas associer d\u2019informations \u2013 du type adresse, date de naissance, num\u00e9ro de t\u00e9l\u00e9phone ou tout autre type d\u2019information permettant de vous identifier personnellement \u2013 \u00e0 vos cookies.<\/p>\n<p>&nbsp;<\/p>\n<p>Cabasse ne fournit aucune information personnelle aux annonceurs ni aux sites tiers qui affichent des annonces bas\u00e9es sur vos centres d\u2019int\u00e9r\u00eat.<\/p>\n<\/div>\n<p>[\/et_pb_text][\/et_pb_column][\/et_pb_row][\/et_pb_section]<\/p>\n","protected":false},"excerpt":{"rendered":"<p>Politique de gestion des CookiesLes cookies sont des petits blocs d\u2019informations, \u00e9chang\u00e9s entre le serveur d\u2019un site web et l\u2019ordinateur, le mobile, la tablette d\u2019un utilisateur se connectant \u00e0 Internet. Ce site web utilise des cookies pour am\u00e9liorer votre exp\u00e9rience de navigation. Ils sont n\u00e9cessaires pour garantir une navigation correcte sur le site. En utilisant [&hellip;]<\/p>\n","protected":false},"author":20,"featured_media":0,"parent":0,"menu_order":0,"comment_status":"closed","ping_status":"closed","template":"","meta":{"_et_pb_use_builder":"on","_et_pb_old_content":"<!-- wp:heading -->\n<h2>Qui sommes-nous&nbsp;?<\/h2>\n<!-- \/wp:heading -->\n\n<!-- wp:paragraph -->\n<p>L\u2019adresse de notre site Web est&nbsp;: http:\/\/beta.cabasse.com.<\/p>\n<!-- \/wp:paragraph -->\n\n<!-- wp:heading -->\n<h2>Utilisation des donn\u00e9es personnelles collect\u00e9es<\/h2>\n<!-- \/wp:heading -->\n\n<!-- wp:heading {\"level\":3} -->\n<h3>Commentaires<\/h3>\n<!-- \/wp:heading -->\n\n<!-- wp:paragraph -->\n<p>Quand vous laissez un commentaire sur notre site web, les donn\u00e9es inscrites dans le formulaire de commentaire, mais aussi votre adresse IP et l\u2019agent utilisateur de votre navigateur sont collect\u00e9s pour nous aider \u00e0 la d\u00e9tection des commentaires ind\u00e9sirables.<\/p>\n<!-- \/wp:paragraph -->\n\n<!-- wp:paragraph -->\n<p>Une cha\u00eene anonymis\u00e9e cr\u00e9\u00e9e \u00e0 partir de votre adresse de messagerie (\u00e9galement appel\u00e9e hash) peut \u00eatre envoy\u00e9e au service Gravatar pour v\u00e9rifier si vous utilisez ce dernier. Les clauses de confidentialit\u00e9 du service Gravatar sont disponibles ici&nbsp;: https:\/\/automattic.com\/privacy\/. Apr\u00e8s validation de votre commentaire, votre photo de profil sera visible publiquement \u00e0 cot\u00e9 de votre commentaire.<\/p>\n<!-- \/wp:paragraph -->\n\n<!-- wp:heading {\"level\":3} -->\n<h3>M\u00e9dias<\/h3>\n<!-- \/wp:heading -->\n\n<!-- wp:paragraph -->\n<p>Si vous \u00eates un utilisateur ou une utilisatrice enregistr\u00e9\u00b7e et que vous t\u00e9l\u00e9versez des images sur le site web, nous vous conseillons d\u2019\u00e9viter de t\u00e9l\u00e9verser des images contenant des donn\u00e9es EXIF de coordonn\u00e9es GPS. Les visiteurs de votre site web peuvent t\u00e9l\u00e9charger et extraire des donn\u00e9es de localisation depuis ces images.<\/p>\n<!-- \/wp:paragraph -->\n\n<!-- wp:heading {\"level\":3} -->\n<h3>Formulaires de contact<\/h3>\n<!-- \/wp:heading -->\n\n<!-- wp:heading {\"level\":3} -->\n<h3>Cookies<\/h3>\n<!-- \/wp:heading -->\n\n<!-- wp:paragraph -->\n<p>Si vous d\u00e9posez un commentaire sur notre site, il vous sera propos\u00e9 d\u2019enregistrer votre nom, adresse de messagerie et site web dans des cookies. C\u2019est uniquement pour votre confort afin de ne pas avoir \u00e0 saisir ces informations si vous d\u00e9posez un autre commentaire plus tard. Ces cookies expirent au bout d\u2019un an.<\/p>\n<!-- \/wp:paragraph -->\n\n<!-- wp:paragraph -->\n<p>Si vous vous rendez sur la page de connexion, un cookie temporaire sera cr\u00e9\u00e9 afin de d\u00e9terminer si votre navigateur accepte les cookies. Il ne contient pas de donn\u00e9es personnelles et sera supprim\u00e9 automatiquement \u00e0 la fermeture de votre navigateur.<\/p>\n<!-- \/wp:paragraph -->\n\n<!-- wp:paragraph -->\n<p>Lorsque vous vous connecterez, nous mettrons en place un certain nombre de cookies pour enregistrer vos informations de connexion et vos pr\u00e9f\u00e9rences d\u2019\u00e9cran. La dur\u00e9e de vie d\u2019un cookie de connexion est de deux jours, celle d\u2019un cookie d\u2019option d\u2019\u00e9cran est d\u2019un an. Si vous cochez \u00ab&nbsp;Se souvenir de moi&nbsp;\u00bb, votre cookie de connexion sera conserv\u00e9 pendant deux semaines. Si vous vous d\u00e9connectez de votre compte, le cookie de connexion sera effac\u00e9.<\/p>\n<!-- \/wp:paragraph -->\n\n<!-- wp:paragraph -->\n<p>En modifiant ou en publiant une publication, un cookie suppl\u00e9mentaire sera enregistr\u00e9 dans votre navigateur. Ce cookie ne comprend aucune donn\u00e9e personnelle. Il indique simplement l\u2019ID de la publication que vous venez de modifier. Il expire au bout d\u2019un jour.<\/p>\n<!-- \/wp:paragraph -->\n\n<!-- wp:heading {\"level\":3} -->\n<h3>Contenu embarqu\u00e9 depuis d\u2019autres sites<\/h3>\n<!-- \/wp:heading -->\n\n<!-- wp:paragraph -->\n<p>Les articles de ce site peuvent inclure des contenus int\u00e9gr\u00e9s (par exemple des vid\u00e9os, images, articles\u2026). Le contenu int\u00e9gr\u00e9 depuis d\u2019autres sites se comporte de la m\u00eame mani\u00e8re que si le visiteur se rendait sur cet autre site.<\/p>\n<!-- \/wp:paragraph -->\n\n<!-- wp:paragraph -->\n<p>Ces sites web pourraient collecter des donn\u00e9es sur vous, utiliser des cookies, embarquer des outils de suivis tiers, suivre vos interactions avec ces contenus embarqu\u00e9s si vous disposez d\u2019un compte connect\u00e9 sur leur site web.<\/p>\n<!-- \/wp:paragraph -->\n\n<!-- wp:heading {\"level\":3} -->\n<h3>Statistiques et mesures d\u2019audience<\/h3>\n<!-- \/wp:heading -->\n\n<!-- wp:heading -->\n<h2>Utilisation et transmission de vos donn\u00e9es personnelles<\/h2>\n<!-- \/wp:heading -->\n\n<!-- wp:heading -->\n<h2>Dur\u00e9es de stockage de vos donn\u00e9es<\/h2>\n<!-- \/wp:heading -->\n\n<!-- wp:paragraph -->\n<p>Si vous laissez un commentaire, le commentaire et ses m\u00e9tadonn\u00e9es sont conserv\u00e9s ind\u00e9finiment. Cela permet de reconna\u00eetre et approuver automatiquement les commentaires suivants au lieu de les laisser dans la file de mod\u00e9ration.<\/p>\n<!-- \/wp:paragraph -->\n\n<!-- wp:paragraph -->\n<p>Pour les utilisateurs et utilisatrices qui s\u2019enregistrent sur notre site (si cela est possible), nous stockons \u00e9galement les donn\u00e9es personnelles indiqu\u00e9es dans leur profil. Tous les utilisateurs et utilisatrices peuvent voir, modifier ou supprimer leurs informations personnelles \u00e0 tout moment (\u00e0 l\u2019exception de leur nom d\u2019utilisateur\u00b7ice). Les gestionnaires du site peuvent aussi voir et modifier ces informations.<\/p>\n<!-- \/wp:paragraph -->\n\n<!-- wp:heading -->\n<h2>Les droits que vous avez sur vos donn\u00e9es<\/h2>\n<!-- \/wp:heading -->\n\n<!-- wp:paragraph -->\n<p>Si vous avez un compte ou si vous avez laiss\u00e9 des commentaires sur le site, vous pouvez demander \u00e0 recevoir un fichier contenant toutes les donn\u00e9es personnelles que nous poss\u00e9dons \u00e0 votre sujet, incluant celles que vous nous avez fournies. Vous pouvez \u00e9galement demander la suppression des donn\u00e9es personnelles vous concernant. Cela ne prend pas en compte les donn\u00e9es stock\u00e9es \u00e0 des fins administratives, l\u00e9gales ou pour des raisons de s\u00e9curit\u00e9.<\/p>\n<!-- \/wp:paragraph -->\n\n<!-- wp:heading -->\n<h2>Transmission de vos donn\u00e9es personnelles<\/h2>\n<!-- \/wp:heading -->\n\n<!-- wp:paragraph -->\n<p>Les commentaires des visiteurs peuvent \u00eatre v\u00e9rifi\u00e9s \u00e0 l\u2019aide d\u2019un service automatis\u00e9 de d\u00e9tection des commentaires ind\u00e9sirables.<\/p>\n<!-- \/wp:paragraph -->\n\n<!-- wp:heading -->\n<h2>Informations de contact<\/h2>\n<!-- \/wp:heading -->\n\n<!-- wp:heading -->\n<h2>Informations suppl\u00e9mentaires<\/h2>\n<!-- \/wp:heading -->\n\n<!-- wp:heading {\"level\":3} -->\n<h3>Comment nous prot\u00e9geons vos donn\u00e9es<\/h3>\n<!-- \/wp:heading -->\n\n<!-- wp:heading {\"level\":3} -->\n<h3>Proc\u00e9dures mises en \u0153uvre en cas de fuite de donn\u00e9es<\/h3>\n<!-- \/wp:heading -->\n\n<!-- wp:heading {\"level\":3} -->\n<h3>Les services tiers qui nous transmettent des donn\u00e9es<\/h3>\n<!-- \/wp:heading -->\n\n<!-- wp:heading {\"level\":3} -->\n<h3>Op\u00e9rations de marketing automatis\u00e9 et\/ou de profilage r\u00e9alis\u00e9es \u00e0 l\u2019aide des donn\u00e9es personnelles<\/h3>\n<!-- \/wp:heading -->\n\n<!-- wp:heading {\"level\":3} -->\n<h3>Affichage des informations li\u00e9es aux secteurs soumis \u00e0 des r\u00e9gulations sp\u00e9cifiques<\/h3>\n<!-- \/wp:heading -->","_et_gb_content_width":"","footnotes":""},"class_list":["post-7586","page","type-page","status-publish","hentry"],"yoast_head":"<!-- This site is optimized with the Yoast SEO plugin v27.3 - https:\/\/yoast.com\/product\/yoast-seo-wordpress\/ -->\n<title>Politique de gestion des Cookies - Cabasse<\/title>\n<meta name=\"robots\" content=\"index, follow, max-snippet:-1, max-image-preview:large, max-video-preview:-1\" \/>\n<link rel=\"canonical\" href=\"https:\/\/www.cabasse.com\/fr\/politique-de-gestion-des-cookies\/\" \/>\n<meta property=\"og:locale\" content=\"fr_FR\" \/>\n<meta property=\"og:type\" content=\"article\" \/>\n<meta property=\"og:title\" content=\"Politique de gestion des Cookies - Cabasse\" \/>\n<meta property=\"og:description\" content=\"Politique de gestion des CookiesLes cookies sont des petits blocs d\u2019informations, \u00e9chang\u00e9s entre le serveur d\u2019un site web et l\u2019ordinateur, le mobile, la tablette d\u2019un utilisateur se connectant \u00e0 Internet. Ce site web utilise des cookies pour am\u00e9liorer votre exp\u00e9rience de navigation. Ils sont n\u00e9cessaires pour garantir une navigation correcte sur le site. En utilisant [&hellip;]\" \/>\n<meta property=\"og:url\" content=\"https:\/\/www.cabasse.com\/fr\/politique-de-gestion-des-cookies\/\" \/>\n<meta property=\"og:site_name\" content=\"Cabasse\" \/>\n<meta property=\"article:publisher\" content=\"https:\/\/www.facebook.com\/cabasseofficiel\" \/>\n<meta property=\"article:modified_time\" content=\"2021-10-28T09:09:17+00:00\" \/>\n<meta property=\"og:image\" content=\"https:\/\/www.cabasse.com\/wp-content\/uploads\/2021\/04\/Pack_lifestyle2_SANTORIN25_iO3_optimise.jpg\" \/>\n\t<meta property=\"og:image:width\" content=\"1063\" \/>\n\t<meta property=\"og:image:height\" content=\"709\" \/>\n\t<meta property=\"og:image:type\" content=\"image\/jpeg\" \/>\n<meta name=\"twitter:card\" content=\"summary_large_image\" \/>\n<meta name=\"twitter:site\" content=\"@CabasseFR\" \/>\n<meta name=\"twitter:label1\" content=\"Dur\u00e9e de lecture estim\u00e9e\" \/>\n\t<meta name=\"twitter:data1\" content=\"3 minutes\" \/>\n<script type=\"application\/ld+json\" class=\"yoast-schema-graph\">{\"@context\":\"https:\\\/\\\/schema.org\",\"@graph\":[{\"@type\":\"WebPage\",\"@id\":\"https:\\\/\\\/www.cabasse.com\\\/fr\\\/politique-de-gestion-des-cookies\\\/\",\"url\":\"https:\\\/\\\/www.cabasse.com\\\/fr\\\/politique-de-gestion-des-cookies\\\/\",\"name\":\"Politique de gestion des Cookies - Cabasse\",\"isPartOf\":{\"@id\":\"https:\\\/\\\/www.cabasse.com\\\/#website\"},\"datePublished\":\"2020-09-17T15:55:54+00:00\",\"dateModified\":\"2021-10-28T09:09:17+00:00\",\"breadcrumb\":{\"@id\":\"https:\\\/\\\/www.cabasse.com\\\/fr\\\/politique-de-gestion-des-cookies\\\/#breadcrumb\"},\"inLanguage\":\"fr-FR\",\"potentialAction\":[{\"@type\":\"ReadAction\",\"target\":[\"https:\\\/\\\/www.cabasse.com\\\/fr\\\/politique-de-gestion-des-cookies\\\/\"]}]},{\"@type\":\"BreadcrumbList\",\"@id\":\"https:\\\/\\\/www.cabasse.com\\\/fr\\\/politique-de-gestion-des-cookies\\\/#breadcrumb\",\"itemListElement\":[{\"@type\":\"ListItem\",\"position\":1,\"name\":\"Accueil\",\"item\":\"https:\\\/\\\/www.cabasse.com\\\/\"},{\"@type\":\"ListItem\",\"position\":2,\"name\":\"Politique de gestion des Cookies\"}]},{\"@type\":\"WebSite\",\"@id\":\"https:\\\/\\\/www.cabasse.com\\\/#website\",\"url\":\"https:\\\/\\\/www.cabasse.com\\\/\",\"name\":\"Cabasse\",\"description\":\"Cabasse - Acoustic Emotions\",\"publisher\":{\"@id\":\"https:\\\/\\\/www.cabasse.com\\\/#organization\"},\"potentialAction\":[{\"@type\":\"SearchAction\",\"target\":{\"@type\":\"EntryPoint\",\"urlTemplate\":\"https:\\\/\\\/www.cabasse.com\\\/?s={search_term_string}\"},\"query-input\":{\"@type\":\"PropertyValueSpecification\",\"valueRequired\":true,\"valueName\":\"search_term_string\"}}],\"inLanguage\":\"fr-FR\"},{\"@type\":\"Organization\",\"@id\":\"https:\\\/\\\/www.cabasse.com\\\/#organization\",\"name\":\"Cabasse\",\"url\":\"https:\\\/\\\/www.cabasse.com\\\/\",\"logo\":{\"@type\":\"ImageObject\",\"inLanguage\":\"fr-FR\",\"@id\":\"https:\\\/\\\/www.cabasse.com\\\/#\\\/schema\\\/logo\\\/image\\\/\",\"url\":\"https:\\\/\\\/www.cabasse.com\\\/wp-content\\\/uploads\\\/2020\\\/04\\\/cropped-cabasse-logo-192x192-1.png\",\"contentUrl\":\"https:\\\/\\\/www.cabasse.com\\\/wp-content\\\/uploads\\\/2020\\\/04\\\/cropped-cabasse-logo-192x192-1.png\",\"width\":192,\"height\":192,\"caption\":\"Cabasse\"},\"image\":{\"@id\":\"https:\\\/\\\/www.cabasse.com\\\/#\\\/schema\\\/logo\\\/image\\\/\"},\"sameAs\":[\"https:\\\/\\\/www.facebook.com\\\/cabasseofficiel\",\"https:\\\/\\\/x.com\\\/CabasseFR\",\"https:\\\/\\\/www.instagram.com\\\/cabasseacoustic\\\/\",\"https:\\\/\\\/www.youtube.com\\\/channel\\\/UCayQjMTjB3WsOZWDcsGVPAQ\"]}]}<\/script>\n<!-- \/ Yoast SEO plugin. -->","yoast_head_json":{"title":"Politique de gestion des Cookies - Cabasse","robots":{"index":"index","follow":"follow","max-snippet":"max-snippet:-1","max-image-preview":"max-image-preview:large","max-video-preview":"max-video-preview:-1"},"canonical":"https:\/\/www.cabasse.com\/fr\/politique-de-gestion-des-cookies\/","og_locale":"fr_FR","og_type":"article","og_title":"Politique de gestion des Cookies - Cabasse","og_description":"Politique de gestion des CookiesLes cookies sont des petits blocs d\u2019informations, \u00e9chang\u00e9s entre le serveur d\u2019un site web et l\u2019ordinateur, le mobile, la tablette d\u2019un utilisateur se connectant \u00e0 Internet. Ce site web utilise des cookies pour am\u00e9liorer votre exp\u00e9rience de navigation. Ils sont n\u00e9cessaires pour garantir une navigation correcte sur le site. En utilisant [&hellip;]","og_url":"https:\/\/www.cabasse.com\/fr\/politique-de-gestion-des-cookies\/","og_site_name":"Cabasse","article_publisher":"https:\/\/www.facebook.com\/cabasseofficiel","article_modified_time":"2021-10-28T09:09:17+00:00","og_image":[{"width":1063,"height":709,"url":"https:\/\/www.cabasse.com\/wp-content\/uploads\/2021\/04\/Pack_lifestyle2_SANTORIN25_iO3_optimise.jpg","type":"image\/jpeg"}],"twitter_card":"summary_large_image","twitter_site":"@CabasseFR","twitter_misc":{"Dur\u00e9e de lecture estim\u00e9e":"3 minutes"},"schema":{"@context":"https:\/\/schema.org","@graph":[{"@type":"WebPage","@id":"https:\/\/www.cabasse.com\/fr\/politique-de-gestion-des-cookies\/","url":"https:\/\/www.cabasse.com\/fr\/politique-de-gestion-des-cookies\/","name":"Politique de gestion des Cookies - Cabasse","isPartOf":{"@id":"https:\/\/www.cabasse.com\/#website"},"datePublished":"2020-09-17T15:55:54+00:00","dateModified":"2021-10-28T09:09:17+00:00","breadcrumb":{"@id":"https:\/\/www.cabasse.com\/fr\/politique-de-gestion-des-cookies\/#breadcrumb"},"inLanguage":"fr-FR","potentialAction":[{"@type":"ReadAction","target":["https:\/\/www.cabasse.com\/fr\/politique-de-gestion-des-cookies\/"]}]},{"@type":"BreadcrumbList","@id":"https:\/\/www.cabasse.com\/fr\/politique-de-gestion-des-cookies\/#breadcrumb","itemListElement":[{"@type":"ListItem","position":1,"name":"Accueil","item":"https:\/\/www.cabasse.com\/"},{"@type":"ListItem","position":2,"name":"Politique de gestion des Cookies"}]},{"@type":"WebSite","@id":"https:\/\/www.cabasse.com\/#website","url":"https:\/\/www.cabasse.com\/","name":"Cabasse","description":"Cabasse - Acoustic Emotions","publisher":{"@id":"https:\/\/www.cabasse.com\/#organization"},"potentialAction":[{"@type":"SearchAction","target":{"@type":"EntryPoint","urlTemplate":"https:\/\/www.cabasse.com\/?s={search_term_string}"},"query-input":{"@type":"PropertyValueSpecification","valueRequired":true,"valueName":"search_term_string"}}],"inLanguage":"fr-FR"},{"@type":"Organization","@id":"https:\/\/www.cabasse.com\/#organization","name":"Cabasse","url":"https:\/\/www.cabasse.com\/","logo":{"@type":"ImageObject","inLanguage":"fr-FR","@id":"https:\/\/www.cabasse.com\/#\/schema\/logo\/image\/","url":"https:\/\/www.cabasse.com\/wp-content\/uploads\/2020\/04\/cropped-cabasse-logo-192x192-1.png","contentUrl":"https:\/\/www.cabasse.com\/wp-content\/uploads\/2020\/04\/cropped-cabasse-logo-192x192-1.png","width":192,"height":192,"caption":"Cabasse"},"image":{"@id":"https:\/\/www.cabasse.com\/#\/schema\/logo\/image\/"},"sameAs":["https:\/\/www.facebook.com\/cabasseofficiel","https:\/\/x.com\/CabasseFR","https:\/\/www.instagram.com\/cabasseacoustic\/","https:\/\/www.youtube.com\/channel\/UCayQjMTjB3WsOZWDcsGVPAQ"]}]}},"_links":{"self":[{"href":"https:\/\/www.cabasse.com\/fr\/wp-json\/wp\/v2\/pages\/7586","targetHints":{"allow":["GET"]}}],"collection":[{"href":"https:\/\/www.cabasse.com\/fr\/wp-json\/wp\/v2\/pages"}],"about":[{"href":"https:\/\/www.cabasse.com\/fr\/wp-json\/wp\/v2\/types\/page"}],"author":[{"embeddable":true,"href":"https:\/\/www.cabasse.com\/fr\/wp-json\/wp\/v2\/users\/20"}],"replies":[{"embeddable":true,"href":"https:\/\/www.cabasse.com\/fr\/wp-json\/wp\/v2\/comments?post=7586"}],"version-history":[{"count":0,"href":"https:\/\/www.cabasse.com\/fr\/wp-json\/wp\/v2\/pages\/7586\/revisions"}],"wp:attachment":[{"href":"https:\/\/www.cabasse.com\/fr\/wp-json\/wp\/v2\/media?parent=7586"}],"curies":[{"name":"wp","href":"https:\/\/api.w.org\/{rel}","templated":true}]}}