
  {"id":8373,"date":"2020-09-25T12:28:19","date_gmt":"2020-09-25T10:28:19","guid":{"rendered":"https:\/\/cabasse.com\/?page_id=8373\/"},"modified":"2020-12-03T11:05:57","modified_gmt":"2020-12-03T10:05:57","slug":"sans-fil-2","status":"publish","type":"page","link":"https:\/\/www.cabasse.com\/fr\/sans-fil-2\/","title":{"rendered":"Sans-fil"},"content":{"rendered":"<p>[et_pb_section fb_built=\u00a0\u00bb1&Prime; _builder_version=\u00a0\u00bb4.4.1&Prime; background_image=\u00a0\u00bbhttps:\/\/cabasse.com\/wp-content\/uploads\/2020\/05\/DSC_8057-scaled.jpg\u00a0\u00bb height=\u00a0\u00bb500px\u00a0\u00bb][\/et_pb_section][et_pb_section fb_built=\u00a0\u00bb1&Prime; _builder_version=\u00a0\u00bb4.4.1&Prime; custom_padding=\u00a0\u00bb40px||40px||true|\u00a0\u00bb][et_pb_row _builder_version=\u00a0\u00bb4.4.1&Prime; custom_padding=\u00a0\u00bb0px||45px|||\u00a0\u00bb][et_pb_column type=\u00a0\u00bb4_4&Prime; _builder_version=\u00a0\u00bb4.4.1&Prime;][et_pb_text _builder_version=\u00a0\u00bb4.4.1&Prime; header_font=\u00a0\u00bb|300||on|||||\u00a0\u00bb hover_enabled=\u00a0\u00bb0&Prime; width=\u00a0\u00bb75%\u00a0\u00bb module_alignment=\u00a0\u00bbcenter\u00a0\u00bb]<\/p>\n<h1 style=\"text-align: center;\">Enceintes Sans Fil &amp; Cabasse Streaming<\/h1>\n<p>&nbsp;<\/p>\n<p style=\"text-align: justify;\">En 2001, la premi\u00e8re plateforme d\u2019achat de musique en ligne est lanc\u00e9e. D\u00e8s lors, la d\u00e9mat\u00e9rialisation des sources sonores se multiplie gr\u00e2ce \u00e0 Deezer, Spotify\u2026 La plupart des musiques \u00e9cout\u00e9es le sont d\u00e9sormais \u00e0 partir d\u2019une biblioth\u00e8que personnelle stock\u00e9e sur son PC ou de sites d\u2019\u00e9coute en ligne. La marque \u00e0 la Lissajous comprend rapidement qu\u2019il est d\u00e9sormais n\u00e9cessaire d\u2019offrir un son haute-fid\u00e9lit\u00e9 \u00e0 tous les supports musicaux. Cabasse Group (ex AwoX), leader mondial de la connectivit\u00e9, pionnier de la technologie DLNA et des logiciels associ\u00e9s, collabore rapidement avec Cabasse en recherche et d\u00e9veloppement pour lier son savoir-faire r\u00e9seau \u00e0 la technique \u00e9lectronique et acoustique audio de Cabasse. L\u2019acquisition de Cabasse par AwoX en 2014 n\u2019est donc que l\u2019\u00e9volution naturelle de leur \u00e9troite collaboration pour la cr\u00e9ation du streaming haute-fid\u00e9lit\u00e9.<\/p>\n<p style=\"text-align: justify;\">Toute la qualit\u00e9 du son traditionnel Cabasse s\u2019unit d\u00e9sormais au monde du streaming. Cette prouesse technique offre \u00e0 la musique d\u00e9mat\u00e9rialis\u00e9e la qualit\u00e9 des enceintes Haute-Fid\u00e9lit\u00e9 de la marque. Un syst\u00e8me multi room complet et performant se d\u00e9cline autour de la gamme Stream. Les technologies embl\u00e9matiques de la marque y sont pr\u00e9sentes : haut-parleur 3 voies coaxial, son \u00e0 360\u00b0, satellite sph\u00e9rique, connexion sans fil et contr\u00f4le simplifi\u00e9 via l\u2019application. Le design \u00e9pur\u00e9 des produits de Streaming Cabasse affirme leur volont\u00e9 de s\u2019int\u00e9grer avec \u00e9l\u00e9gance dans les int\u00e9rieurs modernes sans compromis sur la qualit\u00e9 de l\u2019\u00e9coute. Cette technologie ouverte aux \u00e9volutions haute r\u00e9solution et aux services musicaux pr\u00e9sents et \u00e0 venir, offre une nouvelle exp\u00e9rience du home cin\u00e9ma et de l\u2019univers musical.<\/p>\n<p>[\/et_pb_text][\/et_pb_column][\/et_pb_row][\/et_pb_section][et_pb_section fb_built=\u00a0\u00bb1&Prime; _builder_version=\u00a0\u00bb4.4.1&Prime; custom_padding=\u00a0\u00bb50px||50px||true|\u00a0\u00bb][et_pb_row _builder_version=\u00a0\u00bb4.4.1&Prime; min_height=\u00a0\u00bb79px\u00a0\u00bb custom_padding=\u00a0\u00bb0px|||||\u00a0\u00bb][et_pb_column type=\u00a0\u00bb4_4&Prime; _builder_version=\u00a0\u00bb4.4.1&Prime;][et_pb_text _builder_version=\u00a0\u00bb4.4.1&Prime; text_font=\u00a0\u00bbRoboto|100||on|||||\u00a0\u00bb text_font_size=\u00a0\u00bb28px\u00a0\u00bb header_2_font=\u00a0\u00bb|300||on|||||\u00a0\u00bb header_2_font_size=\u00a0\u00bb30px\u00a0\u00bb]<\/p>\n<h2 style=\"text-align: center;\">DECOUVREZ NOS\u00a0 ENCEINTES SANS FIL<\/h2>\n<p>[\/et_pb_text][\/et_pb_column][\/et_pb_row][et_pb_row column_structure=\u00a0\u00bb1_2,1_2&Prime; _builder_version=\u00a0\u00bb4.4.1&Prime;][et_pb_column type=\u00a0\u00bb1_2&Prime; _builder_version=\u00a0\u00bb4.4.1&Prime;][et_pb_blurb url=\u00a0\u00bbhttps:\/\/cabasse.com\/the-swell\/\u00a0\u00bb image=\u00a0\u00bbhttps:\/\/cabasse.com\/wp-content\/uploads\/2020\/09\/swell.jpg\u00a0\u00bb _builder_version=\u00a0\u00bb4.4.1&Prime; width_tablet=\u00a0\u00bb\u00a0\u00bb width_phone=\u00a0\u00bb\u00a0\u00bb width_last_edited=\u00a0\u00bbon|desktop\u00a0\u00bb border_width_all=\u00a0\u00bb1px\u00a0\u00bb border_color_all=\u00a0\u00bb#e2e2e2&Prime; box_shadow_style=\u00a0\u00bbpreset1&Prime; box_shadow_vertical=\u00a0\u00bb0px\u00a0\u00bb box_shadow_spread=\u00a0\u00bb-4px\u00a0\u00bb]<\/p>\n<p style=\"text-align: center;\"><strong>THE SWELL<\/strong><\/p>\n<p style=\"text-align: center;\"><span>55 &#8211; 22 kHz<\/span><\/p>\n<p style=\"text-align: center;\">60\u00a0 W<\/p>\n<p>[\/et_pb_blurb][\/et_pb_column][et_pb_column type=\u00a0\u00bb1_2&Prime; _builder_version=\u00a0\u00bb4.4.1&Prime;][et_pb_blurb url=\u00a0\u00bbhttps:\/\/cabasse.com\/stream-1\/\u00a0\u00bb image=\u00a0\u00bbhttps:\/\/cabasse.com\/wp-content\/uploads\/2020\/09\/stream1-BT.jpg\u00a0\u00bb _builder_version=\u00a0\u00bb4.4.1&Prime; width_tablet=\u00a0\u00bb\u00a0\u00bb width_phone=\u00a0\u00bb\u00a0\u00bb width_last_edited=\u00a0\u00bbon|desktop\u00a0\u00bb border_width_all=\u00a0\u00bb1px\u00a0\u00bb border_color_all=\u00a0\u00bb#e2e2e2&Prime; box_shadow_style=\u00a0\u00bbpreset1&Prime; box_shadow_vertical=\u00a0\u00bb0px\u00a0\u00bb box_shadow_spread=\u00a0\u00bb-4px\u00a0\u00bb]<\/p>\n<p style=\"text-align: center;\"><strong>STREAM 1 BLUETOOTH<\/strong><\/p>\n<p style=\"text-align: center;\">2 voies<\/p>\n<p style=\"text-align: center;\">20-20 000 Hz<\/p>\n<p>[\/et_pb_blurb][\/et_pb_column][\/et_pb_row][\/et_pb_section]<\/p>\n","protected":false},"excerpt":{"rendered":"<p>Enceintes Sans Fil &amp; Cabasse Streaming &nbsp; En 2001, la premi\u00e8re plateforme d\u2019achat de musique en ligne est lanc\u00e9e. D\u00e8s lors, la d\u00e9mat\u00e9rialisation des sources sonores se multiplie gr\u00e2ce \u00e0 Deezer, Spotify\u2026 La plupart des musiques \u00e9cout\u00e9es le sont d\u00e9sormais \u00e0 partir d\u2019une biblioth\u00e8que personnelle stock\u00e9e sur son PC ou de sites d\u2019\u00e9coute en ligne. [&hellip;]<\/p>\n","protected":false},"author":20,"featured_media":0,"parent":0,"menu_order":0,"comment_status":"closed","ping_status":"closed","template":"","meta":{"_et_pb_use_builder":"on","_et_pb_old_content":"","_et_gb_content_width":"1080","footnotes":""},"class_list":["post-8373","page","type-page","status-publish","hentry"],"yoast_head":"<!-- This site is optimized with the Yoast SEO plugin v27.4 - https:\/\/yoast.com\/product\/yoast-seo-wordpress\/ -->\n<title>Sans-fil - Cabasse<\/title>\n<meta name=\"robots\" content=\"index, follow, max-snippet:-1, max-image-preview:large, max-video-preview:-1\" \/>\n<link rel=\"canonical\" href=\"https:\/\/www.cabasse.com\/fr\/sans-fil-2\/\" \/>\n<meta property=\"og:locale\" content=\"fr_FR\" \/>\n<meta property=\"og:type\" content=\"article\" \/>\n<meta property=\"og:title\" content=\"Sans-fil - Cabasse\" \/>\n<meta property=\"og:description\" content=\"Enceintes Sans Fil &amp; Cabasse Streaming &nbsp; En 2001, la premi\u00e8re plateforme d\u2019achat de musique en ligne est lanc\u00e9e. D\u00e8s lors, la d\u00e9mat\u00e9rialisation des sources sonores se multiplie gr\u00e2ce \u00e0 Deezer, Spotify\u2026 La plupart des musiques \u00e9cout\u00e9es le sont d\u00e9sormais \u00e0 partir d\u2019une biblioth\u00e8que personnelle stock\u00e9e sur son PC ou de sites d\u2019\u00e9coute en ligne. [&hellip;]\" \/>\n<meta property=\"og:url\" content=\"https:\/\/www.cabasse.com\/fr\/sans-fil-2\/\" \/>\n<meta property=\"og:site_name\" content=\"Cabasse\" \/>\n<meta property=\"article:publisher\" content=\"https:\/\/www.facebook.com\/cabasseofficiel\" \/>\n<meta property=\"article:modified_time\" content=\"2020-12-03T10:05:57+00:00\" \/>\n<meta property=\"og:image\" content=\"https:\/\/www.cabasse.com\/wp-content\/uploads\/2021\/04\/Pack_lifestyle2_SANTORIN25_iO3_optimise.jpg\" \/>\n\t<meta property=\"og:image:width\" content=\"1063\" \/>\n\t<meta property=\"og:image:height\" content=\"709\" \/>\n\t<meta property=\"og:image:type\" content=\"image\/jpeg\" \/>\n<meta name=\"twitter:card\" content=\"summary_large_image\" \/>\n<meta name=\"twitter:site\" content=\"@CabasseFR\" \/>\n<meta name=\"twitter:label1\" content=\"Dur\u00e9e de lecture estim\u00e9e\" \/>\n\t<meta name=\"twitter:data1\" content=\"3 minutes\" \/>\n<script type=\"application\/ld+json\" class=\"yoast-schema-graph\">{\"@context\":\"https:\\\/\\\/schema.org\",\"@graph\":[{\"@type\":\"WebPage\",\"@id\":\"https:\\\/\\\/www.cabasse.com\\\/fr\\\/sans-fil-2\\\/\",\"url\":\"https:\\\/\\\/www.cabasse.com\\\/fr\\\/sans-fil-2\\\/\",\"name\":\"Sans-fil - Cabasse\",\"isPartOf\":{\"@id\":\"https:\\\/\\\/www.cabasse.com\\\/#website\"},\"datePublished\":\"2020-09-25T10:28:19+00:00\",\"dateModified\":\"2020-12-03T10:05:57+00:00\",\"breadcrumb\":{\"@id\":\"https:\\\/\\\/www.cabasse.com\\\/fr\\\/sans-fil-2\\\/#breadcrumb\"},\"inLanguage\":\"fr-FR\",\"potentialAction\":[{\"@type\":\"ReadAction\",\"target\":[\"https:\\\/\\\/www.cabasse.com\\\/fr\\\/sans-fil-2\\\/\"]}]},{\"@type\":\"BreadcrumbList\",\"@id\":\"https:\\\/\\\/www.cabasse.com\\\/fr\\\/sans-fil-2\\\/#breadcrumb\",\"itemListElement\":[{\"@type\":\"ListItem\",\"position\":1,\"name\":\"Accueil\",\"item\":\"https:\\\/\\\/www.cabasse.com\\\/\"},{\"@type\":\"ListItem\",\"position\":2,\"name\":\"Sans-fil\"}]},{\"@type\":\"WebSite\",\"@id\":\"https:\\\/\\\/www.cabasse.com\\\/#website\",\"url\":\"https:\\\/\\\/www.cabasse.com\\\/\",\"name\":\"Cabasse\",\"description\":\"Cabasse - Acoustic Emotions\",\"publisher\":{\"@id\":\"https:\\\/\\\/www.cabasse.com\\\/#organization\"},\"potentialAction\":[{\"@type\":\"SearchAction\",\"target\":{\"@type\":\"EntryPoint\",\"urlTemplate\":\"https:\\\/\\\/www.cabasse.com\\\/?s={search_term_string}\"},\"query-input\":{\"@type\":\"PropertyValueSpecification\",\"valueRequired\":true,\"valueName\":\"search_term_string\"}}],\"inLanguage\":\"fr-FR\"},{\"@type\":\"Organization\",\"@id\":\"https:\\\/\\\/www.cabasse.com\\\/#organization\",\"name\":\"Cabasse\",\"url\":\"https:\\\/\\\/www.cabasse.com\\\/\",\"logo\":{\"@type\":\"ImageObject\",\"inLanguage\":\"fr-FR\",\"@id\":\"https:\\\/\\\/www.cabasse.com\\\/#\\\/schema\\\/logo\\\/image\\\/\",\"url\":\"https:\\\/\\\/www.cabasse.com\\\/wp-content\\\/uploads\\\/2020\\\/04\\\/cropped-cabasse-logo-192x192-1.png\",\"contentUrl\":\"https:\\\/\\\/www.cabasse.com\\\/wp-content\\\/uploads\\\/2020\\\/04\\\/cropped-cabasse-logo-192x192-1.png\",\"width\":192,\"height\":192,\"caption\":\"Cabasse\"},\"image\":{\"@id\":\"https:\\\/\\\/www.cabasse.com\\\/#\\\/schema\\\/logo\\\/image\\\/\"},\"sameAs\":[\"https:\\\/\\\/www.facebook.com\\\/cabasseofficiel\",\"https:\\\/\\\/x.com\\\/CabasseFR\",\"https:\\\/\\\/www.instagram.com\\\/cabasseacoustic\\\/\",\"https:\\\/\\\/www.youtube.com\\\/channel\\\/UCayQjMTjB3WsOZWDcsGVPAQ\"]}]}<\/script>\n<!-- \/ Yoast SEO plugin. -->","yoast_head_json":{"title":"Sans-fil - Cabasse","robots":{"index":"index","follow":"follow","max-snippet":"max-snippet:-1","max-image-preview":"max-image-preview:large","max-video-preview":"max-video-preview:-1"},"canonical":"https:\/\/www.cabasse.com\/fr\/sans-fil-2\/","og_locale":"fr_FR","og_type":"article","og_title":"Sans-fil - Cabasse","og_description":"Enceintes Sans Fil &amp; Cabasse Streaming &nbsp; En 2001, la premi\u00e8re plateforme d\u2019achat de musique en ligne est lanc\u00e9e. D\u00e8s lors, la d\u00e9mat\u00e9rialisation des sources sonores se multiplie gr\u00e2ce \u00e0 Deezer, Spotify\u2026 La plupart des musiques \u00e9cout\u00e9es le sont d\u00e9sormais \u00e0 partir d\u2019une biblioth\u00e8que personnelle stock\u00e9e sur son PC ou de sites d\u2019\u00e9coute en ligne. [&hellip;]","og_url":"https:\/\/www.cabasse.com\/fr\/sans-fil-2\/","og_site_name":"Cabasse","article_publisher":"https:\/\/www.facebook.com\/cabasseofficiel","article_modified_time":"2020-12-03T10:05:57+00:00","og_image":[{"width":1063,"height":709,"url":"https:\/\/www.cabasse.com\/wp-content\/uploads\/2021\/04\/Pack_lifestyle2_SANTORIN25_iO3_optimise.jpg","type":"image\/jpeg"}],"twitter_card":"summary_large_image","twitter_site":"@CabasseFR","twitter_misc":{"Dur\u00e9e de lecture estim\u00e9e":"3 minutes"},"schema":{"@context":"https:\/\/schema.org","@graph":[{"@type":"WebPage","@id":"https:\/\/www.cabasse.com\/fr\/sans-fil-2\/","url":"https:\/\/www.cabasse.com\/fr\/sans-fil-2\/","name":"Sans-fil - Cabasse","isPartOf":{"@id":"https:\/\/www.cabasse.com\/#website"},"datePublished":"2020-09-25T10:28:19+00:00","dateModified":"2020-12-03T10:05:57+00:00","breadcrumb":{"@id":"https:\/\/www.cabasse.com\/fr\/sans-fil-2\/#breadcrumb"},"inLanguage":"fr-FR","potentialAction":[{"@type":"ReadAction","target":["https:\/\/www.cabasse.com\/fr\/sans-fil-2\/"]}]},{"@type":"BreadcrumbList","@id":"https:\/\/www.cabasse.com\/fr\/sans-fil-2\/#breadcrumb","itemListElement":[{"@type":"ListItem","position":1,"name":"Accueil","item":"https:\/\/www.cabasse.com\/"},{"@type":"ListItem","position":2,"name":"Sans-fil"}]},{"@type":"WebSite","@id":"https:\/\/www.cabasse.com\/#website","url":"https:\/\/www.cabasse.com\/","name":"Cabasse","description":"Cabasse - Acoustic Emotions","publisher":{"@id":"https:\/\/www.cabasse.com\/#organization"},"potentialAction":[{"@type":"SearchAction","target":{"@type":"EntryPoint","urlTemplate":"https:\/\/www.cabasse.com\/?s={search_term_string}"},"query-input":{"@type":"PropertyValueSpecification","valueRequired":true,"valueName":"search_term_string"}}],"inLanguage":"fr-FR"},{"@type":"Organization","@id":"https:\/\/www.cabasse.com\/#organization","name":"Cabasse","url":"https:\/\/www.cabasse.com\/","logo":{"@type":"ImageObject","inLanguage":"fr-FR","@id":"https:\/\/www.cabasse.com\/#\/schema\/logo\/image\/","url":"https:\/\/www.cabasse.com\/wp-content\/uploads\/2020\/04\/cropped-cabasse-logo-192x192-1.png","contentUrl":"https:\/\/www.cabasse.com\/wp-content\/uploads\/2020\/04\/cropped-cabasse-logo-192x192-1.png","width":192,"height":192,"caption":"Cabasse"},"image":{"@id":"https:\/\/www.cabasse.com\/#\/schema\/logo\/image\/"},"sameAs":["https:\/\/www.facebook.com\/cabasseofficiel","https:\/\/x.com\/CabasseFR","https:\/\/www.instagram.com\/cabasseacoustic\/","https:\/\/www.youtube.com\/channel\/UCayQjMTjB3WsOZWDcsGVPAQ"]}]}},"_links":{"self":[{"href":"https:\/\/www.cabasse.com\/fr\/wp-json\/wp\/v2\/pages\/8373","targetHints":{"allow":["GET"]}}],"collection":[{"href":"https:\/\/www.cabasse.com\/fr\/wp-json\/wp\/v2\/pages"}],"about":[{"href":"https:\/\/www.cabasse.com\/fr\/wp-json\/wp\/v2\/types\/page"}],"author":[{"embeddable":true,"href":"https:\/\/www.cabasse.com\/fr\/wp-json\/wp\/v2\/users\/20"}],"replies":[{"embeddable":true,"href":"https:\/\/www.cabasse.com\/fr\/wp-json\/wp\/v2\/comments?post=8373"}],"version-history":[{"count":0,"href":"https:\/\/www.cabasse.com\/fr\/wp-json\/wp\/v2\/pages\/8373\/revisions"}],"wp:attachment":[{"href":"https:\/\/www.cabasse.com\/fr\/wp-json\/wp\/v2\/media?parent=8373"}],"curies":[{"name":"wp","href":"https:\/\/api.w.org\/{rel}","templated":true}]}}